{"id":19145,"date":"2024-05-14T14:31:35","date_gmt":"2024-05-14T12:31:35","guid":{"rendered":"https:\/\/kuebler.werbe-sofa.de\/?page_id=19145"},"modified":"2025-11-14T16:12:13","modified_gmt":"2025-11-14T15:12:13","slug":"vilkar-for-brug","status":"publish","type":"page","link":"https:\/\/www.kuebler-hallenheizungen.de\/da\/nutzungsbedingungen\/","title":{"rendered":"Vilk\u00e5r for brug"},"content":{"rendered":"<h2>lodtr\u00e6kning<\/h2>\n<p>Lodtr\u00e6kningen starter den 14.11.2025 med offentligg\u00f8relsen af indl\u00e6gget og slutter den 17.11.2025 kl. 16:00, som ogs\u00e5 angivet i indl\u00e6gget. Kontant udbetaling eller overf\u00f8rsel til andre personer er ikke mulig. Lodtr\u00e6kningen har ingen forbindelse til Meta. Retssager er udelukket. Arrang\u00f8ren forbeholder sig ret til at \u00e6ndre deltagelsesbetingelserne til enhver tid eller afslutte eller afbryde konkurrencen til enhver tid af vigtige \u00e5rsager. S\u00e5danne tilf\u00e6lde foreligger f.eks., hvis den planlagte afvikling af konkurrencen forstyrres i v\u00e6sentlig grad. Hvis en s\u00e5dan afslutning skyldes en deltagers adf\u00e6rd, er arrang\u00f8ren berettiget til at kr\u00e6ve erstatning fra denne person.<\/p>\n<h2>Presseportal<\/h2>\n<p>Bem\u00e6rk venligst vilk\u00e5rene for brug: Alle billeder er tilg\u00e6ngelige for udgivere og journalister og m\u00e5 kun bruges af dem til redaktionelle form\u00e5l som en del af deres rapportering om K\u00dcBLER-gruppen og dens aktiviteter.<\/p>\n<p>Enhver anden brug er kun tilladt med forudg\u00e5ende skriftligt samtykke fra K\u00dcBLER GmbH. Eventuelle foresp\u00f8rgsler bedes rettet til: <a href=\"mailto:marketing@kuebler-hallenheizungen.de\">marketing@kuebler-hallenheizungen.de<\/a>.<\/p>\n<p>Fremmedg\u00f8relse eller anden \u00e6ndring af billederne er ikke tilladt. Kilden skal angives som \"\u00a9 K\u00dcBLER GmbH Energiesparende Hallenheizungen\".<\/p>\n<p>Vi ser frem til din publikation og beder dig om at sende et eksemplar eller et link til din publikation til: K\u00dcBLER GmbH Am Bubenpfad 1A, 67065 Ludwigshafen eller <a href=\"mailto:marketing@kuebler-hallenheizungen.de\">marketing@kuebler-hallenheizungen.de<\/a><\/p>","protected":false},"excerpt":{"rendered":"<p>Verlosung Die Verlosung startet am 14.11.2025 mit der Ver\u00f6ffentlichung des Posts und endet am 17.11.2025 um 16:00 Uhr, wie auch im Post angegeben. Eine Barauszahlung oder eine \u00dcbertragung auf andere Personen ist nicht m\u00f6glich. Die Verlosung steht in keiner Verbindung zu Meta. Der Rechtsweg ist ausgeschlossen. Der Veranstalter beh\u00e4lt sich vor, die Teilnahmebedingungen jederzeit zu [&hellip;]<\/p>\n","protected":false},"author":1,"featured_media":17601,"parent":0,"menu_order":0,"comment_status":"closed","ping_status":"closed","template":"","meta":{"_acf_changed":false,"_seopress_robots_primary_cat":"","_seopress_titles_title":"Nutzungsbedingungen | K\u00fcbler Hallenheizungen","_seopress_titles_desc":"Lesen Sie die Nutzungsbedingungen f\u00fcr die Website von K\u00dcBLER. Erfahren Sie alles \u00fcber die rechtlichen Grundlagen und zur Nutzung der Inhalte.","_seopress_robots_index":"","footnotes":""},"class_list":["post-19145","page","type-page","status-publish","has-post-thumbnail","hentry"],"acf":[],"_links":{"self":[{"href":"https:\/\/www.kuebler-hallenheizungen.de\/da\/wp-json\/wp\/v2\/pages\/19145","targetHints":{"allow":["GET"]}}],"collection":[{"href":"https:\/\/www.kuebler-hallenheizungen.de\/da\/wp-json\/wp\/v2\/pages"}],"about":[{"href":"https:\/\/www.kuebler-hallenheizungen.de\/da\/wp-json\/wp\/v2\/types\/page"}],"author":[{"embeddable":true,"href":"https:\/\/www.kuebler-hallenheizungen.de\/da\/wp-json\/wp\/v2\/users\/1"}],"replies":[{"embeddable":true,"href":"https:\/\/www.kuebler-hallenheizungen.de\/da\/wp-json\/wp\/v2\/comments?post=19145"}],"version-history":[{"count":0,"href":"https:\/\/www.kuebler-hallenheizungen.de\/da\/wp-json\/wp\/v2\/pages\/19145\/revisions"}],"wp:featuredmedia":[{"embeddable":true,"href":"https:\/\/www.kuebler-hallenheizungen.de\/da\/wp-json\/wp\/v2\/media\/17601"}],"wp:attachment":[{"href":"https:\/\/www.kuebler-hallenheizungen.de\/da\/wp-json\/wp\/v2\/media?parent=19145"}],"curies":[{"name":"wp","href":"https:\/\/api.w.org\/{rel}","templated":true}]}}