{"id":208,"date":"2024-02-27T18:22:08","date_gmt":"2024-02-27T17:22:08","guid":{"rendered":"https:\/\/kuebler.werbe-sofa.de\/?page_id=208"},"modified":"2025-10-17T16:31:07","modified_gmt":"2025-10-17T14:31:07","slug":"handvaerk","status":"publish","type":"page","link":"https:\/\/www.kuebler-hallenheizungen.de\/da\/anwendungen\/handwerk\/","title":{"rendered":"H\u00e5ndv\u00e6rk og handel"},"content":{"rendered":"","protected":false},"excerpt":{"rendered":"","protected":false},"author":1,"featured_media":17784,"parent":199,"menu_order":0,"comment_status":"closed","ping_status":"closed","template":"","meta":{"_acf_changed":false,"_seopress_robots_primary_cat":"","_seopress_titles_title":"Heizung f\u00fcr Handwerk & Gewerbe | K\u00dcBLER GmbH","_seopress_titles_desc":"Hohe Energieeinsparungen \u2713 Gewerbehalle \u2713 Handwerksbetrieb \u2713 gleichm\u00e4\u00dfige W\u00e4rmeverteilung \u27a4 Jetzt eine Heizung f\u00fcr Ihre Gewerbehalle entdecken!","_seopress_robots_index":"","footnotes":""},"class_list":["post-208","page","type-page","status-publish","has-post-thumbnail","hentry"],"acf":[],"_links":{"self":[{"href":"https:\/\/www.kuebler-hallenheizungen.de\/da\/wp-json\/wp\/v2\/pages\/208","targetHints":{"allow":["GET"]}}],"collection":[{"href":"https:\/\/www.kuebler-hallenheizungen.de\/da\/wp-json\/wp\/v2\/pages"}],"about":[{"href":"https:\/\/www.kuebler-hallenheizungen.de\/da\/wp-json\/wp\/v2\/types\/page"}],"author":[{"embeddable":true,"href":"https:\/\/www.kuebler-hallenheizungen.de\/da\/wp-json\/wp\/v2\/users\/1"}],"replies":[{"embeddable":true,"href":"https:\/\/www.kuebler-hallenheizungen.de\/da\/wp-json\/wp\/v2\/comments?post=208"}],"version-history":[{"count":0,"href":"https:\/\/www.kuebler-hallenheizungen.de\/da\/wp-json\/wp\/v2\/pages\/208\/revisions"}],"up":[{"embeddable":true,"href":"https:\/\/www.kuebler-hallenheizungen.de\/da\/wp-json\/wp\/v2\/pages\/199"}],"wp:featuredmedia":[{"embeddable":true,"href":"https:\/\/www.kuebler-hallenheizungen.de\/da\/wp-json\/wp\/v2\/media\/17784"}],"wp:attachment":[{"href":"https:\/\/www.kuebler-hallenheizungen.de\/da\/wp-json\/wp\/v2\/media?parent=208"}],"curies":[{"name":"wp","href":"https:\/\/api.w.org\/{rel}","templated":true}]}}