{"id":249,"date":"2024-02-27T18:26:56","date_gmt":"2024-02-27T17:26:56","guid":{"rendered":"https:\/\/kuebler.werbe-sofa.de\/?page_id=249"},"modified":"2025-10-22T08:42:05","modified_gmt":"2025-10-22T06:42:05","slug":"skorstensfejer","status":"publish","type":"page","link":"https:\/\/www.kuebler-hallenheizungen.de\/da\/anwendungen\/schornsteinfeger\/","title":{"rendered":"Skorstensfejer"},"content":{"rendered":"","protected":false},"excerpt":{"rendered":"","protected":false},"author":1,"featured_media":1667,"parent":199,"menu_order":0,"comment_status":"closed","ping_status":"closed","template":"","meta":{"_acf_changed":false,"_seopress_robots_primary_cat":"","_seopress_titles_title":"Hinweise f\u00fcr Schornsteinfeger bei Abnahme | K\u00dcBLER","_seopress_titles_desc":"Kunden- und Geb\u00e4udeanforderungen sind individuell. Hier finden Sie Tipps f\u00fcr Schornsteinfeger f\u00fcrs Abnehmen einer K\u00dcBLER-Hallenheizung.","_seopress_robots_index":"","footnotes":""},"class_list":["post-249","page","type-page","status-publish","has-post-thumbnail","hentry"],"acf":[],"_links":{"self":[{"href":"https:\/\/www.kuebler-hallenheizungen.de\/da\/wp-json\/wp\/v2\/pages\/249","targetHints":{"allow":["GET"]}}],"collection":[{"href":"https:\/\/www.kuebler-hallenheizungen.de\/da\/wp-json\/wp\/v2\/pages"}],"about":[{"href":"https:\/\/www.kuebler-hallenheizungen.de\/da\/wp-json\/wp\/v2\/types\/page"}],"author":[{"embeddable":true,"href":"https:\/\/www.kuebler-hallenheizungen.de\/da\/wp-json\/wp\/v2\/users\/1"}],"replies":[{"embeddable":true,"href":"https:\/\/www.kuebler-hallenheizungen.de\/da\/wp-json\/wp\/v2\/comments?post=249"}],"version-history":[{"count":0,"href":"https:\/\/www.kuebler-hallenheizungen.de\/da\/wp-json\/wp\/v2\/pages\/249\/revisions"}],"up":[{"embeddable":true,"href":"https:\/\/www.kuebler-hallenheizungen.de\/da\/wp-json\/wp\/v2\/pages\/199"}],"wp:featuredmedia":[{"embeddable":true,"href":"https:\/\/www.kuebler-hallenheizungen.de\/da\/wp-json\/wp\/v2\/media\/1667"}],"wp:attachment":[{"href":"https:\/\/www.kuebler-hallenheizungen.de\/da\/wp-json\/wp\/v2\/media?parent=249"}],"curies":[{"name":"wp","href":"https:\/\/api.w.org\/{rel}","templated":true}]}}