{"id":258,"date":"2024-02-27T21:56:35","date_gmt":"2024-02-27T20:56:35","guid":{"rendered":"https:\/\/kuebler.werbe-sofa.de\/?page_id=258"},"modified":"2025-10-17T16:56:56","modified_gmt":"2025-10-17T14:56:56","slug":"vedligeholdelseskontrakt","status":"publish","type":"page","link":"https:\/\/www.kuebler-hallenheizungen.de\/da\/wartungsvertrag\/","title":{"rendered":"Vedligeholdelsesaftale"},"content":{"rendered":"","protected":false},"excerpt":{"rendered":"","protected":false},"author":1,"featured_media":17033,"parent":0,"menu_order":0,"comment_status":"closed","ping_status":"closed","template":"","meta":{"_acf_changed":false,"_seopress_robots_primary_cat":"","_seopress_titles_title":"Wartungsvertrag anfordern | K\u00dcBLER GmbH","_seopress_titles_desc":"Die j\u00e4hrliche Wartung ist ein Muss, damit Ihre Anlage optimal heizt. Wir \u00fcbernehmen das im Rahmen eines Wartungsvertrags f\u00fcr Sie.","_seopress_robots_index":"","footnotes":""},"class_list":["post-258","page","type-page","status-publish","has-post-thumbnail","hentry"],"acf":[],"_links":{"self":[{"href":"https:\/\/www.kuebler-hallenheizungen.de\/da\/wp-json\/wp\/v2\/pages\/258","targetHints":{"allow":["GET"]}}],"collection":[{"href":"https:\/\/www.kuebler-hallenheizungen.de\/da\/wp-json\/wp\/v2\/pages"}],"about":[{"href":"https:\/\/www.kuebler-hallenheizungen.de\/da\/wp-json\/wp\/v2\/types\/page"}],"author":[{"embeddable":true,"href":"https:\/\/www.kuebler-hallenheizungen.de\/da\/wp-json\/wp\/v2\/users\/1"}],"replies":[{"embeddable":true,"href":"https:\/\/www.kuebler-hallenheizungen.de\/da\/wp-json\/wp\/v2\/comments?post=258"}],"version-history":[{"count":0,"href":"https:\/\/www.kuebler-hallenheizungen.de\/da\/wp-json\/wp\/v2\/pages\/258\/revisions"}],"wp:featuredmedia":[{"embeddable":true,"href":"https:\/\/www.kuebler-hallenheizungen.de\/da\/wp-json\/wp\/v2\/media\/17033"}],"wp:attachment":[{"href":"https:\/\/www.kuebler-hallenheizungen.de\/da\/wp-json\/wp\/v2\/media?parent=258"}],"curies":[{"name":"wp","href":"https:\/\/api.w.org\/{rel}","templated":true}]}}