{"id":28002,"date":"2024-08-12T00:24:19","date_gmt":"2024-08-11T22:24:19","guid":{"rendered":"https:\/\/www.kuebler-hallenheizungen.de\/?page_id=28002"},"modified":"2025-10-17T15:17:14","modified_gmt":"2025-10-17T13:17:14","slug":"jobtilbud","status":"publish","type":"page","link":"https:\/\/www.kuebler-hallenheizungen.de\/da\/karriere\/stellenangebote\/","title":{"rendered":"Ledige stillinger"},"content":{"rendered":"","protected":false},"excerpt":{"rendered":"","protected":false},"author":1,"featured_media":18870,"parent":340,"menu_order":0,"comment_status":"closed","ping_status":"closed","template":"","meta":{"_acf_changed":false,"_seopress_robots_primary_cat":"","_seopress_titles_title":"Stellenangebote und Karrierechancen bei K\u00dcBLER nutzen","_seopress_titles_desc":"Wir suchen engagierte Fachkr\u00e4fte, die innovative Hallenheizungsl\u00f6sungen entwickeln und umsetzen. Entdecken Sie unsere aktuellen Stellenangebote.","_seopress_robots_index":"","footnotes":""},"class_list":["post-28002","page","type-page","status-publish","has-post-thumbnail","hentry"],"acf":[],"_links":{"self":[{"href":"https:\/\/www.kuebler-hallenheizungen.de\/da\/wp-json\/wp\/v2\/pages\/28002","targetHints":{"allow":["GET"]}}],"collection":[{"href":"https:\/\/www.kuebler-hallenheizungen.de\/da\/wp-json\/wp\/v2\/pages"}],"about":[{"href":"https:\/\/www.kuebler-hallenheizungen.de\/da\/wp-json\/wp\/v2\/types\/page"}],"author":[{"embeddable":true,"href":"https:\/\/www.kuebler-hallenheizungen.de\/da\/wp-json\/wp\/v2\/users\/1"}],"replies":[{"embeddable":true,"href":"https:\/\/www.kuebler-hallenheizungen.de\/da\/wp-json\/wp\/v2\/comments?post=28002"}],"version-history":[{"count":0,"href":"https:\/\/www.kuebler-hallenheizungen.de\/da\/wp-json\/wp\/v2\/pages\/28002\/revisions"}],"up":[{"embeddable":true,"href":"https:\/\/www.kuebler-hallenheizungen.de\/da\/wp-json\/wp\/v2\/pages\/340"}],"wp:featuredmedia":[{"embeddable":true,"href":"https:\/\/www.kuebler-hallenheizungen.de\/da\/wp-json\/wp\/v2\/media\/18870"}],"wp:attachment":[{"href":"https:\/\/www.kuebler-hallenheizungen.de\/da\/wp-json\/wp\/v2\/media?parent=28002"}],"curies":[{"name":"wp","href":"https:\/\/api.w.org\/{rel}","templated":true}]}}