{"id":28695,"date":"2024-11-26T18:18:59","date_gmt":"2024-11-26T17:18:59","guid":{"rendered":"https:\/\/www.kuebler-hallenheizungen.de\/?page_id=28695"},"modified":"2026-01-10T13:34:23","modified_gmt":"2026-01-10T12:34:23","slug":"res-projekt","status":"publish","type":"page","link":"https:\/\/www.kuebler-hallenheizungen.de\/da\/res-projekt\/","title":{"rendered":"RES-projektet"},"content":{"rendered":"","protected":false},"excerpt":{"rendered":"","protected":false},"author":1,"featured_media":28717,"parent":0,"menu_order":0,"comment_status":"closed","ping_status":"closed","template":"","meta":{"_acf_changed":false,"_seopress_robots_primary_cat":"","_seopress_titles_title":"Effiziente Industrieheizungen - Erfolg im RES-Projekt","_seopress_titles_desc":"Erfahren Sie mehr \u00fcber das innovative RES-Projekt von K\u00dcBLER f\u00fcr energieeffiziente Hallenheizungen. Optimieren Sie Ihre Heizkosten!","_seopress_robots_index":"","footnotes":""},"class_list":["post-28695","page","type-page","status-publish","has-post-thumbnail","hentry"],"acf":[],"_links":{"self":[{"href":"https:\/\/www.kuebler-hallenheizungen.de\/da\/wp-json\/wp\/v2\/pages\/28695","targetHints":{"allow":["GET"]}}],"collection":[{"href":"https:\/\/www.kuebler-hallenheizungen.de\/da\/wp-json\/wp\/v2\/pages"}],"about":[{"href":"https:\/\/www.kuebler-hallenheizungen.de\/da\/wp-json\/wp\/v2\/types\/page"}],"author":[{"embeddable":true,"href":"https:\/\/www.kuebler-hallenheizungen.de\/da\/wp-json\/wp\/v2\/users\/1"}],"replies":[{"embeddable":true,"href":"https:\/\/www.kuebler-hallenheizungen.de\/da\/wp-json\/wp\/v2\/comments?post=28695"}],"version-history":[{"count":0,"href":"https:\/\/www.kuebler-hallenheizungen.de\/da\/wp-json\/wp\/v2\/pages\/28695\/revisions"}],"wp:featuredmedia":[{"embeddable":true,"href":"https:\/\/www.kuebler-hallenheizungen.de\/da\/wp-json\/wp\/v2\/media\/28717"}],"wp:attachment":[{"href":"https:\/\/www.kuebler-hallenheizungen.de\/da\/wp-json\/wp\/v2\/media?parent=28695"}],"curies":[{"name":"wp","href":"https:\/\/api.w.org\/{rel}","templated":true}]}}