{"id":51042,"date":"2025-12-28T00:39:03","date_gmt":"2025-12-27T23:39:03","guid":{"rendered":"https:\/\/www.kuebler-hallenheizungen.de\/?page_id=51042"},"modified":"2025-12-28T00:39:03","modified_gmt":"2025-12-27T23:39:03","slug":"kundegrupper","status":"publish","type":"page","link":"https:\/\/www.kuebler-hallenheizungen.de\/da\/anwendungen\/kundengruppen\/","title":{"rendered":"Kundegrupper"},"content":{"rendered":"","protected":false},"excerpt":{"rendered":"","protected":false},"author":1,"featured_media":17033,"parent":199,"menu_order":0,"comment_status":"closed","ping_status":"closed","template":"","meta":{"_acf_changed":false,"_seopress_robots_primary_cat":"","_seopress_titles_title":"Kundengruppen: Hallenheizung f\u00fcr alle Kundengruppen | Bereiche & Branchen","_seopress_titles_desc":"Hier finden Sie Deckenheizungen f\u00fcr jede Branche. Exklusiv f\u00fcr Elektro- und Heizungsinstallateure: das Fachpartner-Programm.","_seopress_robots_index":"","footnotes":""},"class_list":["post-51042","page","type-page","status-publish","has-post-thumbnail","hentry"],"acf":[],"_links":{"self":[{"href":"https:\/\/www.kuebler-hallenheizungen.de\/da\/wp-json\/wp\/v2\/pages\/51042","targetHints":{"allow":["GET"]}}],"collection":[{"href":"https:\/\/www.kuebler-hallenheizungen.de\/da\/wp-json\/wp\/v2\/pages"}],"about":[{"href":"https:\/\/www.kuebler-hallenheizungen.de\/da\/wp-json\/wp\/v2\/types\/page"}],"author":[{"embeddable":true,"href":"https:\/\/www.kuebler-hallenheizungen.de\/da\/wp-json\/wp\/v2\/users\/1"}],"replies":[{"embeddable":true,"href":"https:\/\/www.kuebler-hallenheizungen.de\/da\/wp-json\/wp\/v2\/comments?post=51042"}],"version-history":[{"count":0,"href":"https:\/\/www.kuebler-hallenheizungen.de\/da\/wp-json\/wp\/v2\/pages\/51042\/revisions"}],"up":[{"embeddable":true,"href":"https:\/\/www.kuebler-hallenheizungen.de\/da\/wp-json\/wp\/v2\/pages\/199"}],"wp:featuredmedia":[{"embeddable":true,"href":"https:\/\/www.kuebler-hallenheizungen.de\/da\/wp-json\/wp\/v2\/media\/17033"}],"wp:attachment":[{"href":"https:\/\/www.kuebler-hallenheizungen.de\/da\/wp-json\/wp\/v2\/media?parent=51042"}],"curies":[{"name":"wp","href":"https:\/\/api.w.org\/{rel}","templated":true}]}}