{"id":104,"date":"2024-04-03T10:02:51","date_gmt":"2024-04-03T08:02:51","guid":{"rendered":"https:\/\/kuebler.werbe-sofa.de\/?page_id=104"},"modified":"2025-12-18T02:14:12","modified_gmt":"2025-12-18T01:14:12","slug":"futura","status":"publish","type":"page","link":"https:\/\/www.kuebler-hallenheizungen.de\/en\/produkte\/infrarot-hallenheizungen\/futura\/","title":{"rendered":"FUTURA"},"content":{"rendered":"","protected":false},"excerpt":{"rendered":"","protected":false},"author":1,"featured_media":29624,"parent":87,"menu_order":0,"comment_status":"closed","ping_status":"closed","template":"","meta":{"_acf_changed":false,"_seopress_robots_primary_cat":"","_seopress_titles_title":"FUTURA Hallenheizung: Innovativ & effizient von K\u00dcBLER","_seopress_titles_desc":"Entdecken Sie die hochwertige Futura Hallenheizung von K\u00fcbler und sorgen Sie f\u00fcr effiziente W\u00e4rme in Ihrer Halle \u25ba zuverl\u00e4ssig, energieeffizient, langlebig","_seopress_robots_index":"","footnotes":""},"class_list":["post-104","page","type-page","status-publish","has-post-thumbnail","hentry"],"acf":[],"_links":{"self":[{"href":"https:\/\/www.kuebler-hallenheizungen.de\/en\/wp-json\/wp\/v2\/pages\/104","targetHints":{"allow":["GET"]}}],"collection":[{"href":"https:\/\/www.kuebler-hallenheizungen.de\/en\/wp-json\/wp\/v2\/pages"}],"about":[{"href":"https:\/\/www.kuebler-hallenheizungen.de\/en\/wp-json\/wp\/v2\/types\/page"}],"author":[{"embeddable":true,"href":"https:\/\/www.kuebler-hallenheizungen.de\/en\/wp-json\/wp\/v2\/users\/1"}],"replies":[{"embeddable":true,"href":"https:\/\/www.kuebler-hallenheizungen.de\/en\/wp-json\/wp\/v2\/comments?post=104"}],"version-history":[{"count":0,"href":"https:\/\/www.kuebler-hallenheizungen.de\/en\/wp-json\/wp\/v2\/pages\/104\/revisions"}],"up":[{"embeddable":true,"href":"https:\/\/www.kuebler-hallenheizungen.de\/en\/wp-json\/wp\/v2\/pages\/87"}],"wp:featuredmedia":[{"embeddable":true,"href":"https:\/\/www.kuebler-hallenheizungen.de\/en\/wp-json\/wp\/v2\/media\/29624"}],"wp:attachment":[{"href":"https:\/\/www.kuebler-hallenheizungen.de\/en\/wp-json\/wp\/v2\/media?parent=104"}],"curies":[{"name":"wp","href":"https:\/\/api.w.org\/{rel}","templated":true}]}}