{"id":19145,"date":"2024-05-14T14:31:35","date_gmt":"2024-05-14T12:31:35","guid":{"rendered":"https:\/\/kuebler.werbe-sofa.de\/?page_id=19145"},"modified":"2025-11-14T16:12:13","modified_gmt":"2025-11-14T15:12:13","slug":"terms-of-use","status":"publish","type":"page","link":"https:\/\/www.kuebler-hallenheizungen.de\/en\/nutzungsbedingungen\/","title":{"rendered":"Terms of use"},"content":{"rendered":"<h2>raffle<\/h2>\n<p>The prize draw will start on November 14, 2025, with the publication of the post and will end on November 17, 2025, at 4:00 p.m., as also stated in the post. Cash payment or transfer to other persons is not possible. The prize draw is not affiliated with Meta. Legal recourse is excluded. The organizer reserves the right to change the conditions of participation at any time or to terminate or interrupt the competition at any time for good cause. Such cases include, for example, if the scheduled course of the competition is severely disrupted. If such a termination is caused by the behavior of a participant, the organizer is entitled to demand compensation for damages from that person.<\/p>\n<h2>Press portal<\/h2>\n<p>Please note the terms of use: All images are available to publishers and journalists and may only be used by them for editorial purposes as part of their reporting on the K\u00dcBLER Group and its activities.<\/p>\n<p>Any other use is only permitted with the prior written consent of K\u00dcBLER GmbH. Please address inquiries to: <a href=\"mailto:marketing@kuebler-hallenheizungen.de\">marketing@kuebler-hallenheizungen.de<\/a>.<\/p>\n<p>Alienation or other alteration of the images is not permitted. The source must be indicated as \"\u00a9 K\u00dcBLER GmbH Energiesparende Hallenheizungen\".<\/p>\n<p>We look forward to your publication and request that you send a specimen copy or a link to your publication to: K\u00dcBLER GmbH Am Bubenpfad 1A, 67065 Ludwigshafen or <a href=\"mailto:marketing@kuebler-hallenheizungen.de\">marketing@kuebler-hallenheizungen.de<\/a><\/p>","protected":false},"excerpt":{"rendered":"<p>Verlosung Die Verlosung startet am 14.11.2025 mit der Ver\u00f6ffentlichung des Posts und endet am 17.11.2025 um 16:00 Uhr, wie auch im Post angegeben. Eine Barauszahlung oder eine \u00dcbertragung auf andere Personen ist nicht m\u00f6glich. Die Verlosung steht in keiner Verbindung zu Meta. Der Rechtsweg ist ausgeschlossen. Der Veranstalter beh\u00e4lt sich vor, die Teilnahmebedingungen jederzeit zu [&hellip;]<\/p>\n","protected":false},"author":1,"featured_media":17601,"parent":0,"menu_order":0,"comment_status":"closed","ping_status":"closed","template":"","meta":{"_acf_changed":false,"_seopress_robots_primary_cat":"","_seopress_titles_title":"Nutzungsbedingungen | K\u00fcbler Hallenheizungen","_seopress_titles_desc":"Lesen Sie die Nutzungsbedingungen f\u00fcr die Website von K\u00dcBLER. Erfahren Sie alles \u00fcber die rechtlichen Grundlagen und zur Nutzung der Inhalte.","_seopress_robots_index":"","footnotes":""},"class_list":["post-19145","page","type-page","status-publish","has-post-thumbnail","hentry"],"acf":[],"_links":{"self":[{"href":"https:\/\/www.kuebler-hallenheizungen.de\/en\/wp-json\/wp\/v2\/pages\/19145","targetHints":{"allow":["GET"]}}],"collection":[{"href":"https:\/\/www.kuebler-hallenheizungen.de\/en\/wp-json\/wp\/v2\/pages"}],"about":[{"href":"https:\/\/www.kuebler-hallenheizungen.de\/en\/wp-json\/wp\/v2\/types\/page"}],"author":[{"embeddable":true,"href":"https:\/\/www.kuebler-hallenheizungen.de\/en\/wp-json\/wp\/v2\/users\/1"}],"replies":[{"embeddable":true,"href":"https:\/\/www.kuebler-hallenheizungen.de\/en\/wp-json\/wp\/v2\/comments?post=19145"}],"version-history":[{"count":0,"href":"https:\/\/www.kuebler-hallenheizungen.de\/en\/wp-json\/wp\/v2\/pages\/19145\/revisions"}],"wp:featuredmedia":[{"embeddable":true,"href":"https:\/\/www.kuebler-hallenheizungen.de\/en\/wp-json\/wp\/v2\/media\/17601"}],"wp:attachment":[{"href":"https:\/\/www.kuebler-hallenheizungen.de\/en\/wp-json\/wp\/v2\/media?parent=19145"}],"curies":[{"name":"wp","href":"https:\/\/api.w.org\/{rel}","templated":true}]}}