{"id":286,"date":"2024-02-27T22:02:25","date_gmt":"2024-02-27T21:02:25","guid":{"rendered":"https:\/\/kuebler.werbe-sofa.de\/?page_id=286"},"modified":"2025-10-17T13:44:35","modified_gmt":"2025-10-17T11:44:35","slug":"energy-efficiency","status":"publish","type":"page","link":"https:\/\/www.kuebler-hallenheizungen.de\/en\/energieeffizienz\/","title":{"rendered":"Energy efficiency"},"content":{"rendered":"","protected":false},"excerpt":{"rendered":"","protected":false},"author":1,"featured_media":17033,"parent":0,"menu_order":0,"comment_status":"closed","ping_status":"closed","template":"","meta":{"_acf_changed":false,"_seopress_robots_primary_cat":"","_seopress_titles_title":"Energieeffizienz ist unsere Haltung! | K\u00dcBLER GmbH","_seopress_titles_desc":"Wir haben Infrarot zu unserem Energieeffizienz-Prinzip erkl\u00e4rt. Erfahren Sie mehr \u00fcber die Zukunft energiesparender Hallenheizungen!","_seopress_robots_index":"","footnotes":""},"class_list":["post-286","page","type-page","status-publish","has-post-thumbnail","hentry"],"acf":[],"_links":{"self":[{"href":"https:\/\/www.kuebler-hallenheizungen.de\/en\/wp-json\/wp\/v2\/pages\/286","targetHints":{"allow":["GET"]}}],"collection":[{"href":"https:\/\/www.kuebler-hallenheizungen.de\/en\/wp-json\/wp\/v2\/pages"}],"about":[{"href":"https:\/\/www.kuebler-hallenheizungen.de\/en\/wp-json\/wp\/v2\/types\/page"}],"author":[{"embeddable":true,"href":"https:\/\/www.kuebler-hallenheizungen.de\/en\/wp-json\/wp\/v2\/users\/1"}],"replies":[{"embeddable":true,"href":"https:\/\/www.kuebler-hallenheizungen.de\/en\/wp-json\/wp\/v2\/comments?post=286"}],"version-history":[{"count":0,"href":"https:\/\/www.kuebler-hallenheizungen.de\/en\/wp-json\/wp\/v2\/pages\/286\/revisions"}],"wp:featuredmedia":[{"embeddable":true,"href":"https:\/\/www.kuebler-hallenheizungen.de\/en\/wp-json\/wp\/v2\/media\/17033"}],"wp:attachment":[{"href":"https:\/\/www.kuebler-hallenheizungen.de\/en\/wp-json\/wp\/v2\/media?parent=286"}],"curies":[{"name":"wp","href":"https:\/\/api.w.org\/{rel}","templated":true}]}}