{"id":60,"date":"2024-02-15T03:08:37","date_gmt":"2024-02-15T02:08:37","guid":{"rendered":"https:\/\/kiefer.werbe-sofa.de\/?page_id=60"},"modified":"2026-04-24T11:15:37","modified_gmt":"2026-04-24T09:15:37","slug":"imprint","status":"publish","type":"page","link":"https:\/\/www.kuebler-hallenheizungen.de\/en\/impressum\/","title":{"rendered":"Imprint"},"content":{"rendered":"<h2>Company headquarters<\/h2>\n<p><strong>K\u00dcBLER GmbH<br \/>\n<\/strong><strong>Energy-saving hall heating systems<\/strong><\/p>\n<p>Am Bubenpfad 1a | D-67065 Ludwigshafen am Rhein<\/p>\n<p>Tel.: +49 621 57000-0 | Fax: +49 621 57000-57<\/p>\n<p><a href=\"mailto:kontakt@kuebler-hallenheizungen.de\"><strong>kontakt@kuebler-hallenheizungen.de<\/strong><\/a><\/p>\n<h2>Management<\/h2>\n<p>Frederic Renz<\/p>\n<h3>Commercial register<\/h3>\n<p>Registered at Ludwigshafen Local Court under HRB no.: 3379<\/p>\n<p>Sales tax identification number<\/p>\n<p>EN 149139822<\/p>\n<h2>General Terms and Conditions<\/h2>\n<p>K\u00dcBLER GmbH only carries out orders and work services on the basis of its <a href=\"https:\/\/www.kuebler-hallenheizungen.de\/wp-content\/uploads\/2026\/04\/agb_verkauf.pdf\" target=\"_blank\" rel=\"noopener\">General Terms and Conditions<\/a> from.<\/p>\n<h2>General Terms and Conditions of Purchase<\/h2>\n<p>K\u00dcBLER GmbH makes purchases and rentals only on the basis of its <a href=\"https:\/\/www.kuebler-hallenheizungen.de\/wp-content\/uploads\/2025\/02\/674_agb_einkauf_09-2017.pdf\" target=\"_blank\" rel=\"noopener\">General Terms and Conditions of Purchase<\/a>.<\/p>\n<h3>Image rights<\/h3>\n<p>K\u00dcBLER GmbH,<br \/>\n<a href=\"https:\/\/www.schepers-photography.de\/\" target=\"_blank\" rel=\"noopener\">Schepers-Photography.com<\/a>,<br \/>\nContrastwerkstatt - Fotolia.com,<br \/>\nSyda Productions - Fotolia.com,<br \/>\ndigital-designer - Fotolia.com,<br \/>\nPatrizia Tilly - Fotolia.com,<br \/>\nag visuell - Fotolia.com<\/p>\n<h3>Web development &amp; hosting<\/h3>\n<p>Made with <span class=\"font-display text-red-500\">\u2665<\/span> by <a href=\"https:\/\/www.werbesofa.de\" target=\"_blank\" rel=\"nofollow noopener\">Advertising sofa<\/a><br \/>\nWerbesofa GmbH<br \/>\nBergh\u00e4user-Str. 83<br \/>\n67354 R\u00f6merberg<br \/>\nGermany<\/p>","protected":false},"excerpt":{"rendered":"<p>Unternehmenszentrale K\u00dcBLER GmbH Energiesparende Hallenheizungen Am Bubenpfad 1a | D-67065 Ludwigshafen am Rhein Tel.: +49 621 57000-0 | Fax: +49 621 57000-57 kontakt@kuebler-hallenheizungen.de Gesch\u00e4ftsf\u00fchrung Frederic Renz Handelsregister Eingetragen beim Amtsgericht Ludwigshafen unter der HRB-Nr.: 3379 Umsatzsteuer-Identifikations-Nummer DE 149139822 Allgemeine Gesch\u00e4ftsbedingungen Die K\u00dcBLER GmbH f\u00fchrt Bestellungen und Werkleistungen nur auf Basis ihrer Allgemeinen Gesch\u00e4ftsbedingungen aus. Allgemeine [&hellip;]<\/p>\n","protected":false},"author":1,"featured_media":18888,"parent":0,"menu_order":0,"comment_status":"closed","ping_status":"closed","template":"","meta":{"_acf_changed":false,"_seopress_robots_primary_cat":"","_seopress_titles_title":"Impressum | K\u00dcBLER GmbH","_seopress_titles_desc":"Alle wichtigen Unternehmens- und Kontaktinformationen der K\u00dcBLER GmbH finden Sie in unserem Impressum.","_seopress_robots_index":"","footnotes":""},"class_list":["post-60","page","type-page","status-publish","has-post-thumbnail","hentry"],"acf":[],"_links":{"self":[{"href":"https:\/\/www.kuebler-hallenheizungen.de\/en\/wp-json\/wp\/v2\/pages\/60","targetHints":{"allow":["GET"]}}],"collection":[{"href":"https:\/\/www.kuebler-hallenheizungen.de\/en\/wp-json\/wp\/v2\/pages"}],"about":[{"href":"https:\/\/www.kuebler-hallenheizungen.de\/en\/wp-json\/wp\/v2\/types\/page"}],"author":[{"embeddable":true,"href":"https:\/\/www.kuebler-hallenheizungen.de\/en\/wp-json\/wp\/v2\/users\/1"}],"replies":[{"embeddable":true,"href":"https:\/\/www.kuebler-hallenheizungen.de\/en\/wp-json\/wp\/v2\/comments?post=60"}],"version-history":[{"count":3,"href":"https:\/\/www.kuebler-hallenheizungen.de\/en\/wp-json\/wp\/v2\/pages\/60\/revisions"}],"predecessor-version":[{"id":157115,"href":"https:\/\/www.kuebler-hallenheizungen.de\/en\/wp-json\/wp\/v2\/pages\/60\/revisions\/157115"}],"wp:featuredmedia":[{"embeddable":true,"href":"https:\/\/www.kuebler-hallenheizungen.de\/en\/wp-json\/wp\/v2\/media\/18888"}],"wp:attachment":[{"href":"https:\/\/www.kuebler-hallenheizungen.de\/en\/wp-json\/wp\/v2\/media?parent=60"}],"curies":[{"name":"wp","href":"https:\/\/api.w.org\/{rel}","templated":true}]}}