{"id":152,"date":"2024-02-27T18:11:26","date_gmt":"2024-02-27T17:11:26","guid":{"rendered":"https:\/\/kuebler.werbe-sofa.de\/?page_id=152"},"modified":"2025-10-20T08:46:58","modified_gmt":"2025-10-20T06:46:58","slug":"laempoepumput","status":"publish","type":"page","link":"https:\/\/www.kuebler-hallenheizungen.de\/fi\/produkte\/komponenten\/waermepumpen\/","title":{"rendered":"L\u00e4mp\u00f6pumput"},"content":{"rendered":"","protected":false},"excerpt":{"rendered":"","protected":false},"author":1,"featured_media":2119,"parent":18940,"menu_order":0,"comment_status":"closed","ping_status":"closed","template":"","meta":{"_acf_changed":false,"_seopress_robots_primary_cat":"","_seopress_titles_title":"W\u00e4rmepumpen f\u00fcr Infrarotheizungen | K\u00dcBLER GmbH","_seopress_titles_desc":"Nutzen Sie den W\u00e4rmebedarf \u00f6kologisch und \u00f6konomisch sinnvoll \u2013 mit W\u00e4rmepumpen. Jetzt mehr erfahren und neue Potenziale entdecken!","_seopress_robots_index":"","footnotes":""},"class_list":["post-152","page","type-page","status-publish","has-post-thumbnail","hentry"],"acf":[],"_links":{"self":[{"href":"https:\/\/www.kuebler-hallenheizungen.de\/fi\/wp-json\/wp\/v2\/pages\/152","targetHints":{"allow":["GET"]}}],"collection":[{"href":"https:\/\/www.kuebler-hallenheizungen.de\/fi\/wp-json\/wp\/v2\/pages"}],"about":[{"href":"https:\/\/www.kuebler-hallenheizungen.de\/fi\/wp-json\/wp\/v2\/types\/page"}],"author":[{"embeddable":true,"href":"https:\/\/www.kuebler-hallenheizungen.de\/fi\/wp-json\/wp\/v2\/users\/1"}],"replies":[{"embeddable":true,"href":"https:\/\/www.kuebler-hallenheizungen.de\/fi\/wp-json\/wp\/v2\/comments?post=152"}],"version-history":[{"count":0,"href":"https:\/\/www.kuebler-hallenheizungen.de\/fi\/wp-json\/wp\/v2\/pages\/152\/revisions"}],"up":[{"embeddable":true,"href":"https:\/\/www.kuebler-hallenheizungen.de\/fi\/wp-json\/wp\/v2\/pages\/18940"}],"wp:featuredmedia":[{"embeddable":true,"href":"https:\/\/www.kuebler-hallenheizungen.de\/fi\/wp-json\/wp\/v2\/media\/2119"}],"wp:attachment":[{"href":"https:\/\/www.kuebler-hallenheizungen.de\/fi\/wp-json\/wp\/v2\/media?parent=152"}],"curies":[{"name":"wp","href":"https:\/\/api.w.org\/{rel}","templated":true}]}}