{"id":19145,"date":"2024-05-14T14:31:35","date_gmt":"2024-05-14T12:31:35","guid":{"rendered":"https:\/\/kuebler.werbe-sofa.de\/?page_id=19145"},"modified":"2025-11-14T16:12:13","modified_gmt":"2025-11-14T15:12:13","slug":"kaeyttoeehdot","status":"publish","type":"page","link":"https:\/\/www.kuebler-hallenheizungen.de\/fi\/nutzungsbedingungen\/","title":{"rendered":"K\u00e4ytt\u00f6ehdot"},"content":{"rendered":"<h2>arpajaiset<\/h2>\n<p>Arvonta alkaa 14.11.2025 julkaisun julkaisemisen yhteydess\u00e4 ja p\u00e4\u00e4ttyy 17.11.2025 klo 16.00, kuten julkaisussa on mainittu. Raham\u00e4\u00e4r\u00e4ist\u00e4 korvausta tai siirtoa toisille henkil\u00f6ille ei ole mahdollista. Arvonta ei ole mill\u00e4\u00e4n tavalla yhteydess\u00e4 Meta-yritykseen. Oikeudelliset toimet ovat poissuljettuja. J\u00e4rjest\u00e4j\u00e4 pid\u00e4tt\u00e4\u00e4 oikeuden muuttaa osallistumisehtoja milloin tahansa tai lopettaa tai keskeytt\u00e4\u00e4 arvonnan milloin tahansa t\u00e4rke\u00e4st\u00e4 syyst\u00e4. T\u00e4llaisia tapauksia ovat esimerkiksi tilanteet, joissa arvonnan suunniteltu kulku h\u00e4iriintyy merkitt\u00e4v\u00e4sti. Jos t\u00e4llainen lopettaminen johtuu osallistujan k\u00e4ytt\u00e4ytymisest\u00e4, j\u00e4rjest\u00e4j\u00e4 on oikeutettu vaatimaan kyseiselt\u00e4 henkil\u00f6lt\u00e4 korvausta vahingoista.<\/p>\n<h2>Lehdist\u00f6portaali<\/h2>\n<p>Huomioi k\u00e4ytt\u00f6ehdot: Kuvat ovat kustantajien ja toimittajien k\u00e4ytett\u00e4viss\u00e4, ja he saavat k\u00e4ytt\u00e4\u00e4 niit\u00e4 ainoastaan toimituksellisiin tarkoituksiin osana K\u00dcBLER Groupia ja sen toimintaa koskevaa raportointia.<\/p>\n<p>Muu k\u00e4ytt\u00f6 on sallittu vain K\u00dcBLER GmbH:n etuk\u00e4teen antamalla kirjallisella luvalla. Kaikki tiedustelut pyyd\u00e4mme osoittamaan osoitteeseen: <a href=\"mailto:marketing@kuebler-hallenheizungen.de\">marketing@kuebler-hallenheizungen.de<\/a>.<\/p>\n<p>Kuvien muuntaminen tai muu muuttaminen ei ole sallittua. L\u00e4hteen\u00e4 on mainittava \"\u00a9 K\u00dcBLER GmbH Energiesparende Hallenheizungen\".<\/p>\n<p>Odotamme innolla julkaisuanne ja pyyd\u00e4mme teit\u00e4 l\u00e4hett\u00e4m\u00e4\u00e4n mallikappaleen tai linkin julkaisuunne seuraavaan osoitteeseen: K\u00dcBLER GmbH Am Bubenpfad 1A, 67065 Ludwigshafen tai <a href=\"mailto:marketing@kuebler-hallenheizungen.de\">marketing@kuebler-hallenheizungen.de<\/a><\/p>","protected":false},"excerpt":{"rendered":"<p>Verlosung Die Verlosung startet am 14.11.2025 mit der Ver\u00f6ffentlichung des Posts und endet am 17.11.2025 um 16:00 Uhr, wie auch im Post angegeben. Eine Barauszahlung oder eine \u00dcbertragung auf andere Personen ist nicht m\u00f6glich. Die Verlosung steht in keiner Verbindung zu Meta. Der Rechtsweg ist ausgeschlossen. Der Veranstalter beh\u00e4lt sich vor, die Teilnahmebedingungen jederzeit zu [&hellip;]<\/p>\n","protected":false},"author":1,"featured_media":17601,"parent":0,"menu_order":0,"comment_status":"closed","ping_status":"closed","template":"","meta":{"_acf_changed":false,"_seopress_robots_primary_cat":"","_seopress_titles_title":"Nutzungsbedingungen | K\u00fcbler Hallenheizungen","_seopress_titles_desc":"Lesen Sie die Nutzungsbedingungen f\u00fcr die Website von K\u00dcBLER. Erfahren Sie alles \u00fcber die rechtlichen Grundlagen und zur Nutzung der Inhalte.","_seopress_robots_index":"","footnotes":""},"class_list":["post-19145","page","type-page","status-publish","has-post-thumbnail","hentry"],"acf":[],"_links":{"self":[{"href":"https:\/\/www.kuebler-hallenheizungen.de\/fi\/wp-json\/wp\/v2\/pages\/19145","targetHints":{"allow":["GET"]}}],"collection":[{"href":"https:\/\/www.kuebler-hallenheizungen.de\/fi\/wp-json\/wp\/v2\/pages"}],"about":[{"href":"https:\/\/www.kuebler-hallenheizungen.de\/fi\/wp-json\/wp\/v2\/types\/page"}],"author":[{"embeddable":true,"href":"https:\/\/www.kuebler-hallenheizungen.de\/fi\/wp-json\/wp\/v2\/users\/1"}],"replies":[{"embeddable":true,"href":"https:\/\/www.kuebler-hallenheizungen.de\/fi\/wp-json\/wp\/v2\/comments?post=19145"}],"version-history":[{"count":0,"href":"https:\/\/www.kuebler-hallenheizungen.de\/fi\/wp-json\/wp\/v2\/pages\/19145\/revisions"}],"wp:featuredmedia":[{"embeddable":true,"href":"https:\/\/www.kuebler-hallenheizungen.de\/fi\/wp-json\/wp\/v2\/media\/17601"}],"wp:attachment":[{"href":"https:\/\/www.kuebler-hallenheizungen.de\/fi\/wp-json\/wp\/v2\/media?parent=19145"}],"curies":[{"name":"wp","href":"https:\/\/api.w.org\/{rel}","templated":true}]}}