{"id":27777,"date":"2024-07-05T03:22:16","date_gmt":"2024-07-05T01:22:16","guid":{"rendered":"https:\/\/www.kuebler-hallenheizungen.de\/?page_id=27777"},"modified":"2025-10-17T12:39:37","modified_gmt":"2025-10-17T10:39:37","slug":"g-g-halle","status":"publish","type":"page","link":"https:\/\/www.kuebler-hallenheizungen.de\/fi\/geg-halle\/","title":{"rendered":"Miten hallien l\u00e4mmitysj\u00e4rjestelm\u00e4t t\u00e4ytt\u00e4v\u00e4t GEG:n uudet vaatimukset?"},"content":{"rendered":"","protected":false},"excerpt":{"rendered":"","protected":false},"author":1,"featured_media":17604,"parent":0,"menu_order":0,"comment_status":"closed","ping_status":"closed","template":"","meta":{"_acf_changed":false,"_seopress_robots_primary_cat":"","_seopress_titles_title":"GEG-konforme Hallenheizungen: L\u00f6sungen von K\u00dcBLER","_seopress_titles_desc":"Erfahren Sie alles \u00fcber die GEG-konforme Hallenheizung von K\u00dcBLER \u25ba Effiziente L\u00f6sungen f\u00fcr Ihre Halle gem\u00e4\u00df den neuesten Energiestandards!","_seopress_robots_index":"","footnotes":""},"class_list":["post-27777","page","type-page","status-publish","has-post-thumbnail","hentry"],"acf":[],"_links":{"self":[{"href":"https:\/\/www.kuebler-hallenheizungen.de\/fi\/wp-json\/wp\/v2\/pages\/27777","targetHints":{"allow":["GET"]}}],"collection":[{"href":"https:\/\/www.kuebler-hallenheizungen.de\/fi\/wp-json\/wp\/v2\/pages"}],"about":[{"href":"https:\/\/www.kuebler-hallenheizungen.de\/fi\/wp-json\/wp\/v2\/types\/page"}],"author":[{"embeddable":true,"href":"https:\/\/www.kuebler-hallenheizungen.de\/fi\/wp-json\/wp\/v2\/users\/1"}],"replies":[{"embeddable":true,"href":"https:\/\/www.kuebler-hallenheizungen.de\/fi\/wp-json\/wp\/v2\/comments?post=27777"}],"version-history":[{"count":0,"href":"https:\/\/www.kuebler-hallenheizungen.de\/fi\/wp-json\/wp\/v2\/pages\/27777\/revisions"}],"wp:featuredmedia":[{"embeddable":true,"href":"https:\/\/www.kuebler-hallenheizungen.de\/fi\/wp-json\/wp\/v2\/media\/17604"}],"wp:attachment":[{"href":"https:\/\/www.kuebler-hallenheizungen.de\/fi\/wp-json\/wp\/v2\/media?parent=27777"}],"curies":[{"name":"wp","href":"https:\/\/api.w.org\/{rel}","templated":true}]}}