{"id":289,"date":"2024-02-27T22:02:43","date_gmt":"2024-02-27T21:02:43","guid":{"rendered":"https:\/\/kuebler.werbe-sofa.de\/?page_id=289"},"modified":"2025-12-27T16:53:52","modified_gmt":"2025-12-27T15:53:52","slug":"kestaevyys","status":"publish","type":"page","link":"https:\/\/www.kuebler-hallenheizungen.de\/fi\/ueber-kuebler\/nachhaltigkeit\/","title":{"rendered":"Kest\u00e4v\u00e4 kehitys"},"content":{"rendered":"","protected":false},"excerpt":{"rendered":"","protected":false},"author":1,"featured_media":18228,"parent":280,"menu_order":0,"comment_status":"closed","ping_status":"closed","template":"","meta":{"_acf_changed":false,"_seopress_robots_primary_cat":"","_seopress_titles_title":"Nachhaltigkeit: F\u00fcr uns mehr als ein Trend | K\u00dcBLER GmbH","_seopress_titles_desc":"Nachhaltigkeit ist Ausdruck unseres Selbstverst\u00e4ndnisses als inhabergef\u00fchrtes Familienunternehmen. Wir leben sie Tag f\u00fcr Tag.","_seopress_robots_index":"","footnotes":""},"class_list":["post-289","page","type-page","status-publish","has-post-thumbnail","hentry"],"acf":[],"_links":{"self":[{"href":"https:\/\/www.kuebler-hallenheizungen.de\/fi\/wp-json\/wp\/v2\/pages\/289","targetHints":{"allow":["GET"]}}],"collection":[{"href":"https:\/\/www.kuebler-hallenheizungen.de\/fi\/wp-json\/wp\/v2\/pages"}],"about":[{"href":"https:\/\/www.kuebler-hallenheizungen.de\/fi\/wp-json\/wp\/v2\/types\/page"}],"author":[{"embeddable":true,"href":"https:\/\/www.kuebler-hallenheizungen.de\/fi\/wp-json\/wp\/v2\/users\/1"}],"replies":[{"embeddable":true,"href":"https:\/\/www.kuebler-hallenheizungen.de\/fi\/wp-json\/wp\/v2\/comments?post=289"}],"version-history":[{"count":0,"href":"https:\/\/www.kuebler-hallenheizungen.de\/fi\/wp-json\/wp\/v2\/pages\/289\/revisions"}],"up":[{"embeddable":true,"href":"https:\/\/www.kuebler-hallenheizungen.de\/fi\/wp-json\/wp\/v2\/pages\/280"}],"wp:featuredmedia":[{"embeddable":true,"href":"https:\/\/www.kuebler-hallenheizungen.de\/fi\/wp-json\/wp\/v2\/media\/18228"}],"wp:attachment":[{"href":"https:\/\/www.kuebler-hallenheizungen.de\/fi\/wp-json\/wp\/v2\/media?parent=289"}],"curies":[{"name":"wp","href":"https:\/\/api.w.org\/{rel}","templated":true}]}}