{"id":28957,"date":"2024-12-16T01:13:08","date_gmt":"2024-12-16T00:13:08","guid":{"rendered":"https:\/\/www.kuebler-hallenheizungen.de\/?page_id=28957"},"modified":"2026-01-10T13:31:15","modified_gmt":"2026-01-10T12:31:15","slug":"e-linja","status":"publish","type":"page","link":"https:\/\/www.kuebler-hallenheizungen.de\/fi\/e-line\/","title":{"rendered":"E-Line"},"content":{"rendered":"","protected":false},"excerpt":{"rendered":"","protected":false},"author":1,"featured_media":29234,"parent":0,"menu_order":0,"comment_status":"closed","ping_status":"closed","template":"","meta":{"_acf_changed":false,"_seopress_robots_primary_cat":"","_seopress_titles_title":"Effiziente Elektro-Infrarotheizungen f\u00fcr Industriehallen.","_seopress_titles_desc":"Effiziente Elektro-Infrarotheizungen von K\u00fcbler f\u00fcr optimale W\u00e4rme in Ihrer Halle. Energiesparend und umweltfreundlich.","_seopress_robots_index":"","footnotes":""},"class_list":["post-28957","page","type-page","status-publish","has-post-thumbnail","hentry"],"acf":[],"_links":{"self":[{"href":"https:\/\/www.kuebler-hallenheizungen.de\/fi\/wp-json\/wp\/v2\/pages\/28957","targetHints":{"allow":["GET"]}}],"collection":[{"href":"https:\/\/www.kuebler-hallenheizungen.de\/fi\/wp-json\/wp\/v2\/pages"}],"about":[{"href":"https:\/\/www.kuebler-hallenheizungen.de\/fi\/wp-json\/wp\/v2\/types\/page"}],"author":[{"embeddable":true,"href":"https:\/\/www.kuebler-hallenheizungen.de\/fi\/wp-json\/wp\/v2\/users\/1"}],"replies":[{"embeddable":true,"href":"https:\/\/www.kuebler-hallenheizungen.de\/fi\/wp-json\/wp\/v2\/comments?post=28957"}],"version-history":[{"count":0,"href":"https:\/\/www.kuebler-hallenheizungen.de\/fi\/wp-json\/wp\/v2\/pages\/28957\/revisions"}],"wp:featuredmedia":[{"embeddable":true,"href":"https:\/\/www.kuebler-hallenheizungen.de\/fi\/wp-json\/wp\/v2\/media\/29234"}],"wp:attachment":[{"href":"https:\/\/www.kuebler-hallenheizungen.de\/fi\/wp-json\/wp\/v2\/media?parent=28957"}],"curies":[{"name":"wp","href":"https:\/\/api.w.org\/{rel}","templated":true}]}}