{"id":372,"date":"2024-02-27T22:44:17","date_gmt":"2024-02-27T21:44:17","guid":{"rendered":"https:\/\/kuebler.werbe-sofa.de\/?page_id=372"},"modified":"2025-10-24T16:42:27","modified_gmt":"2025-10-24T14:42:27","slug":"co2-laskuri","status":"publish","type":"page","link":"https:\/\/www.kuebler-hallenheizungen.de\/fi\/co2-rechner\/","title":{"rendered":"CO\u2082-s\u00e4\u00e4st\u00f6jen laskuri"},"content":{"rendered":"","protected":false},"excerpt":{"rendered":"","protected":false},"author":1,"featured_media":18916,"parent":0,"menu_order":0,"comment_status":"closed","ping_status":"closed","template":"","meta":{"_acf_changed":false,"_seopress_robots_primary_cat":"","_seopress_titles_title":"CO\u2082-Einsparrechner: Jetzt Potenzial ermitteln! | K\u00dcBLER GmbH","_seopress_titles_desc":"Sie m\u00f6chten in Ihrer Halle Energiekosten sparen? Mit unserem CO\u2082-Einsparrechner erhalten Sie eine erste Einsch\u00e4tzung zur Dekarbonisierung.","_seopress_robots_index":"","footnotes":""},"class_list":["post-372","page","type-page","status-publish","has-post-thumbnail","hentry"],"acf":[],"_links":{"self":[{"href":"https:\/\/www.kuebler-hallenheizungen.de\/fi\/wp-json\/wp\/v2\/pages\/372","targetHints":{"allow":["GET"]}}],"collection":[{"href":"https:\/\/www.kuebler-hallenheizungen.de\/fi\/wp-json\/wp\/v2\/pages"}],"about":[{"href":"https:\/\/www.kuebler-hallenheizungen.de\/fi\/wp-json\/wp\/v2\/types\/page"}],"author":[{"embeddable":true,"href":"https:\/\/www.kuebler-hallenheizungen.de\/fi\/wp-json\/wp\/v2\/users\/1"}],"replies":[{"embeddable":true,"href":"https:\/\/www.kuebler-hallenheizungen.de\/fi\/wp-json\/wp\/v2\/comments?post=372"}],"version-history":[{"count":0,"href":"https:\/\/www.kuebler-hallenheizungen.de\/fi\/wp-json\/wp\/v2\/pages\/372\/revisions"}],"wp:featuredmedia":[{"embeddable":true,"href":"https:\/\/www.kuebler-hallenheizungen.de\/fi\/wp-json\/wp\/v2\/media\/18916"}],"wp:attachment":[{"href":"https:\/\/www.kuebler-hallenheizungen.de\/fi\/wp-json\/wp\/v2\/media?parent=372"}],"curies":[{"name":"wp","href":"https:\/\/api.w.org\/{rel}","templated":true}]}}