{"id":47928,"date":"2025-12-05T10:08:06","date_gmt":"2025-12-05T09:08:06","guid":{"rendered":"https:\/\/www.kuebler-hallenheizungen.de\/?page_id=47928"},"modified":"2025-12-05T10:08:06","modified_gmt":"2025-12-05T09:08:06","slug":"palautekirje","status":"publish","type":"page","link":"https:\/\/www.kuebler-hallenheizungen.de\/fi\/feedback-newsletter\/","title":{"rendered":"Palaute K\u00dcBLER-uutiset"},"content":{"rendered":"","protected":false},"excerpt":{"rendered":"","protected":false},"author":17,"featured_media":17033,"parent":0,"menu_order":0,"comment_status":"closed","ping_status":"closed","template":"","meta":{"_acf_changed":false,"_seopress_robots_primary_cat":"","_seopress_titles_title":"Energieeffiziente Hallenheizungen f\u00fcr Industrie & Gewerbe","_seopress_titles_desc":"Entdecken Sie energieeffiziente Hallenheizungen von K\u00fcbler \u2013 innovative L\u00f6sungen f\u00fcr W\u00e4rme, Nachhaltigkeit und Kosteneinsparung.","_seopress_robots_index":"","footnotes":""},"class_list":["post-47928","page","type-page","status-publish","has-post-thumbnail","hentry"],"acf":[],"_links":{"self":[{"href":"https:\/\/www.kuebler-hallenheizungen.de\/fi\/wp-json\/wp\/v2\/pages\/47928","targetHints":{"allow":["GET"]}}],"collection":[{"href":"https:\/\/www.kuebler-hallenheizungen.de\/fi\/wp-json\/wp\/v2\/pages"}],"about":[{"href":"https:\/\/www.kuebler-hallenheizungen.de\/fi\/wp-json\/wp\/v2\/types\/page"}],"author":[{"embeddable":true,"href":"https:\/\/www.kuebler-hallenheizungen.de\/fi\/wp-json\/wp\/v2\/users\/17"}],"replies":[{"embeddable":true,"href":"https:\/\/www.kuebler-hallenheizungen.de\/fi\/wp-json\/wp\/v2\/comments?post=47928"}],"version-history":[{"count":0,"href":"https:\/\/www.kuebler-hallenheizungen.de\/fi\/wp-json\/wp\/v2\/pages\/47928\/revisions"}],"wp:featuredmedia":[{"embeddable":true,"href":"https:\/\/www.kuebler-hallenheizungen.de\/fi\/wp-json\/wp\/v2\/media\/17033"}],"wp:attachment":[{"href":"https:\/\/www.kuebler-hallenheizungen.de\/fi\/wp-json\/wp\/v2\/media?parent=47928"}],"curies":[{"name":"wp","href":"https:\/\/api.w.org\/{rel}","templated":true}]}}