{"id":60,"date":"2024-02-15T03:08:37","date_gmt":"2024-02-15T02:08:37","guid":{"rendered":"https:\/\/kiefer.werbe-sofa.de\/?page_id=60"},"modified":"2026-03-24T13:49:58","modified_gmt":"2026-03-24T12:49:58","slug":"painatus","status":"publish","type":"page","link":"https:\/\/www.kuebler-hallenheizungen.de\/fi\/impressum\/","title":{"rendered":"J\u00e4lki"},"content":{"rendered":"<h2>Yrityksen p\u00e4\u00e4konttori<\/h2>\n<p><strong>K\u00dcBLER GmbH<br \/>\n<\/strong><strong>Energiaa s\u00e4\u00e4st\u00e4v\u00e4t hallien l\u00e4mmitysj\u00e4rjestelm\u00e4t<\/strong><\/p>\n<p>Am Bubenpfad 1a | D-67065 Ludwigshafen am Rhein<\/p>\n<p>Puh.: +49 621 57000-0 | Faksi: +49 621 57000-57<\/p>\n<p><a href=\"mailto:kontakt@kuebler-hallenheizungen.de\"><strong>kontakt@kuebler-hallenheizungen.de<\/strong><\/a><\/p>\n<h2>Hallinto<\/h2>\n<p>Frederic Renz<\/p>\n<h3>Kaupparekisteri<\/h3>\n<p>Rekister\u00f6ity Ludwigshafenin maistraatissa HRB-numerolla: 3379.<\/p>\n<p>Myyntiveron tunnistenumero<\/p>\n<p>FI 149139822<\/p>\n<h2>Yleiset ehdot<\/h2>\n<p>K\u00dcBLER GmbH suorittaa tilaukset ja tarjoaa ty\u00f6palvelut ainoastaan sen <a href=\"https:\/\/www.kuebler-hallenheizungen.de\/wp-content\/uploads\/2025\/05\/agb_verkauf.pdf\" target=\"_blank\" rel=\"noopener\">Yleiset ehdot<\/a> alkaen.<\/p>\n<h2>Yleiset ostoehdot<\/h2>\n<p>K\u00dcBLER GmbH tekee ostoja ja vuokrauksia vain sen omien <a href=\"https:\/\/www.kuebler-hallenheizungen.de\/wp-content\/uploads\/2025\/02\/674_agb_einkauf_09-2017.pdf\" target=\"_blank\" rel=\"noopener\">Yleiset ostoehdot<\/a>.<\/p>\n<h3>Kuvan oikeudet<\/h3>\n<p>K\u00dcBLER GmbH,<br \/>\n<a href=\"https:\/\/www.schepers-photography.de\/\" target=\"_blank\" rel=\"noopener\">Schepers-Photography.com<\/a>,<br \/>\nContrastwerkstatt - Fotolia.com,<br \/>\nSyda Productions - Fotolia.com,<br \/>\ndigital-designer - Fotolia.com,<br \/>\nPatrizia Tilly - Fotolia.com,<br \/>\nag visuell - Fotolia.com<\/p>\n<h3>Web-kehitys &amp; hosting<\/h3>\n<p>Valmistettu <span class=\"font-display text-red-500\">\u2665<\/span> by <a href=\"https:\/\/www.werbesofa.de\" target=\"_blank\" rel=\"nofollow noopener\">Mainonta sohva<\/a><br \/>\nWerbesofa GmbH<br \/>\nBergh\u00e4user-Str. 83<br \/>\n67354 R\u00f6merberg<br \/>\nSaksa<\/p>","protected":false},"excerpt":{"rendered":"<p>Unternehmenszentrale K\u00dcBLER GmbH Energiesparende Hallenheizungen Am Bubenpfad 1a | D-67065 Ludwigshafen am Rhein Tel.: +49 621 57000-0 | Fax: +49 621 57000-57 kontakt@kuebler-hallenheizungen.de Gesch\u00e4ftsf\u00fchrung Frederic Renz Handelsregister Eingetragen beim Amtsgericht Ludwigshafen unter der HRB-Nr.: 3379 Umsatzsteuer-Identifikations-Nummer DE 149139822 Allgemeine Gesch\u00e4ftsbedingungen Die K\u00dcBLER GmbH f\u00fchrt Bestellungen und Werkleistungen nur auf Basis ihrer Allgemeinen Gesch\u00e4ftsbedingungen aus. Allgemeine [&hellip;]<\/p>\n","protected":false},"author":1,"featured_media":18888,"parent":0,"menu_order":0,"comment_status":"closed","ping_status":"closed","template":"","meta":{"_acf_changed":false,"_seopress_robots_primary_cat":"","_seopress_titles_title":"Impressum | K\u00dcBLER GmbH","_seopress_titles_desc":"Alle wichtigen Unternehmens- und Kontaktinformationen der K\u00dcBLER GmbH finden Sie in unserem Impressum.","_seopress_robots_index":"","footnotes":""},"class_list":["post-60","page","type-page","status-publish","has-post-thumbnail","hentry"],"acf":[],"_links":{"self":[{"href":"https:\/\/www.kuebler-hallenheizungen.de\/fi\/wp-json\/wp\/v2\/pages\/60","targetHints":{"allow":["GET"]}}],"collection":[{"href":"https:\/\/www.kuebler-hallenheizungen.de\/fi\/wp-json\/wp\/v2\/pages"}],"about":[{"href":"https:\/\/www.kuebler-hallenheizungen.de\/fi\/wp-json\/wp\/v2\/types\/page"}],"author":[{"embeddable":true,"href":"https:\/\/www.kuebler-hallenheizungen.de\/fi\/wp-json\/wp\/v2\/users\/1"}],"replies":[{"embeddable":true,"href":"https:\/\/www.kuebler-hallenheizungen.de\/fi\/wp-json\/wp\/v2\/comments?post=60"}],"version-history":[{"count":1,"href":"https:\/\/www.kuebler-hallenheizungen.de\/fi\/wp-json\/wp\/v2\/pages\/60\/revisions"}],"predecessor-version":[{"id":133996,"href":"https:\/\/www.kuebler-hallenheizungen.de\/fi\/wp-json\/wp\/v2\/pages\/60\/revisions\/133996"}],"wp:featuredmedia":[{"embeddable":true,"href":"https:\/\/www.kuebler-hallenheizungen.de\/fi\/wp-json\/wp\/v2\/media\/18888"}],"wp:attachment":[{"href":"https:\/\/www.kuebler-hallenheizungen.de\/fi\/wp-json\/wp\/v2\/media?parent=60"}],"curies":[{"name":"wp","href":"https:\/\/api.w.org\/{rel}","templated":true}]}}