{"id":18945,"date":"2024-05-13T01:41:33","date_gmt":"2024-05-12T23:41:33","guid":{"rendered":"https:\/\/kuebler.werbe-sofa.de\/?page_id=18945"},"modified":"2025-10-20T08:43:29","modified_gmt":"2025-10-20T06:43:29","slug":"frisslevego-ellatas","status":"publish","type":"page","link":"https:\/\/www.kuebler-hallenheizungen.de\/hu\/produkte\/komponenten\/frischluftzufuhr\/","title":{"rendered":"Friss leveg\u0151ell\u00e1t\u00e1s"},"content":{"rendered":"","protected":false},"excerpt":{"rendered":"","protected":false},"author":1,"featured_media":5058,"parent":18940,"menu_order":0,"comment_status":"closed","ping_status":"closed","template":"","meta":{"_acf_changed":false,"_seopress_robots_primary_cat":"","_seopress_titles_title":"Frischluftzufuhr f\u00fcr raumluftunabh\u00e4ngigen Betrieb | K\u00dcBLER","_seopress_titles_desc":"Moderne Frischluftzufuhr-Systeme f\u00fcr Hallen mit besonders belasteter Atmosph\u00e4re. Entdecken Sie mit K\u00dcBLER neue Potenziale!","_seopress_robots_index":"","footnotes":""},"class_list":["post-18945","page","type-page","status-publish","has-post-thumbnail","hentry"],"acf":[],"_links":{"self":[{"href":"https:\/\/www.kuebler-hallenheizungen.de\/hu\/wp-json\/wp\/v2\/pages\/18945","targetHints":{"allow":["GET"]}}],"collection":[{"href":"https:\/\/www.kuebler-hallenheizungen.de\/hu\/wp-json\/wp\/v2\/pages"}],"about":[{"href":"https:\/\/www.kuebler-hallenheizungen.de\/hu\/wp-json\/wp\/v2\/types\/page"}],"author":[{"embeddable":true,"href":"https:\/\/www.kuebler-hallenheizungen.de\/hu\/wp-json\/wp\/v2\/users\/1"}],"replies":[{"embeddable":true,"href":"https:\/\/www.kuebler-hallenheizungen.de\/hu\/wp-json\/wp\/v2\/comments?post=18945"}],"version-history":[{"count":0,"href":"https:\/\/www.kuebler-hallenheizungen.de\/hu\/wp-json\/wp\/v2\/pages\/18945\/revisions"}],"up":[{"embeddable":true,"href":"https:\/\/www.kuebler-hallenheizungen.de\/hu\/wp-json\/wp\/v2\/pages\/18940"}],"wp:featuredmedia":[{"embeddable":true,"href":"https:\/\/www.kuebler-hallenheizungen.de\/hu\/wp-json\/wp\/v2\/media\/5058"}],"wp:attachment":[{"href":"https:\/\/www.kuebler-hallenheizungen.de\/hu\/wp-json\/wp\/v2\/media?parent=18945"}],"curies":[{"name":"wp","href":"https:\/\/api.w.org\/{rel}","templated":true}]}}