{"id":19145,"date":"2024-05-14T14:31:35","date_gmt":"2024-05-14T12:31:35","guid":{"rendered":"https:\/\/kuebler.werbe-sofa.de\/?page_id=19145"},"modified":"2025-11-14T16:12:13","modified_gmt":"2025-11-14T15:12:13","slug":"hasznalati-feltetelek","status":"publish","type":"page","link":"https:\/\/www.kuebler-hallenheizungen.de\/hu\/nutzungsbedingungen\/","title":{"rendered":"Haszn\u00e1lati felt\u00e9telek"},"content":{"rendered":"<h2>sorsol\u00e1s<\/h2>\n<p>A sorsol\u00e1s 2025.11.14-\u00e9n kezd\u0151dik a bejegyz\u00e9s k\u00f6zz\u00e9t\u00e9tel\u00e9vel, \u00e9s 2025.11.17-\u00e9n 16:00 \u00f3rakor \u00e9r v\u00e9get, amint azt a bejegyz\u00e9s is tartalmazza. K\u00e9szp\u00e9nzben t\u00f6rt\u00e9n\u0151 kifizet\u00e9s vagy m\u00e1s szem\u00e9lyre t\u00f6rt\u00e9n\u0151 \u00e1truh\u00e1z\u00e1s nem lehets\u00e9ges. A sorsol\u00e1snak nincs kapcsolata a Meta-val. Jogi \u00faton nem lehet \u00e9rv\u00e9nyes\u00edteni. A szervez\u0151 fenntartja a jogot, hogy a r\u00e9szv\u00e9teli felt\u00e9teleket b\u00e1rmikor m\u00f3dos\u00edtsa, vagy a nyerem\u00e9nyj\u00e1t\u00e9kot b\u00e1rmikor fontos okb\u00f3l befejezze vagy megszak\u00edtsa. Ilyen esetek p\u00e9ld\u00e1ul akkor \u00e1llnak fenn, ha a nyerem\u00e9nyj\u00e1t\u00e9k tervezett lefolytat\u00e1sa s\u00falyosan zavart szenved. Ha egy ilyen befejez\u00e9st egy r\u00e9sztvev\u0151 magatart\u00e1sa okoz, a szervez\u0151 jogosult az adott szem\u00e9lyt\u0151l k\u00e1rt\u00e9r\u00edt\u00e9st k\u00f6vetelni.<\/p>\n<h2>Sajt\u00f3port\u00e1l<\/h2>\n<p>K\u00e9rj\u00fck, vegye figyelembe a felhaszn\u00e1l\u00e1si felt\u00e9teleket: A k\u00e9pek a kiad\u00f3k \u00e9s \u00fajs\u00e1g\u00edr\u00f3k rendelkez\u00e9s\u00e9re \u00e1llnak, \u00e9s kiz\u00e1r\u00f3lag szerkeszt\u0151i c\u00e9lokra haszn\u00e1lhatj\u00e1k fel a K\u00dcBLER Csoportr\u00f3l \u00e9s annak tev\u00e9kenys\u00e9g\u00e9r\u0151l sz\u00f3l\u00f3 tud\u00f3s\u00edt\u00e1sok r\u00e9szek\u00e9nt.<\/p>\n<p>Minden m\u00e1s felhaszn\u00e1l\u00e1s csak a K\u00dcBLER GmbH el\u0151zetes \u00edr\u00e1sbeli hozz\u00e1j\u00e1rul\u00e1s\u00e1val enged\u00e9lyezett. K\u00e9rj\u00fck, hogy minden k\u00e9rd\u00e9st a k\u00f6vetkez\u0151 c\u00edmre c\u00edmezzen: <a href=\"mailto:marketing@kuebler-hallenheizungen.de\">marketing@kuebler-hallenheizungen.de<\/a>.<\/p>\n<p>A k\u00e9pek elidegen\u00edt\u00e9se vagy egy\u00e9b megv\u00e1ltoztat\u00e1sa nem megengedett. A forr\u00e1st a \"\u00a9 K\u00dcBLER GmbH Energiesparende Hallenheizungen\" megjel\u00f6l\u00e9ssel kell felt\u00fcntetni.<\/p>\n<p>V\u00e1rjuk publik\u00e1ci\u00f3j\u00e1t, \u00e9s k\u00e9rj\u00fck, hogy k\u00fcldj\u00f6n egy p\u00e9ld\u00e1nyt vagy a publik\u00e1ci\u00f3j\u00e1ra mutat\u00f3 linket a k\u00f6vetkez\u0151 c\u00edmre: K\u00dcBLER GmbH Am Bubenpfad 1A, 67065 Ludwigshafen vagy <a href=\"mailto:marketing@kuebler-hallenheizungen.de\">marketing@kuebler-hallenheizungen.de<\/a><\/p>","protected":false},"excerpt":{"rendered":"<p>Verlosung Die Verlosung startet am 14.11.2025 mit der Ver\u00f6ffentlichung des Posts und endet am 17.11.2025 um 16:00 Uhr, wie auch im Post angegeben. Eine Barauszahlung oder eine \u00dcbertragung auf andere Personen ist nicht m\u00f6glich. Die Verlosung steht in keiner Verbindung zu Meta. Der Rechtsweg ist ausgeschlossen. Der Veranstalter beh\u00e4lt sich vor, die Teilnahmebedingungen jederzeit zu [&hellip;]<\/p>\n","protected":false},"author":1,"featured_media":17601,"parent":0,"menu_order":0,"comment_status":"closed","ping_status":"closed","template":"","meta":{"_acf_changed":false,"_seopress_robots_primary_cat":"","_seopress_titles_title":"Nutzungsbedingungen | K\u00fcbler Hallenheizungen","_seopress_titles_desc":"Lesen Sie die Nutzungsbedingungen f\u00fcr die Website von K\u00dcBLER. Erfahren Sie alles \u00fcber die rechtlichen Grundlagen und zur Nutzung der Inhalte.","_seopress_robots_index":"","footnotes":""},"class_list":["post-19145","page","type-page","status-publish","has-post-thumbnail","hentry"],"acf":[],"_links":{"self":[{"href":"https:\/\/www.kuebler-hallenheizungen.de\/hu\/wp-json\/wp\/v2\/pages\/19145","targetHints":{"allow":["GET"]}}],"collection":[{"href":"https:\/\/www.kuebler-hallenheizungen.de\/hu\/wp-json\/wp\/v2\/pages"}],"about":[{"href":"https:\/\/www.kuebler-hallenheizungen.de\/hu\/wp-json\/wp\/v2\/types\/page"}],"author":[{"embeddable":true,"href":"https:\/\/www.kuebler-hallenheizungen.de\/hu\/wp-json\/wp\/v2\/users\/1"}],"replies":[{"embeddable":true,"href":"https:\/\/www.kuebler-hallenheizungen.de\/hu\/wp-json\/wp\/v2\/comments?post=19145"}],"version-history":[{"count":0,"href":"https:\/\/www.kuebler-hallenheizungen.de\/hu\/wp-json\/wp\/v2\/pages\/19145\/revisions"}],"wp:featuredmedia":[{"embeddable":true,"href":"https:\/\/www.kuebler-hallenheizungen.de\/hu\/wp-json\/wp\/v2\/media\/17601"}],"wp:attachment":[{"href":"https:\/\/www.kuebler-hallenheizungen.de\/hu\/wp-json\/wp\/v2\/media?parent=19145"}],"curies":[{"name":"wp","href":"https:\/\/api.w.org\/{rel}","templated":true}]}}