{"id":199,"date":"2024-02-27T18:19:23","date_gmt":"2024-02-27T17:19:23","guid":{"rendered":"https:\/\/kuebler.werbe-sofa.de\/?page_id=199"},"modified":"2025-12-18T15:45:38","modified_gmt":"2025-12-18T14:45:38","slug":"alkalmazasok","status":"publish","type":"page","link":"https:\/\/www.kuebler-hallenheizungen.de\/hu\/anwendungen\/","title":{"rendered":"Alkalmaz\u00e1sok"},"content":{"rendered":"","protected":false},"excerpt":{"rendered":"","protected":false},"author":1,"featured_media":17033,"parent":0,"menu_order":0,"comment_status":"closed","ping_status":"closed","template":"","meta":{"_acf_changed":false,"_seopress_robots_primary_cat":"","_seopress_titles_title":"Wirtschaftliche Deckenheizungen f\u00fcr einfach jede Halle","_seopress_titles_desc":"Entdecken Sie energieeffiziente Hallenheizungen f\u00fcr Industrie, Logistik, Sporthallen, Werkst\u00e4tten und mehr \u2013 perfekt angepasst an Ihre Anforderungen.","_seopress_robots_index":"","footnotes":""},"class_list":["post-199","page","type-page","status-publish","has-post-thumbnail","hentry"],"acf":[],"_links":{"self":[{"href":"https:\/\/www.kuebler-hallenheizungen.de\/hu\/wp-json\/wp\/v2\/pages\/199","targetHints":{"allow":["GET"]}}],"collection":[{"href":"https:\/\/www.kuebler-hallenheizungen.de\/hu\/wp-json\/wp\/v2\/pages"}],"about":[{"href":"https:\/\/www.kuebler-hallenheizungen.de\/hu\/wp-json\/wp\/v2\/types\/page"}],"author":[{"embeddable":true,"href":"https:\/\/www.kuebler-hallenheizungen.de\/hu\/wp-json\/wp\/v2\/users\/1"}],"replies":[{"embeddable":true,"href":"https:\/\/www.kuebler-hallenheizungen.de\/hu\/wp-json\/wp\/v2\/comments?post=199"}],"version-history":[{"count":0,"href":"https:\/\/www.kuebler-hallenheizungen.de\/hu\/wp-json\/wp\/v2\/pages\/199\/revisions"}],"wp:featuredmedia":[{"embeddable":true,"href":"https:\/\/www.kuebler-hallenheizungen.de\/hu\/wp-json\/wp\/v2\/media\/17033"}],"wp:attachment":[{"href":"https:\/\/www.kuebler-hallenheizungen.de\/hu\/wp-json\/wp\/v2\/media?parent=199"}],"curies":[{"name":"wp","href":"https:\/\/api.w.org\/{rel}","templated":true}]}}