{"id":224,"date":"2024-02-27T18:24:10","date_gmt":"2024-02-27T17:24:10","guid":{"rendered":"https:\/\/kuebler.werbe-sofa.de\/?page_id=224"},"modified":"2025-10-17T16:37:56","modified_gmt":"2025-10-17T14:37:56","slug":"repueles-es-koezlekedes","status":"publish","type":"page","link":"https:\/\/www.kuebler-hallenheizungen.de\/hu\/anwendungen\/luftfahrt-und-verkehr\/","title":{"rendered":"L\u00e9gik\u00f6zleked\u00e9s \u00e9s sz\u00e1ll\u00edt\u00e1s"},"content":{"rendered":"","protected":false},"excerpt":{"rendered":"","protected":false},"author":1,"featured_media":19598,"parent":199,"menu_order":0,"comment_status":"closed","ping_status":"closed","template":"","meta":{"_acf_changed":false,"_seopress_robots_primary_cat":"","_seopress_titles_title":"Heizungen f\u00fcr Luftfahrt & Verkehr Werkst\u00e4tten | K\u00dcBLER","_seopress_titles_desc":"Die idealen Heizungsl\u00f6sungen f\u00fcr Luftfahrt- & Verkehrswerkst\u00e4tten sind energiesparenden Infrarotheizungen mit geringen Verbrauchskosten.","_seopress_robots_index":"","footnotes":""},"class_list":["post-224","page","type-page","status-publish","has-post-thumbnail","hentry"],"acf":[],"_links":{"self":[{"href":"https:\/\/www.kuebler-hallenheizungen.de\/hu\/wp-json\/wp\/v2\/pages\/224","targetHints":{"allow":["GET"]}}],"collection":[{"href":"https:\/\/www.kuebler-hallenheizungen.de\/hu\/wp-json\/wp\/v2\/pages"}],"about":[{"href":"https:\/\/www.kuebler-hallenheizungen.de\/hu\/wp-json\/wp\/v2\/types\/page"}],"author":[{"embeddable":true,"href":"https:\/\/www.kuebler-hallenheizungen.de\/hu\/wp-json\/wp\/v2\/users\/1"}],"replies":[{"embeddable":true,"href":"https:\/\/www.kuebler-hallenheizungen.de\/hu\/wp-json\/wp\/v2\/comments?post=224"}],"version-history":[{"count":0,"href":"https:\/\/www.kuebler-hallenheizungen.de\/hu\/wp-json\/wp\/v2\/pages\/224\/revisions"}],"up":[{"embeddable":true,"href":"https:\/\/www.kuebler-hallenheizungen.de\/hu\/wp-json\/wp\/v2\/pages\/199"}],"wp:featuredmedia":[{"embeddable":true,"href":"https:\/\/www.kuebler-hallenheizungen.de\/hu\/wp-json\/wp\/v2\/media\/19598"}],"wp:attachment":[{"href":"https:\/\/www.kuebler-hallenheizungen.de\/hu\/wp-json\/wp\/v2\/media?parent=224"}],"curies":[{"name":"wp","href":"https:\/\/api.w.org\/{rel}","templated":true}]}}