{"id":243,"date":"2024-02-27T18:26:13","date_gmt":"2024-02-27T17:26:13","guid":{"rendered":"https:\/\/kuebler.werbe-sofa.de\/?page_id=243"},"modified":"2025-10-17T16:33:36","modified_gmt":"2025-10-17T14:33:36","slug":"futesszerelo","status":"publish","type":"page","link":"https:\/\/www.kuebler-hallenheizungen.de\/hu\/anwendungen\/heizungsbauer\/","title":{"rendered":"F\u0171t\u00e9sszerel\u0151"},"content":{"rendered":"","protected":false},"excerpt":{"rendered":"","protected":false},"author":1,"featured_media":1805,"parent":199,"menu_order":0,"comment_status":"closed","ping_status":"closed","template":"","meta":{"_acf_changed":false,"_seopress_robots_primary_cat":"","_seopress_titles_title":"Hallenheizungen, die Heizungsbauer lieben, effizient & smart","_seopress_titles_desc":"Innovative Hallenheizungsl\u00f6sungen auf die Heizungsbauer vertrauen: Energieeffizient, nachhaltig und individuell planbar. Jetzt bei K\u00dcBLER entdecken!","_seopress_robots_index":"","footnotes":""},"class_list":["post-243","page","type-page","status-publish","has-post-thumbnail","hentry"],"acf":[],"_links":{"self":[{"href":"https:\/\/www.kuebler-hallenheizungen.de\/hu\/wp-json\/wp\/v2\/pages\/243","targetHints":{"allow":["GET"]}}],"collection":[{"href":"https:\/\/www.kuebler-hallenheizungen.de\/hu\/wp-json\/wp\/v2\/pages"}],"about":[{"href":"https:\/\/www.kuebler-hallenheizungen.de\/hu\/wp-json\/wp\/v2\/types\/page"}],"author":[{"embeddable":true,"href":"https:\/\/www.kuebler-hallenheizungen.de\/hu\/wp-json\/wp\/v2\/users\/1"}],"replies":[{"embeddable":true,"href":"https:\/\/www.kuebler-hallenheizungen.de\/hu\/wp-json\/wp\/v2\/comments?post=243"}],"version-history":[{"count":0,"href":"https:\/\/www.kuebler-hallenheizungen.de\/hu\/wp-json\/wp\/v2\/pages\/243\/revisions"}],"up":[{"embeddable":true,"href":"https:\/\/www.kuebler-hallenheizungen.de\/hu\/wp-json\/wp\/v2\/pages\/199"}],"wp:featuredmedia":[{"embeddable":true,"href":"https:\/\/www.kuebler-hallenheizungen.de\/hu\/wp-json\/wp\/v2\/media\/1805"}],"wp:attachment":[{"href":"https:\/\/www.kuebler-hallenheizungen.de\/hu\/wp-json\/wp\/v2\/media?parent=243"}],"curies":[{"name":"wp","href":"https:\/\/api.w.org\/{rel}","templated":true}]}}