{"id":43744,"date":"2025-12-18T16:36:15","date_gmt":"2025-12-18T15:36:15","guid":{"rendered":"https:\/\/www.kuebler-hallenheizungen.de\/?page_id=43744"},"modified":"2025-12-18T16:36:15","modified_gmt":"2025-12-18T15:36:15","slug":"elextra","status":"publish","type":"page","link":"https:\/\/www.kuebler-hallenheizungen.de\/hu\/produkte\/infrarot-hallenheizungen\/elextra\/","title":{"rendered":"ELEXTRA"},"content":{"rendered":"","protected":false},"excerpt":{"rendered":"","protected":false},"author":1,"featured_media":0,"parent":87,"menu_order":0,"comment_status":"closed","ping_status":"closed","template":"","meta":{"_acf_changed":false,"_seopress_robots_primary_cat":"","_seopress_titles_title":"ELEXTRA, die elektrische Infrarot-Hallenheizung von K\u00dcBLER","_seopress_titles_desc":"Die neue Generation Elektro-Infrarotheizung ist eine Effizienz-Klasse f\u00fcr sich. Sie ein breites Leistungsspektrum und die h\u00f6chste Leistungsklasse.","_seopress_robots_index":"","footnotes":""},"class_list":["post-43744","page","type-page","status-publish","hentry"],"acf":[],"_links":{"self":[{"href":"https:\/\/www.kuebler-hallenheizungen.de\/hu\/wp-json\/wp\/v2\/pages\/43744","targetHints":{"allow":["GET"]}}],"collection":[{"href":"https:\/\/www.kuebler-hallenheizungen.de\/hu\/wp-json\/wp\/v2\/pages"}],"about":[{"href":"https:\/\/www.kuebler-hallenheizungen.de\/hu\/wp-json\/wp\/v2\/types\/page"}],"author":[{"embeddable":true,"href":"https:\/\/www.kuebler-hallenheizungen.de\/hu\/wp-json\/wp\/v2\/users\/1"}],"replies":[{"embeddable":true,"href":"https:\/\/www.kuebler-hallenheizungen.de\/hu\/wp-json\/wp\/v2\/comments?post=43744"}],"version-history":[{"count":0,"href":"https:\/\/www.kuebler-hallenheizungen.de\/hu\/wp-json\/wp\/v2\/pages\/43744\/revisions"}],"up":[{"embeddable":true,"href":"https:\/\/www.kuebler-hallenheizungen.de\/hu\/wp-json\/wp\/v2\/pages\/87"}],"wp:attachment":[{"href":"https:\/\/www.kuebler-hallenheizungen.de\/hu\/wp-json\/wp\/v2\/media?parent=43744"}],"curies":[{"name":"wp","href":"https:\/\/api.w.org\/{rel}","templated":true}]}}