{"id":19145,"date":"2024-05-14T14:31:35","date_gmt":"2024-05-14T12:31:35","guid":{"rendered":"https:\/\/kuebler.werbe-sofa.de\/?page_id=19145"},"modified":"2025-11-14T16:12:13","modified_gmt":"2025-11-14T15:12:13","slug":"vilkar-for-bruk","status":"publish","type":"page","link":"https:\/\/www.kuebler-hallenheizungen.de\/nb\/nutzungsbedingungen\/","title":{"rendered":"Vilk\u00e5r for bruk"},"content":{"rendered":"<h2>loddtrekning<\/h2>\n<p>Trekningen starter 14.11.2025 med publiseringen av innlegget og avsluttes 17.11.2025 kl. 16:00, som ogs\u00e5 angitt i innlegget. Kontant utbetaling eller overf\u00f8ring til andre personer er ikke mulig. Trekningen har ingen tilknytning til Meta. Rettslige skritt er utelukket. Arrang\u00f8ren forbeholder seg retten til \u00e5 endre deltakelsesvilk\u00e5rene n\u00e5r som helst eller \u00e5 avslutte eller avbryte konkurransen n\u00e5r som helst av viktige grunner. Slike tilfeller foreligger for eksempel hvis den planlagte gjennomf\u00f8ringen av konkurransen blir alvorlig forstyrret. Hvis en slik avslutning skyldes en deltakers oppf\u00f8rsel, har arrang\u00f8ren rett til \u00e5 kreve erstatning fra denne personen.<\/p>\n<h2>Presseportal<\/h2>\n<p>V\u00e6r oppmerksom p\u00e5 vilk\u00e5rene for bruk: Alle bilder er tilgjengelige for utgivere og journalister og kan kun brukes av dem til redaksjonelle form\u00e5l som en del av deres rapportering om K\u00dcBLER-konsernet og dets aktiviteter.<\/p>\n<p>All annen bruk er kun tillatt med skriftlig forh\u00e5ndssamtykke fra K\u00dcBLER GmbH. Henvendelser kan rettes til <a href=\"mailto:marketing@kuebler-hallenheizungen.de\">marketing@kuebler-hallenheizungen.de<\/a>.<\/p>\n<p>Det er ikke tillatt \u00e5 fremmedgj\u00f8re eller p\u00e5 annen m\u00e5te endre bildene. Kilden m\u00e5 angis som \"\u00a9 K\u00dcBLER GmbH Energiesparende Hallenheizungen\".<\/p>\n<p>Vi ser frem til din publikasjon og ber om at du sender et eksemplar eller en lenke til din publikasjon til K\u00dcBLER GmbH Am Bubenpfad 1A, 67065 Ludwigshafen eller <a href=\"mailto:marketing@kuebler-hallenheizungen.de\">marketing@kuebler-hallenheizungen.de<\/a><\/p>","protected":false},"excerpt":{"rendered":"<p>Verlosung Die Verlosung startet am 14.11.2025 mit der Ver\u00f6ffentlichung des Posts und endet am 17.11.2025 um 16:00 Uhr, wie auch im Post angegeben. Eine Barauszahlung oder eine \u00dcbertragung auf andere Personen ist nicht m\u00f6glich. Die Verlosung steht in keiner Verbindung zu Meta. Der Rechtsweg ist ausgeschlossen. Der Veranstalter beh\u00e4lt sich vor, die Teilnahmebedingungen jederzeit zu [&hellip;]<\/p>\n","protected":false},"author":1,"featured_media":17601,"parent":0,"menu_order":0,"comment_status":"closed","ping_status":"closed","template":"","meta":{"_acf_changed":false,"_seopress_robots_primary_cat":"","_seopress_titles_title":"Nutzungsbedingungen | K\u00fcbler Hallenheizungen","_seopress_titles_desc":"Lesen Sie die Nutzungsbedingungen f\u00fcr die Website von K\u00dcBLER. Erfahren Sie alles \u00fcber die rechtlichen Grundlagen und zur Nutzung der Inhalte.","_seopress_robots_index":"","footnotes":""},"class_list":["post-19145","page","type-page","status-publish","has-post-thumbnail","hentry"],"acf":[],"_links":{"self":[{"href":"https:\/\/www.kuebler-hallenheizungen.de\/nb\/wp-json\/wp\/v2\/pages\/19145","targetHints":{"allow":["GET"]}}],"collection":[{"href":"https:\/\/www.kuebler-hallenheizungen.de\/nb\/wp-json\/wp\/v2\/pages"}],"about":[{"href":"https:\/\/www.kuebler-hallenheizungen.de\/nb\/wp-json\/wp\/v2\/types\/page"}],"author":[{"embeddable":true,"href":"https:\/\/www.kuebler-hallenheizungen.de\/nb\/wp-json\/wp\/v2\/users\/1"}],"replies":[{"embeddable":true,"href":"https:\/\/www.kuebler-hallenheizungen.de\/nb\/wp-json\/wp\/v2\/comments?post=19145"}],"version-history":[{"count":0,"href":"https:\/\/www.kuebler-hallenheizungen.de\/nb\/wp-json\/wp\/v2\/pages\/19145\/revisions"}],"wp:featuredmedia":[{"embeddable":true,"href":"https:\/\/www.kuebler-hallenheizungen.de\/nb\/wp-json\/wp\/v2\/media\/17601"}],"wp:attachment":[{"href":"https:\/\/www.kuebler-hallenheizungen.de\/nb\/wp-json\/wp\/v2\/media?parent=19145"}],"curies":[{"name":"wp","href":"https:\/\/api.w.org\/{rel}","templated":true}]}}