{"id":252,"date":"2024-02-27T21:55:17","date_gmt":"2024-02-27T20:55:17","guid":{"rendered":"https:\/\/kuebler.werbe-sofa.de\/?page_id=252"},"modified":"2025-10-17T14:05:21","modified_gmt":"2025-10-17T12:05:21","slug":"tjenester","status":"publish","type":"page","link":"https:\/\/www.kuebler-hallenheizungen.de\/nb\/produkte\/services\/","title":{"rendered":"Tjenester"},"content":{"rendered":"","protected":false},"excerpt":{"rendered":"","protected":false},"author":1,"featured_media":17036,"parent":84,"menu_order":0,"comment_status":"closed","ping_status":"closed","template":"","meta":{"_acf_changed":false,"_seopress_robots_primary_cat":"","_seopress_titles_title":"Fachm\u00e4nnischer Heizungs-Service | K\u00dcBLER GmbH","_seopress_titles_desc":"Entdecken Sie unseren Service f\u00fcr Ihre Hallenheizung \u2713 Anlagenpr\u00fcfung \u2713 Gaspr\u00fcfung \u2713 Jahres-Sichtung \u27a4 Jetzt Wartungsvertrag bei K\u00dcBLER abschlie\u00dfen!","_seopress_robots_index":"","footnotes":""},"class_list":["post-252","page","type-page","status-publish","has-post-thumbnail","hentry"],"acf":[],"_links":{"self":[{"href":"https:\/\/www.kuebler-hallenheizungen.de\/nb\/wp-json\/wp\/v2\/pages\/252","targetHints":{"allow":["GET"]}}],"collection":[{"href":"https:\/\/www.kuebler-hallenheizungen.de\/nb\/wp-json\/wp\/v2\/pages"}],"about":[{"href":"https:\/\/www.kuebler-hallenheizungen.de\/nb\/wp-json\/wp\/v2\/types\/page"}],"author":[{"embeddable":true,"href":"https:\/\/www.kuebler-hallenheizungen.de\/nb\/wp-json\/wp\/v2\/users\/1"}],"replies":[{"embeddable":true,"href":"https:\/\/www.kuebler-hallenheizungen.de\/nb\/wp-json\/wp\/v2\/comments?post=252"}],"version-history":[{"count":0,"href":"https:\/\/www.kuebler-hallenheizungen.de\/nb\/wp-json\/wp\/v2\/pages\/252\/revisions"}],"up":[{"embeddable":true,"href":"https:\/\/www.kuebler-hallenheizungen.de\/nb\/wp-json\/wp\/v2\/pages\/84"}],"wp:featuredmedia":[{"embeddable":true,"href":"https:\/\/www.kuebler-hallenheizungen.de\/nb\/wp-json\/wp\/v2\/media\/17036"}],"wp:attachment":[{"href":"https:\/\/www.kuebler-hallenheizungen.de\/nb\/wp-json\/wp\/v2\/media?parent=252"}],"curies":[{"name":"wp","href":"https:\/\/api.w.org\/{rel}","templated":true}]}}