{"id":43705,"date":"2025-12-08T18:00:48","date_gmt":"2025-12-08T17:00:48","guid":{"rendered":"https:\/\/www.kuebler-hallenheizungen.de\/?page_id=43705"},"modified":"2025-12-08T18:00:48","modified_gmt":"2025-12-08T17:00:48","slug":"modernisering","status":"publish","type":"page","link":"https:\/\/www.kuebler-hallenheizungen.de\/nb\/modernisierung\/","title":{"rendered":"modernisering"},"content":{"rendered":"","protected":false},"excerpt":{"rendered":"","protected":false},"author":1,"featured_media":17033,"parent":0,"menu_order":0,"comment_status":"closed","ping_status":"closed","template":"","meta":{"_acf_changed":false,"_seopress_robots_primary_cat":"","_seopress_titles_title":"Wartungsvertrag anfordern | K\u00dcBLER GmbH","_seopress_titles_desc":"Die j\u00e4hrliche Wartung ist ein Muss, damit Ihre Anlage optimal heizt. Wir \u00fcbernehmen das im Rahmen eines Wartungsvertrags f\u00fcr Sie.","_seopress_robots_index":"","footnotes":""},"class_list":["post-43705","page","type-page","status-publish","has-post-thumbnail","hentry"],"acf":[],"_links":{"self":[{"href":"https:\/\/www.kuebler-hallenheizungen.de\/nb\/wp-json\/wp\/v2\/pages\/43705","targetHints":{"allow":["GET"]}}],"collection":[{"href":"https:\/\/www.kuebler-hallenheizungen.de\/nb\/wp-json\/wp\/v2\/pages"}],"about":[{"href":"https:\/\/www.kuebler-hallenheizungen.de\/nb\/wp-json\/wp\/v2\/types\/page"}],"author":[{"embeddable":true,"href":"https:\/\/www.kuebler-hallenheizungen.de\/nb\/wp-json\/wp\/v2\/users\/1"}],"replies":[{"embeddable":true,"href":"https:\/\/www.kuebler-hallenheizungen.de\/nb\/wp-json\/wp\/v2\/comments?post=43705"}],"version-history":[{"count":0,"href":"https:\/\/www.kuebler-hallenheizungen.de\/nb\/wp-json\/wp\/v2\/pages\/43705\/revisions"}],"wp:featuredmedia":[{"embeddable":true,"href":"https:\/\/www.kuebler-hallenheizungen.de\/nb\/wp-json\/wp\/v2\/media\/17033"}],"wp:attachment":[{"href":"https:\/\/www.kuebler-hallenheizungen.de\/nb\/wp-json\/wp\/v2\/media?parent=43705"}],"curies":[{"name":"wp","href":"https:\/\/api.w.org\/{rel}","templated":true}]}}