{"id":43735,"date":"2025-12-19T16:01:14","date_gmt":"2025-12-19T15:01:14","guid":{"rendered":"https:\/\/www.kuebler-hallenheizungen.de\/?page_id=43735"},"modified":"2025-12-19T16:01:14","modified_gmt":"2025-12-19T15:01:14","slug":"industribygg","status":"publish","type":"page","link":"https:\/\/www.kuebler-hallenheizungen.de\/nb\/anwendungen\/industriehallen\/","title":{"rendered":"industribygg"},"content":{"rendered":"","protected":false},"excerpt":{"rendered":"","protected":false},"author":1,"featured_media":0,"parent":199,"menu_order":0,"comment_status":"closed","ping_status":"closed","template":"","meta":{"_acf_changed":false,"_seopress_robots_primary_cat":"","_seopress_titles_title":"Heizungen f\u00fcr die Industrie | Infrarotheizungen von K\u00dcBLER","_seopress_titles_desc":"Effiziente Heizl\u00f6sungen f\u00fcr Industriehallen: Weniger Verbrauch, mehr Komfort. Jetzt die Vorteile moderner Infrarot-Systeme entdecken.","_seopress_robots_index":"","footnotes":""},"class_list":["post-43735","page","type-page","status-publish","hentry"],"acf":[],"_links":{"self":[{"href":"https:\/\/www.kuebler-hallenheizungen.de\/nb\/wp-json\/wp\/v2\/pages\/43735","targetHints":{"allow":["GET"]}}],"collection":[{"href":"https:\/\/www.kuebler-hallenheizungen.de\/nb\/wp-json\/wp\/v2\/pages"}],"about":[{"href":"https:\/\/www.kuebler-hallenheizungen.de\/nb\/wp-json\/wp\/v2\/types\/page"}],"author":[{"embeddable":true,"href":"https:\/\/www.kuebler-hallenheizungen.de\/nb\/wp-json\/wp\/v2\/users\/1"}],"replies":[{"embeddable":true,"href":"https:\/\/www.kuebler-hallenheizungen.de\/nb\/wp-json\/wp\/v2\/comments?post=43735"}],"version-history":[{"count":0,"href":"https:\/\/www.kuebler-hallenheizungen.de\/nb\/wp-json\/wp\/v2\/pages\/43735\/revisions"}],"up":[{"embeddable":true,"href":"https:\/\/www.kuebler-hallenheizungen.de\/nb\/wp-json\/wp\/v2\/pages\/199"}],"wp:attachment":[{"href":"https:\/\/www.kuebler-hallenheizungen.de\/nb\/wp-json\/wp\/v2\/media?parent=43735"}],"curies":[{"name":"wp","href":"https:\/\/api.w.org\/{rel}","templated":true}]}}