{"id":60,"date":"2024-02-15T03:08:37","date_gmt":"2024-02-15T02:08:37","guid":{"rendered":"https:\/\/kiefer.werbe-sofa.de\/?page_id=60"},"modified":"2026-03-24T13:49:58","modified_gmt":"2026-03-24T12:49:58","slug":"avtrykk","status":"publish","type":"page","link":"https:\/\/www.kuebler-hallenheizungen.de\/nb\/impressum\/","title":{"rendered":"Avtrykk"},"content":{"rendered":"<h2>Selskapets hovedkontor<\/h2>\n<p><strong>K\u00dcBLER GmbH<br \/>\n<\/strong><strong>Energibesparende systemer for oppvarming av haller<\/strong><\/p>\n<p>Am Bubenpfad 1a | D-67065 Ludwigshafen am Rhein<\/p>\n<p>Tlf.: +49 621 57000-0 | Faks: +49 621 57000-57<\/p>\n<p><a href=\"mailto:kontakt@kuebler-hallenheizungen.de\"><strong>kontakt@kuebler-hallenheizungen.de<\/strong><\/a><\/p>\n<h2>Ledelse<\/h2>\n<p>Frederic Renz<\/p>\n<h3>Handelsregister<\/h3>\n<p>Registrert ved Ludwigshafen Amtsgericht under HRB nr. 3379<\/p>\n<p>Identifikasjonsnummer for merverdiavgift<\/p>\n<p>DA 149139822<\/p>\n<h2>Generelle vilk\u00e5r og betingelser<\/h2>\n<p>K\u00dcBLER GmbH utf\u00f8rer kun bestillinger og arbeidstjenester p\u00e5 grunnlag av sine <a href=\"https:\/\/www.kuebler-hallenheizungen.de\/wp-content\/uploads\/2025\/05\/agb_verkauf.pdf\" target=\"_blank\" rel=\"noopener\">Generelle vilk\u00e5r og betingelser<\/a> fra.<\/p>\n<h2>Generelle vilk\u00e5r og betingelser for kj\u00f8p<\/h2>\n<p>K\u00dcBLER GmbH foretar kun kj\u00f8p og utleie p\u00e5 grunnlag av sine <a href=\"https:\/\/www.kuebler-hallenheizungen.de\/wp-content\/uploads\/2025\/02\/674_agb_einkauf_09-2017.pdf\" target=\"_blank\" rel=\"noopener\">Generelle vilk\u00e5r og betingelser for kj\u00f8p<\/a>.<\/p>\n<h3>Bildets rettigheter<\/h3>\n<p>K\u00dcBLER GmbH,<br \/>\n<a href=\"https:\/\/www.schepers-photography.de\/\" target=\"_blank\" rel=\"noopener\">Schepers-Photography.com<\/a>,<br \/>\nContrastwerkstatt - Fotolia.com,<br \/>\nSyda Productions - Fotolia.com,<br \/>\ndigital-designer - Fotolia.com,<br \/>\nPatrizia Tilly - Fotolia.com,<br \/>\nag visuell - Fotolia.com<\/p>\n<h3>Webutvikling og hosting<\/h3>\n<p>Laget med <span class=\"font-display text-red-500\">\u2665<\/span> av <a href=\"https:\/\/www.werbesofa.de\" target=\"_blank\" rel=\"nofollow noopener\">Reklame sofa<\/a><br \/>\nWerbesofa GmbH<br \/>\nBergh\u00e4user-Str. 83<br \/>\n67354 R\u00f6merberg<br \/>\nTyskland<\/p>","protected":false},"excerpt":{"rendered":"<p>Unternehmenszentrale K\u00dcBLER GmbH Energiesparende Hallenheizungen Am Bubenpfad 1a | D-67065 Ludwigshafen am Rhein Tel.: +49 621 57000-0 | Fax: +49 621 57000-57 kontakt@kuebler-hallenheizungen.de Gesch\u00e4ftsf\u00fchrung Frederic Renz Handelsregister Eingetragen beim Amtsgericht Ludwigshafen unter der HRB-Nr.: 3379 Umsatzsteuer-Identifikations-Nummer DE 149139822 Allgemeine Gesch\u00e4ftsbedingungen Die K\u00dcBLER GmbH f\u00fchrt Bestellungen und Werkleistungen nur auf Basis ihrer Allgemeinen Gesch\u00e4ftsbedingungen aus. Allgemeine [&hellip;]<\/p>\n","protected":false},"author":1,"featured_media":18888,"parent":0,"menu_order":0,"comment_status":"closed","ping_status":"closed","template":"","meta":{"_acf_changed":false,"_seopress_robots_primary_cat":"","_seopress_titles_title":"Impressum | K\u00dcBLER GmbH","_seopress_titles_desc":"Alle wichtigen Unternehmens- und Kontaktinformationen der K\u00dcBLER GmbH finden Sie in unserem Impressum.","_seopress_robots_index":"","footnotes":""},"class_list":["post-60","page","type-page","status-publish","has-post-thumbnail","hentry"],"acf":[],"_links":{"self":[{"href":"https:\/\/www.kuebler-hallenheizungen.de\/nb\/wp-json\/wp\/v2\/pages\/60","targetHints":{"allow":["GET"]}}],"collection":[{"href":"https:\/\/www.kuebler-hallenheizungen.de\/nb\/wp-json\/wp\/v2\/pages"}],"about":[{"href":"https:\/\/www.kuebler-hallenheizungen.de\/nb\/wp-json\/wp\/v2\/types\/page"}],"author":[{"embeddable":true,"href":"https:\/\/www.kuebler-hallenheizungen.de\/nb\/wp-json\/wp\/v2\/users\/1"}],"replies":[{"embeddable":true,"href":"https:\/\/www.kuebler-hallenheizungen.de\/nb\/wp-json\/wp\/v2\/comments?post=60"}],"version-history":[{"count":1,"href":"https:\/\/www.kuebler-hallenheizungen.de\/nb\/wp-json\/wp\/v2\/pages\/60\/revisions"}],"predecessor-version":[{"id":133996,"href":"https:\/\/www.kuebler-hallenheizungen.de\/nb\/wp-json\/wp\/v2\/pages\/60\/revisions\/133996"}],"wp:featuredmedia":[{"embeddable":true,"href":"https:\/\/www.kuebler-hallenheizungen.de\/nb\/wp-json\/wp\/v2\/media\/18888"}],"wp:attachment":[{"href":"https:\/\/www.kuebler-hallenheizungen.de\/nb\/wp-json\/wp\/v2\/media?parent=60"}],"curies":[{"name":"wp","href":"https:\/\/api.w.org\/{rel}","templated":true}]}}