{"id":107,"date":"2024-02-27T18:03:06","date_gmt":"2024-02-27T17:03:06","guid":{"rendered":"https:\/\/kuebler.werbe-sofa.de\/?page_id=107"},"modified":"2025-12-27T17:04:16","modified_gmt":"2025-12-27T16:04:16","slug":"maxima-e-hybrid","status":"publish","type":"page","link":"https:\/\/www.kuebler-hallenheizungen.de\/ru\/produkte\/infrarot-hallenheizungen\/maxima-e-hybrid\/","title":{"rendered":"Maxima E-Hybrid"},"content":{"rendered":"","protected":false},"excerpt":{"rendered":"","protected":false},"author":1,"featured_media":17380,"parent":87,"menu_order":0,"comment_status":"closed","ping_status":"closed","template":"","meta":{"_acf_changed":false,"_seopress_robots_primary_cat":"","_seopress_titles_title":"MAXIMA E Hybrid: Effiziente Hallenheizung von K\u00dcBLER","_seopress_titles_desc":"Die Maxima E-Hybrid Hallenheizung von K\u00dcBLER bietet effektive W\u00e4rme f\u00fcr Ihre Halle. Kosteneffizient & umweltschonend dank Hybridtechnologie","_seopress_robots_index":"","footnotes":""},"class_list":["post-107","page","type-page","status-publish","has-post-thumbnail","hentry"],"acf":[],"_links":{"self":[{"href":"https:\/\/www.kuebler-hallenheizungen.de\/ru\/wp-json\/wp\/v2\/pages\/107","targetHints":{"allow":["GET"]}}],"collection":[{"href":"https:\/\/www.kuebler-hallenheizungen.de\/ru\/wp-json\/wp\/v2\/pages"}],"about":[{"href":"https:\/\/www.kuebler-hallenheizungen.de\/ru\/wp-json\/wp\/v2\/types\/page"}],"author":[{"embeddable":true,"href":"https:\/\/www.kuebler-hallenheizungen.de\/ru\/wp-json\/wp\/v2\/users\/1"}],"replies":[{"embeddable":true,"href":"https:\/\/www.kuebler-hallenheizungen.de\/ru\/wp-json\/wp\/v2\/comments?post=107"}],"version-history":[{"count":0,"href":"https:\/\/www.kuebler-hallenheizungen.de\/ru\/wp-json\/wp\/v2\/pages\/107\/revisions"}],"up":[{"embeddable":true,"href":"https:\/\/www.kuebler-hallenheizungen.de\/ru\/wp-json\/wp\/v2\/pages\/87"}],"wp:featuredmedia":[{"embeddable":true,"href":"https:\/\/www.kuebler-hallenheizungen.de\/ru\/wp-json\/wp\/v2\/media\/17380"}],"wp:attachment":[{"href":"https:\/\/www.kuebler-hallenheizungen.de\/ru\/wp-json\/wp\/v2\/media?parent=107"}],"curies":[{"name":"wp","href":"https:\/\/api.w.org\/{rel}","templated":true}]}}