{"id":135,"date":"2024-02-27T18:07:01","date_gmt":"2024-02-27T17:07:01","guid":{"rendered":"https:\/\/kuebler.werbe-sofa.de\/?page_id=135"},"modified":"2025-10-17T13:00:58","modified_gmt":"2025-10-17T11:00:58","slug":"%d0%bc%d0%be%d0%b4%d1%83%d0%bb%d0%b8-%d1%80%d0%b0%d1%81%d1%88%d0%b8%d1%80%d0%b5%d0%bd%d0%b8%d1%8f","status":"publish","type":"page","link":"https:\/\/www.kuebler-hallenheizungen.de\/ru\/produkte\/steuerungen\/erweiterungsmodule\/","title":{"rendered":"\u041c\u043e\u0434\u0443\u043b\u0438 \u0440\u0430\u0441\u0448\u0438\u0440\u0435\u043d\u0438\u044f"},"content":{"rendered":"","protected":false},"excerpt":{"rendered":"","protected":false},"author":1,"featured_media":17477,"parent":92,"menu_order":0,"comment_status":"closed","ping_status":"closed","template":"","meta":{"_acf_changed":false,"_seopress_robots_primary_cat":"","_seopress_titles_title":"Erweiterungsmodule f\u00fcr Heizungssteuerung | K\u00dcBLER","_seopress_titles_desc":"Je nach Modell k\u00f6nnen Sie Ihre Heizungssysteme mit einer Vielzahl an Erweiterungsmodulen kombinieren. Entdecken Sie Ihre M\u00f6glichkeiten!","_seopress_robots_index":"","footnotes":""},"class_list":["post-135","page","type-page","status-publish","has-post-thumbnail","hentry"],"acf":[],"_links":{"self":[{"href":"https:\/\/www.kuebler-hallenheizungen.de\/ru\/wp-json\/wp\/v2\/pages\/135","targetHints":{"allow":["GET"]}}],"collection":[{"href":"https:\/\/www.kuebler-hallenheizungen.de\/ru\/wp-json\/wp\/v2\/pages"}],"about":[{"href":"https:\/\/www.kuebler-hallenheizungen.de\/ru\/wp-json\/wp\/v2\/types\/page"}],"author":[{"embeddable":true,"href":"https:\/\/www.kuebler-hallenheizungen.de\/ru\/wp-json\/wp\/v2\/users\/1"}],"replies":[{"embeddable":true,"href":"https:\/\/www.kuebler-hallenheizungen.de\/ru\/wp-json\/wp\/v2\/comments?post=135"}],"version-history":[{"count":0,"href":"https:\/\/www.kuebler-hallenheizungen.de\/ru\/wp-json\/wp\/v2\/pages\/135\/revisions"}],"up":[{"embeddable":true,"href":"https:\/\/www.kuebler-hallenheizungen.de\/ru\/wp-json\/wp\/v2\/pages\/92"}],"wp:featuredmedia":[{"embeddable":true,"href":"https:\/\/www.kuebler-hallenheizungen.de\/ru\/wp-json\/wp\/v2\/media\/17477"}],"wp:attachment":[{"href":"https:\/\/www.kuebler-hallenheizungen.de\/ru\/wp-json\/wp\/v2\/media?parent=135"}],"curies":[{"name":"wp","href":"https:\/\/api.w.org\/{rel}","templated":true}]}}