{"id":161,"date":"2024-02-27T18:14:28","date_gmt":"2024-02-27T17:14:28","guid":{"rendered":"https:\/\/kuebler.werbe-sofa.de\/?page_id=161"},"modified":"2025-10-20T08:07:03","modified_gmt":"2025-10-20T06:07:03","slug":"%d1%82%d1%80%d0%b0%d1%81%d1%81%d0%b0-%d0%b2%d1%8b%d1%85%d0%bb%d0%be%d0%bf%d0%bd%d1%8b%d1%85-%d0%b3%d0%b0%d0%b7%d0%be%d0%b2","status":"publish","type":"page","link":"https:\/\/www.kuebler-hallenheizungen.de\/ru\/produkte\/abgasfuehrung\/","title":{"rendered":"\u041c\u0430\u0440\u0448\u0440\u0443\u0442\u0438\u0437\u0430\u0446\u0438\u044f \u0432\u044b\u0445\u043b\u043e\u043f\u043d\u044b\u0445 \u0433\u0430\u0437\u043e\u0432"},"content":{"rendered":"","protected":false},"excerpt":{"rendered":"","protected":false},"author":1,"featured_media":17518,"parent":84,"menu_order":0,"comment_status":"closed","ping_status":"closed","template":"","meta":{"_acf_changed":false,"_seopress_robots_primary_cat":"","_seopress_titles_title":"Abgassystem f\u00fcr Ihre Infrarot-Heizung | K\u00dcBLER GmbH","_seopress_titles_desc":"Ma\u00dfgeschneiderte L\u00f6sung f\u00fcr Ihre Halle \u2713 Sammelabgasanlage \u2713 Doppel- und Einzelabgasanlage \u27a4 Jetzt zu verschiedenen Abgassystemen informieren!","_seopress_robots_index":"","footnotes":""},"class_list":["post-161","page","type-page","status-publish","has-post-thumbnail","hentry"],"acf":[],"_links":{"self":[{"href":"https:\/\/www.kuebler-hallenheizungen.de\/ru\/wp-json\/wp\/v2\/pages\/161","targetHints":{"allow":["GET"]}}],"collection":[{"href":"https:\/\/www.kuebler-hallenheizungen.de\/ru\/wp-json\/wp\/v2\/pages"}],"about":[{"href":"https:\/\/www.kuebler-hallenheizungen.de\/ru\/wp-json\/wp\/v2\/types\/page"}],"author":[{"embeddable":true,"href":"https:\/\/www.kuebler-hallenheizungen.de\/ru\/wp-json\/wp\/v2\/users\/1"}],"replies":[{"embeddable":true,"href":"https:\/\/www.kuebler-hallenheizungen.de\/ru\/wp-json\/wp\/v2\/comments?post=161"}],"version-history":[{"count":0,"href":"https:\/\/www.kuebler-hallenheizungen.de\/ru\/wp-json\/wp\/v2\/pages\/161\/revisions"}],"up":[{"embeddable":true,"href":"https:\/\/www.kuebler-hallenheizungen.de\/ru\/wp-json\/wp\/v2\/pages\/84"}],"wp:featuredmedia":[{"embeddable":true,"href":"https:\/\/www.kuebler-hallenheizungen.de\/ru\/wp-json\/wp\/v2\/media\/17518"}],"wp:attachment":[{"href":"https:\/\/www.kuebler-hallenheizungen.de\/ru\/wp-json\/wp\/v2\/media?parent=161"}],"curies":[{"name":"wp","href":"https:\/\/api.w.org\/{rel}","templated":true}]}}