{"id":161149,"date":"2026-05-05T16:07:55","date_gmt":"2026-05-05T14:07:55","guid":{"rendered":"https:\/\/www.kuebler-hallenheizungen.de\/?page_id=161149"},"modified":"2026-05-05T16:07:55","modified_gmt":"2026-05-05T14:07:55","slug":"%d0%ba%d0%b0%d0%bb%d1%8c%d0%ba%d1%83%d0%bb%d1%8f%d1%82%d0%be%d1%80-%d1%8d%d0%bf%d0%b1%d0%b4","status":"publish","type":"page","link":"https:\/\/www.kuebler-hallenheizungen.de\/ru\/epbd-rechner\/","title":{"rendered":"\u041a\u0430\u043b\u044c\u043a\u0443\u043b\u044f\u0442\u043e\u0440 EPBD"},"content":{"rendered":"<div style=\"max-width:1200px;margin:0 auto;padding:48px 20px;\">\n  <h1 style=\"font-size:32px;margin:0 0 8px;\">\u041a\u0430\u043b\u044c\u043a\u0443\u043b\u044f\u0442\u043e\u0440 EPBD \u0434\u043b\u044f \u0437\u0434\u0430\u043d\u0438\u0439 \u0441 \u0437\u0430\u043b\u043e\u043c<\/h1>\n  <p style=\"color:#475569;font-size:16px;margin:0 0 28px;max-width:780px;\">\n    \u041e\u0446\u0435\u043d\u0438\u0442\u0435 \u0441\u0432\u043e\u0439 \u0437\u0430\u043b \u0437\u0430 \u0441\u0447\u0438\u0442\u0430\u043d\u043d\u044b\u0435 \u0441\u0435\u043a\u0443\u043d\u0434\u044b, \u0438\u0441\u043f\u043e\u043b\u044c\u0437\u0443\u044f \u043c\u0435\u0442\u043e\u0434\u0438\u043a\u0443 EPBD, \u0440\u0430\u0437\u0440\u0430\u0431\u043e\u0442\u0430\u043d\u043d\u0443\u044e K\u00dcBLER &amp; DFKI \u0432 Green-AI Hub\n    \u0440\u0430\u0437\u0440\u0430\u0431\u043e\u0442\u0430\u043d\u043d\u0430\u044f \u043c\u0435\u0442\u043e\u0434\u043e\u043b\u043e\u0433\u0438\u044f EPBD. \u0427\u0435\u0442\u044b\u0440\u0435 \u0444\u0430\u043a\u0442\u043e\u0440\u0430 - \u043e\u0441\u043d\u043e\u0432\u0430 \u043f\u043e\u0442\u0440\u0435\u0431\u043b\u0435\u043d\u0438\u044f, \u0441\u0438\u0441\u0442\u0435\u043c\u0430 \u043e\u0442\u043e\u043f\u043b\u0435\u043d\u0438\u044f,\n    \u0438\u0437\u043e\u043b\u044f\u0446\u0438\u044f \u0438 \u043a\u043b\u0438\u043c\u0430\u0442 - \u043e\u0431\u044a\u0435\u0434\u0438\u043d\u044f\u044e\u0442\u0441\u044f \u0432 \u043e\u0431\u0449\u0438\u0439 \u0431\u0430\u043b\u043b (0 = \u043e\u0447\u0435\u043d\u044c \u044d\u0444\u0444\u0435\u043a\u0442\u0438\u0432\u043d\u043e, 100 = \u043d\u0443\u0436\u0434\u0430\u0435\u0442\u0441\u044f \u0432 \u0440\u0435\u043a\u043e\u043d\u0441\u0442\u0440\u0443\u043a\u0446\u0438\u0438).\n    \u0432 \u0441\u043e\u0447\u0435\u0442\u0430\u043d\u0438\u0438.\n  <\/p>\n<\/div>\n\n\n        <div\n            class=\"kgp-epbd kgp-epbd--full\"\n            data-kgp-epbd\n data-variant=\"full\"\n            data-fluentform-id=\"57\"\n            data-rest-base=\"https:\/\/www.kuebler-hallenheizungen.de\/ru\/wp-json\/kuebler\/v1\/epbd\"\n            data-nonce=\"775043afad\"\n        ><link rel=\"stylesheet\" href=\"https:\/\/www.kuebler-hallenheizungen.de\/wp-content\/plugins\/kuebler-epbd-calculator\/build\/calculator.css?v=2.5.0\" data-kgp-asset><script data-kgp-i18n>window.kgpI18n={\"How efficient is your hall?\":\"How efficient is your hall?\",\"Seven short questions \\u2014 instantly see how your hall compares to others.\":\"Seven short questions \\u2014 instantly see how your hall compares to others.\",\"Inputs\":\"Inputs\",\"Your hall\":\"Your hall\",\"Result\":\"Result\",\"Your result\":\"Your result\",\"Request a quote\":\"Request a quote\",\"Let K\\u00dcBLER advise you on energy-efficient hall heating \\u2014 we send your score and your inputs along with the request.\":\"Let K\\u00dcBLER advise you on energy-efficient hall heating \\u2014 we send your score and your inputs along with the request.\",\"How big is the hall?\":\"How big is the hall?\",\"How tall is the hall?\":\"How tall is the hall?\",\"Annual energy consumption\":\"Annual energy consumption\",\"What happens in the hall?\":\"What happens in the hall?\",\"How is it heated?\":\"How is it heated?\",\"When was the hall built or renovated?\":\"When was the hall built or renovated?\",\"Where is the hall located?\":\"Where is the hall located?\",\"Meters\":\"Meters\",\"Postcode\":\"Postcode\",\"e.g. 1500\":\"e.g. 1500\",\"e.g. 8\":\"e.g. 8\",\"e.g. 180000\":\"e.g. 180000\",\"e.g. 68159\":\"e.g. 68159\",\"Length \\u00d7 width of the hall. Example: 50 m \\u00d7 30 m = 1,500 m\\u00b2\":\"Length \\u00d7 width of the hall. Example: 50 m \\u00d7 30 m = 1,500 m\\u00b2\",\"From floor to ceiling. If sloped: average height.\":\"From floor to ceiling. If sloped: average height.\",\"Shown on your annual electricity, gas or oil invoice. Oil: liters \\u00d7 10. Gas: m\\u00b3 \\u00d7 10.\":\"Shown on your annual electricity, gas or oil invoice. Oil: liters \\u00d7 10. Gas: m\\u00b3 \\u00d7 10.\",\"Machines create waste heat \\u2014 less heating is needed.\":\"Machines create waste heat \\u2014 less heating is needed.\",\"Which heating system is in the hall? If multiple: the main one.\":\"Which heating system is in the hall? If multiple: the main one.\",\"The newer (or more recently renovated), the better the insulation.\":\"The newer (or more recently renovated), the better the insulation.\",\"We factor in the local climate \\u2014 a hall in Munich needs more heating than one in Mannheim.\":\"We factor in the local climate \\u2014 a hall in Munich needs more heating than one in Mannheim.\",\"Pure storage \\u2014 barely any activity, the hall cools down\":\"Pure storage \\u2014 barely any activity, the hall cools down\",\"Storage with some activity\":\"Storage with some activity\",\"Workshop or mixed use (standard)\":\"Workshop or mixed use (standard)\",\"Production with some machine waste heat\":\"Production with some machine waste heat\",\"Production with lots of waste heat (e.g. metalworking)\":\"Production with lots of waste heat (e.g. metalworking)\",\"Heat pump (air\\\/water or brine) \\u2014 modern, very efficient\":\"Heat pump (air\\\/water or brine) \\u2014 modern, very efficient\",\"Heat pump (air\\\/air) \\u2014 modern, efficient\":\"Heat pump (air\\\/air) \\u2014 modern, efficient\",\"Infrared heater (electric)\":\"Infrared heater (electric)\",\"Dark-radiant heater \\u2014 modern (gas)\":\"Dark-radiant heater \\u2014 modern (gas)\",\"Dark-radiant heater \\u2014 standard (gas)\":\"Dark-radiant heater \\u2014 standard (gas)\",\"Bright-radiant heater (gas, open burners)\":\"Bright-radiant heater (gas, open burners)\",\"Warm-air heater (gas or oil)\":\"Warm-air heater (gas or oil)\",\"Before 1978 \\u2014 barely insulated\":\"Before 1978 \\u2014 barely insulated\",\"1978 to 1983 \\u2014 minimally insulated\":\"1978 to 1983 \\u2014 minimally insulated\",\"1984 to 1995 \\u2014 standard insulation\":\"1984 to 1995 \\u2014 standard insulation\",\"1996 to 2001 \\u2014 well insulated\":\"1996 to 2001 \\u2014 well insulated\",\"2002 to 2006 \\u2014 well insulated\":\"2002 to 2006 \\u2014 well insulated\",\"2007 to 2009 \\u2014 very well insulated\":\"2007 to 2009 \\u2014 very well insulated\",\"2010 to 2013 \\u2014 very well insulated\":\"2010 to 2013 \\u2014 very well insulated\",\"2014 to 2015 \\u2014 top insulation\":\"2014 to 2015 \\u2014 top insulation\",\"2016 to 2020 \\u2014 top insulation\":\"2016 to 2020 \\u2014 top insulation\",\"After 2020 \\u2014 top standard (new build)\":\"After 2020 \\u2014 top standard (new build)\",\"Renovated after 2020 \\u2014 top standard (modernized)\":\"Renovated after 2020 \\u2014 top standard (modernized)\",\"Enter your values \\u2014 the result updates live.\":\"Enter your values \\u2014 the result updates live.\",\"Bell curve showing your score\":\"Bell curve showing your score\",\"Show calculation details\":\"Show calculation details\",\"Class\":\"Class\",\"very efficient\":\"very efficient\",\"good\":\"good\",\"average\":\"average\",\"needs renovation\":\"needs renovation\",\"Your hall is among the best \\u2014 barely any optimization potential.\":\"Your hall is among the best \\u2014 barely any optimization potential.\",\"Your hall is above average \\u2014 small improvements are possible.\":\"Your hall is above average \\u2014 small improvements are possible.\",\"Your hall is in the middle field \\u2014 modernization is often worthwhile.\":\"Your hall is in the middle field \\u2014 modernization is often worthwhile.\",\"Your hall is among the worst 16 % \\u2014 renovation is strongly recommended.\":\"Your hall is among the worst 16 % \\u2014 renovation is strongly recommended.\",\"Heating energy per year\":\"Heating energy per year\",\"estimated heating share of total consumption\":\"estimated heating share of total consumption\",\"Weather-adjusted\":\"Weather-adjusted\",\"what your hall would consume in a standard climate\":\"what your hall would consume in a standard climate\",\"Specific consumption\":\"Specific consumption\",\"per m\\u00b2 and year\":\"per m\\u00b2 and year\",\"consumption per square meter\":\"consumption per square meter\",\"Heating-degree days at location\":\"Heating-degree days at location\",\"measure of the climate zone (Potsdam = 3,400 as reference)\":\"measure of the climate zone (Potsdam = 3,400 as reference)\",\"Heating system efficiency\":\"Heating system efficiency\",\"how efficiently the heater converts fuel\\\/electricity to heat\":\"how efficiently the heater converts fuel\\\/electricity to heat\",\"Insulation quality\":\"Insulation quality\",\"lower value = better insulated\":\"lower value = better insulated\",\"Score\":\"Score\",\"Frequency\":\"Frequency\",\"of halls\":\"of halls\",\"Your score\":\"Your score\",\"16 % EPBD\":\"16 % EPBD\",\"Score (0 = very efficient \\u00b7 100 = needs renovation)\":\"Score (0 = very efficient \\u00b7 100 = needs renovation)\",\"locale-bcp47\":\"locale-bcp47\"};<\/script><script defer src=\"https:\/\/www.kuebler-hallenheizungen.de\/wp-content\/plugins\/kuebler-epbd-calculator\/build\/calculator.js?v=2.5.0\" data-kgp-asset><\/script><noscript><p>JavaScript is required for this calculator.<\/p><\/noscript><\/div>\n                    <section class=\"kgp-epbd-cta\" aria-label=\"Request a quote\">\n                <h3 class=\"kgp-epbd-cta__title\">Request a quote<\/h3>\n                <p class=\"kgp-epbd-cta__lead\">Let K\u00dcBLER advise you on energy-efficient hall heating \u2014 we send your score and your inputs along with the request.<\/p>\n                <div class='fluentform ff-default fluentform_wrapper_57 ffs_default_wrap'><form data-form_id=\"57\" id=\"fluentform_57\" class=\"frm-fluent-form fluent_form_57 ff-el-form-top ff_form_instance_57_1 ff-form-loading ffs_default\" data-form_instance=\"ff_form_instance_57_1\" method=\"POST\" action=\"\" ><fieldset  style=\"border: none!important;margin: 0!important;padding: 0!important;background-color: transparent!important;box-shadow: none!important;outline: none!important; min-inline-size: 100%;\">\n                    <legend class=\"ff_screen_reader_title\" style=\"display: block; margin: 0!important;padding: 0!important;height: 0!important;text-indent: -999999px;width: 0!important;overflow:hidden;\">EPBD Score &amp; Anfrage<\/legend>        <div\n                style=\"display: none!important; position: absolute!important; transform: translateX(1000%)!important;\"\n                class=\"ff-el-group ff-hpsf-container\"\n        >\n            <div class=\"ff-el-input--label asterisk-right\">\n                <label for=\"ff_57_item_sf\" aria-label=\"\u0423\u0432\u0435\u0434\u043e\u043c\u0438\u0442\u044c\">\n                    \u0423\u0432\u0435\u0434\u043e\u043c\u0438\u0442\u044c                <\/label>\n            <\/div>\n            <div class=\"ff-el-input--content\">\n                <input type=\"text\"\n                       name=\"item_57__fluent_sf\"\n                       class=\"ff-el-form-control\"\n                       id=\"ff_57_item_sf\"\n                \/>\n            <\/div>\n        <\/div>\n        <input type='hidden' name='__fluent_form_embded_post_id' value='161149' \/><input type=\"hidden\" id=\"_fluentform_57_fluentformnonce\" name=\"_fluentform_57_fluentformnonce\" value=\"a12efaa450\" \/><input type=\"hidden\" name=\"_wp_http_referer\" value=\"\/ru\/wp-json\/wp\/v2\/pages\/161149\" \/><input type=\"hidden\" name=\"kgp_score\" data-name=\"kgp_score\" ><input type=\"hidden\" name=\"kgp_class\" data-name=\"kgp_class\" ><input type=\"hidden\" name=\"kgp_area\" data-name=\"kgp_area\" ><input type=\"hidden\" name=\"kgp_height\" data-name=\"kgp_height\" ><input type=\"hidden\" name=\"kgp_e_total\" data-name=\"kgp_e_total\" ><input type=\"hidden\" name=\"kgp_heat_share\" data-name=\"kgp_heat_share\" ><input type=\"hidden\" name=\"kgp_heating_system\" data-name=\"kgp_heating_system\" ><input type=\"hidden\" name=\"kgp_build_year_band\" data-name=\"kgp_build_year_band\" ><input type=\"hidden\" name=\"kgp_plz\" data-name=\"kgp_plz\" ><input type=\"hidden\" name=\"kgp_heat_share_label\" data-name=\"kgp_heat_share_label\" ><input type=\"hidden\" name=\"kgp_heating_system_label\" data-name=\"kgp_heating_system_label\" ><input type=\"hidden\" name=\"kgp_build_year_band_label\" data-name=\"kgp_build_year_band_label\" ><input type=\"hidden\" name=\"kgp_submitted_at_label\" data-name=\"kgp_submitted_at_label\" ><input type=\"hidden\" name=\"kgp_gdpr_audit_label\" data-name=\"kgp_gdpr_audit_label\" ><div data-name=\"ff_cn_id_1\"  class='ff-t-container ff-column-container ff_columns_total_2'><div class='ff-t-cell ff-t-column-1' style='flex-basis: 50%;'><div class='ff-el-group'><div class=\"ff-el-input--label ff-el-is-required asterisk-right\"><label for='ff_57_first_name' id='label_ff_57_first_name' >\u0418\u043c\u044f<\/label><\/div><div class='ff-el-input--content'><input type=\"text\" name=\"first_name\" class=\"ff-el-form-control\" placeholder=\"Max\" data-name=\"first_name\" tabindex=\"1\" id=\"ff_57_first_name\"  aria-invalid=\"false\" aria-required=\"true\"><\/div><\/div><\/div><div class='ff-t-cell ff-t-column-2' style='flex-basis: 50%;'><div class='ff-el-group'><div class=\"ff-el-input--label ff-el-is-required asterisk-right\"><label for='ff_57_last_name' id='label_ff_57_last_name' >\u0424\u0430\u043c\u0438\u043b\u0438\u044f<\/label><\/div><div class='ff-el-input--content'><input type=\"text\" name=\"last_name\" class=\"ff-el-form-control\" placeholder=\"Mustermann\" data-name=\"last_name\" tabindex=\"2\" id=\"ff_57_last_name\"  aria-invalid=\"false\" aria-required=\"true\"><\/div><\/div><\/div><\/div><div class='ff-el-group'><div class=\"ff-el-input--label asterisk-right\"><label for='ff_57_company' id='label_ff_57_company' aria-label=\"\u041a\u043e\u043c\u043f\u0430\u043d\u0438\u044f\">\u041a\u043e\u043c\u043f\u0430\u043d\u0438\u044f<\/label><\/div><div class='ff-el-input--content'><input type=\"text\" name=\"company\" class=\"ff-el-form-control\" placeholder=\"Mustermann GmbH\" data-name=\"company\" tabindex=\"3\" id=\"ff_57_company\"  aria-invalid=\"false\" aria-required=\"false\"><\/div><\/div><div data-name=\"ff_cn_id_2\"  class='ff-t-container ff-column-container ff_columns_total_2'><div class='ff-t-cell ff-t-column-1' style='flex-basis: 50%;'><div class='ff-el-group'><div class=\"ff-el-input--label ff-el-is-required asterisk-right\"><label for='ff_57_email' id='label_ff_57_email' aria-label=\"e-mail\">e-mail<\/label><\/div><div class='ff-el-input--content'><input type=\"email\" name=\"email\" placeholder=\"e-mail\" data-name=\"email\" tabindex=\"4\" class=\"ff-el-form-control\" id=\"ff_57_email\"  aria-invalid=\"false\" aria-required=\"true\"><\/div><\/div><\/div><div class='ff-t-cell ff-t-column-2' style='flex-basis: 50%;'><div class='ff-el-group'><div class=\"ff-el-input--label asterisk-right\"><label for='ff_57_phone' id='label_ff_57_phone' aria-label=\"\u0422\u0435\u043b\u0435\u0444\u043e\u043d\">\u0422\u0435\u043b\u0435\u0444\u043e\u043d<\/label><\/div><div class='ff-el-input--content'><input name=\"phone\" class=\"ff-el-form-control ff-el-phone ff_el_with_extended_validation\" type=\"tel\" placeholder=\"\u0422\u0435\u043b\u0435\u0444\u043e\u043d\" data-name=\"phone\" id=\"ff_57_phone\" tabindex=\"5\" inputmode=\"tel\"  aria-invalid='false' aria-required=\"false\"><\/div><\/div><\/div><\/div><div class='ff-el-group'><div class=\"ff-el-input--label asterisk-right\"><label for='ff_57_message' id='label_ff_57_message' aria-label=\"\u0421\u043e\u043e\u0431\u0449\u0435\u043d\u0438\u0435\">\u0421\u043e\u043e\u0431\u0449\u0435\u043d\u0438\u0435<\/label><\/div><div class='ff-el-input--content'><textarea aria-required=\"false\" aria-labelledby=\"label_ff_57_message\" name=\"message\" class=\"ff-el-form-control\" placeholder=\"Kurz beschreiben, worum es geht\" rows=\"3\" cols=\"2\" data-name=\"message\" id=\"ff_57_message\" tabindex=\"6\" ><\/textarea><\/div><\/div><div class='ff-el-group    ff-el-input--content'><div class='ff-el-form-check ff-el-tc'><label aria-label='\u0423\u0441\u043b\u043e\u0432\u0438\u044f \u0438 \u043f\u043e\u043b\u043e\u0436\u0435\u043d\u0438\u044f: Hiermit akzeptiere ich, dass meine Daten gem\u00e4\u00df der Datenschutzerkl\u00e4rung gespeichert werden d\u00fcrfen. \u0441\u043e\u0434\u0435\u0440\u0436\u0438\u0442 1 \u0441\u0441\u044b\u043b\u043a\u0443. \u0418\u0441\u043f\u043e\u043b\u044c\u0437\u0443\u0439\u0442\u0435 \u043d\u0430\u0432\u0438\u0433\u0430\u0446\u0438\u044e \u043f\u043e \u0442\u0430\u0431\u0430\u043c \u0434\u043b\u044f \u043f\u0440\u043e\u0441\u043c\u043e\u0442\u0440\u0430.' class='ff-el-form-check-label ff_tc_label' for=\"gdpr_agreement_c522c469c1194d6cbe5d10fe97638af8\"><span class='ff_tc_checkbox'><input type=\"checkbox\" name=\"gdpr_agreement\" class=\"ff-el-form-check-input ff_gdpr_field\" data-name=\"gdpr_agreement\" id=\"gdpr_agreement_c522c469c1194d6cbe5d10fe97638af8\" tabindex=\"7\"  value='on' aria-invalid='false' aria-required=\"true\"><\/span> <div class='ff_t_c'>\u041d\u0430\u0441\u0442\u043e\u044f\u0449\u0438\u043c \u044f \u0441\u043e\u0433\u043b\u0430\u0448\u0430\u044e\u0441\u044c \u0441 \u0442\u0435\u043c, \u0447\u0442\u043e \u043c\u043e\u0438 \u0434\u0430\u043d\u043d\u044b\u0435 \u0431\u0443\u0434\u0443\u0442 \u043e\u0431\u0440\u0430\u0431\u0430\u0442\u044b\u0432\u0430\u0442\u044c\u0441\u044f \u0432 \u0441\u043e\u043e\u0442\u0432\u0435\u0442\u0441\u0442\u0432\u0438\u0438 \u0441 <a href=\"\/ru\/%d0%b7%d0%b0%d1%89%d0%b8%d1%82%d0%b0-%d0%b4%d0%b0%d0%bd%d0%bd%d1%8b%d1%85\/\" style=\"text-decoration:underline\">\u041f\u043e\u043b\u0438\u0442\u0438\u043a\u0430 \u043a\u043e\u043d\u0444\u0438\u0434\u0435\u043d\u0446\u0438\u0430\u043b\u044c\u043d\u043e\u0441\u0442\u0438<\/a> \u043c\u043e\u0436\u043d\u043e \u0445\u0440\u0430\u043d\u0438\u0442\u044c.<\/div><\/label><\/div><\/div><div class='ff-el-group' ><div class='ff-el-input--content'><div data-fluent_id='57' name='g-recaptcha-response'><div\n\t\tdata-sitekey='6LcBmw8sAAAAAF4R62lqTNtF0zlEdXX10jSKJPh6'\n\t\tid='fluentform-recaptcha-57-1'\n\t\tclass='ff-el-recaptcha g-recaptcha'\n\t\tdata-callback='fluentFormrecaptchaSuccessCallback'><\/div><\/div><\/div><\/div><div class='ff-el-group ff-text-left ff_submit_btn_wrapper'><button type=\"submit\" class=\"ff-btn ff-btn-submit ff-btn-md btn btn-primary ff_btn_no_style\" tabindex=\"8\"  aria-label=\"Anfrage senden\">Anfrage senden<\/button><\/div><\/fieldset><input type=\"hidden\" name=\"trp-form-language\" value=\"ru\"\/><\/form><div id='fluentform_57_errors' class='ff-errors-in-stack ff_form_instance_57_1 ff-form-loading_errors ff_form_instance_57_1_errors'><\/div><\/div>            <script type=\"text\/javascript\">\n                window.fluent_form_ff_form_instance_57_1 = {\"id\":\"57\",\"ajaxUrl\":\"https:\\\/\\\/www.kuebler-hallenheizungen.de\\\/wp-admin\\\/admin-ajax.php\",\"settings\":{\"layout\":{\"labelPlacement\":\"top\",\"helpMessagePlacement\":\"with_label\",\"errorMessagePlacement\":\"inline\"},\"restrictions\":{\"denyEmptySubmission\":{\"enabled\":false}}},\"form_instance\":\"ff_form_instance_57_1\",\"form_id_selector\":\"fluentform_57\",\"rules\":{\"first_name\":{\"required\":{\"value\":true,\"message\":\"This field is required\",\"global_message\":\"This field is required\",\"global\":true}},\"last_name\":{\"required\":{\"value\":true,\"message\":\"This field is required\",\"global_message\":\"This field is required\",\"global\":true}},\"company\":[],\"email\":{\"email\":{\"value\":true,\"message\":\"This field must contain a valid email\",\"global_message\":\"This field must be a valid email\",\"global\":true},\"required\":{\"value\":true,\"message\":\"This field is required\",\"global_message\":\"This field is required\",\"global\":true}},\"phone\":{\"required\":{\"value\":false,\"message\":\"This field is required\",\"global\":true,\"global_message\":\"This field is required\"},\"valid_phone_number\":{\"value\":true,\"message\":\"Phone number is not valid\",\"global\":true,\"global_message\":\"Phone number is not valid\"}},\"message\":[],\"gdpr_agreement\":{\"required\":{\"value\":true,\"message\":\"This field is required\",\"global_message\":\"This field is required\",\"global\":true}}},\"debounce_time\":300};\n                            <\/script>\n                        <\/section>\n            \n\n\n\n<div style=\"max-width:1200px;margin:32px auto 0;padding:0 20px 60px;\">\n  <h2 style=\"font-size:22px;margin:24px 0 12px;\">\u041c\u0435\u0442\u043e\u0434\u043e\u043b\u043e\u0433\u0438\u044f \u0441 \u043f\u0435\u0440\u0432\u043e\u0433\u043e \u0432\u0437\u0433\u043b\u044f\u0434\u0430<\/h2>\n  <p style=\"color:#475569;line-height:1.6;\">\n    \u041e\u0446\u0435\u043d\u043a\u0430 \u043f\u0440\u043e\u0432\u043e\u0434\u0438\u0442\u0441\u044f \u0432 \u0441\u043e\u043e\u0442\u0432\u0435\u0442\u0441\u0442\u0432\u0438\u0438 \u0441 \u043f\u0440\u043e\u0446\u0435\u0441\u0441\u043e\u043c K\u00dcBLER R&amp;D 1:1 (\u043f\u043e \u0441\u043e\u0441\u0442\u043e\u044f\u043d\u0438\u044e \u043d\u0430 31 \u043e\u043a\u0442\u044f\u0431\u0440\u044f 2025 \u0433\u043e\u0434\u0430) \u0438 \u0432\u0437\u0432\u0435\u0448\u0438\u0432\u0430\u0435\u0442 \u0447\u0435\u0442\u044b\u0440\u0435 \u0444\u0430\u043a\u0442\u043e\u0440\u0430 \u0441\u043b\u0435\u0434\u0443\u044e\u0449\u0438\u043c \u043e\u0431\u0440\u0430\u0437\u043e\u043c:\n  <\/p>\n  <ul style=\"color:#475569;line-height:1.7;\">\n    <li><strong>\u041e\u0441\u043d\u043e\u0432\u0430 \u043f\u043e\u0442\u0440\u0435\u0431\u043b\u0435\u043d\u0438\u044f (60 %):<\/strong> \u0423\u0434\u0435\u043b\u044c\u043d\u043e\u0435 \u043f\u043e\u0442\u0440\u0435\u0431\u043b\u0435\u043d\u0438\u0435 \u044d\u043d\u0435\u0440\u0433\u0438\u0438, \u043d\u0435 \u0437\u0430\u0432\u0438\u0441\u044f\u0449\u0435\u0435 \u043e\u0442 \u043f\u043e\u0433\u043e\u0434\u043d\u044b\u0445 \u0443\u0441\u043b\u043e\u0432\u0438\u0439 \u0438 \u0441\u0438\u0441\u0442\u0435\u043c\u044b<\/li>\n    <li><strong>\u0421\u0438\u0441\u0442\u0435\u043c\u0430 \u043e\u0442\u043e\u043f\u043b\u0435\u043d\u0438\u044f (15 %):<\/strong> \u042d\u0444\u0444\u0435\u043a\u0442\u0438\u0432\u043d\u0430\u044f \u044d\u0444\u0444\u0435\u043a\u0442\u0438\u0432\u043d\u043e\u0441\u0442\u044c \u0438\u043b\u0438 \u043a\u043e\u044d\u0444\u0444\u0438\u0446\u0438\u0435\u043d\u0442 \u0441\u0435\u0437\u043e\u043d\u043d\u043e\u0439 \u043f\u0440\u043e\u0438\u0437\u0432\u043e\u0434\u0438\u0442\u0435\u043b\u044c\u043d\u043e\u0441\u0442\u0438<\/li>\n    <li><strong>\u042d\u043d\u0435\u0440\u0433\u0435\u0442\u0438\u0447\u0435\u0441\u043a\u043e\u0435 \u043a\u0430\u0447\u0435\u0441\u0442\u0432\u043e \u043e\u0431\u043e\u043b\u043e\u0447\u043a\u0438 \u0437\u0434\u0430\u043d\u0438\u044f (15 %):<\/strong> \u0413\u043e\u0434 \u043f\u043e\u0441\u0442\u0440\u043e\u0439\u043a\u0438 \/ \u043f\u0435\u0440\u0438\u043e\u0434 \u0440\u0435\u043a\u043e\u043d\u0441\u0442\u0440\u0443\u043a\u0446\u0438\u0438<\/li>\n    <li><strong>\u0412\u043b\u0438\u044f\u043d\u0438\u0435 \u043a\u043b\u0438\u043c\u0430\u0442\u0430 (10 %):<\/strong> \u043c\u0435\u0441\u0442\u043d\u044b\u0435 \u0433\u0440\u0430\u0434\u0443\u0441\u043e-\u0441\u0443\u0442\u043a\u0438 \u043e\u0442\u043e\u043f\u043b\u0435\u043d\u0438\u044f \u043f\u043e \u043e\u0442\u043d\u043e\u0448\u0435\u043d\u0438\u044e \u043a \u044d\u0442\u0430\u043b\u043e\u043d\u043d\u043e\u043c\u0443 \u041f\u043e\u0442\u0441\u0434\u0430\u043c\u0443 (HGT_ref = 3 400 K-d)<\/li>\n  <\/ul>\n  <h3 style=\"font-size:18px;margin:24px 0 8px;\">\u041a\u043b\u0430\u0441\u0441\u0438\u0444\u0438\u043a\u0430\u0446\u0438\u044f (\u0432 \u0441\u043e\u043e\u0442\u0432\u0435\u0442\u0441\u0442\u0432\u0438\u0438 \u0441 EPBD)<\/h3>\n  <ul style=\"color:#475569;line-height:1.7;\">\n    <li><strong>\u041a\u043b\u0430\u0441\u0441 A (0-20):<\/strong> \u041e\u0447\u0435\u043d\u044c \u044d\u0444\u0444\u0435\u043a\u0442\u0438\u0432\u043d\u043e<\/li>\n    <li><strong>\u041a\u043b\u0430\u0441\u0441 B (21-50):<\/strong> \u0445\u043e\u0440\u043e\u0448\u043e<\/li>\n    <li><strong>\u041a\u043b\u0430\u0441\u0441 C (51-84):<\/strong> \u0432 \u0441\u0440\u0435\u0434\u043d\u0435\u043c<\/li>\n    <li><strong>\u041a\u043b\u0430\u0441\u0441 D (85-100):<\/strong> \u043d\u0443\u0436\u0434\u0430\u0435\u0442\u0441\u044f \u0432 \u0440\u0435\u043c\u043e\u043d\u0442\u0435 (\u0445\u0443\u0434\u0448\u0438\u0439 16 % \u0432 \u0441\u0440\u0430\u0432\u043d\u0435\u043d\u0438\u0438 EPBD)<\/li>\n  <\/ul>\n<\/div>","protected":false},"excerpt":{"rendered":"<p>EPBD-Rechner f\u00fcr Hallengeb\u00e4ude Bewerten Sie Ihre Halle in Sekunden nach der von K\u00dcBLER &amp; DFKI im Green-AI Hub entwickelten EPBD-Methodik. Vier Faktoren \u2014 Verbrauchsbasis, Heizsystem, D\u00e4mmung und Klima \u2014 werden zu einem Gesamtscore (0 = sehr effizient, 100 = sanierungsbed\u00fcrftig) zusammengef\u00fchrt. Methodik im \u00dcberblick Die Bewertung folgt 1 : 1 dem F&amp;E-Verfahren von K\u00dcBLER (Stand [&hellip;]<\/p>\n","protected":false},"author":3,"featured_media":0,"parent":0,"menu_order":0,"comment_status":"closed","ping_status":"closed","template":"","meta":{"_acf_changed":false,"_seopress_robots_primary_cat":"","_seopress_titles_title":"","_seopress_titles_desc":"","_seopress_robots_index":"","footnotes":""},"class_list":["post-161149","page","type-page","status-publish","hentry"],"acf":[],"_links":{"self":[{"href":"https:\/\/www.kuebler-hallenheizungen.de\/ru\/wp-json\/wp\/v2\/pages\/161149","targetHints":{"allow":["GET"]}}],"collection":[{"href":"https:\/\/www.kuebler-hallenheizungen.de\/ru\/wp-json\/wp\/v2\/pages"}],"about":[{"href":"https:\/\/www.kuebler-hallenheizungen.de\/ru\/wp-json\/wp\/v2\/types\/page"}],"author":[{"embeddable":true,"href":"https:\/\/www.kuebler-hallenheizungen.de\/ru\/wp-json\/wp\/v2\/users\/3"}],"replies":[{"embeddable":true,"href":"https:\/\/www.kuebler-hallenheizungen.de\/ru\/wp-json\/wp\/v2\/comments?post=161149"}],"version-history":[{"count":1,"href":"https:\/\/www.kuebler-hallenheizungen.de\/ru\/wp-json\/wp\/v2\/pages\/161149\/revisions"}],"predecessor-version":[{"id":161151,"href":"https:\/\/www.kuebler-hallenheizungen.de\/ru\/wp-json\/wp\/v2\/pages\/161149\/revisions\/161151"}],"wp:attachment":[{"href":"https:\/\/www.kuebler-hallenheizungen.de\/ru\/wp-json\/wp\/v2\/media?parent=161149"}],"curies":[{"name":"wp","href":"https:\/\/api.w.org\/{rel}","templated":true}]}}