{"id":19145,"date":"2024-05-14T14:31:35","date_gmt":"2024-05-14T12:31:35","guid":{"rendered":"https:\/\/kuebler.werbe-sofa.de\/?page_id=19145"},"modified":"2025-11-14T16:12:13","modified_gmt":"2025-11-14T15:12:13","slug":"%d1%83%d1%81%d0%bb%d0%be%d0%b2%d0%b8%d1%8f-%d0%b8%d1%81%d0%bf%d0%be%d0%bb%d1%8c%d0%b7%d0%be%d0%b2%d0%b0%d0%bd%d0%b8%d1%8f","status":"publish","type":"page","link":"https:\/\/www.kuebler-hallenheizungen.de\/ru\/nutzungsbedingungen\/","title":{"rendered":"\u0423\u0441\u043b\u043e\u0432\u0438\u044f \u0438\u0441\u043f\u043e\u043b\u044c\u0437\u043e\u0432\u0430\u043d\u0438\u044f"},"content":{"rendered":"<h2>\u0440\u043e\u0437\u044b\u0433\u0440\u044b\u0448<\/h2>\n<p>\u0420\u043e\u0437\u044b\u0433\u0440\u044b\u0448 \u043d\u0430\u0447\u043d\u0435\u0442\u0441\u044f 14.11.2025 \u0441 \u043f\u0443\u0431\u043b\u0438\u043a\u0430\u0446\u0438\u0435\u0439 \u043f\u043e\u0441\u0442\u0430 \u0438 \u0437\u0430\u043a\u043e\u043d\u0447\u0438\u0442\u0441\u044f 17.11.2025 \u0432 16:00, \u043a\u0430\u043a \u0443\u043a\u0430\u0437\u0430\u043d\u043e \u0432 \u043f\u043e\u0441\u0442\u0435. \u0412\u044b\u043f\u043b\u0430\u0442\u0430 \u043d\u0430\u043b\u0438\u0447\u043d\u044b\u043c\u0438 \u0438\u043b\u0438 \u043f\u0435\u0440\u0435\u0434\u0430\u0447\u0430 \u0434\u0440\u0443\u0433\u0438\u043c \u043b\u0438\u0446\u0430\u043c \u043d\u0435\u0432\u043e\u0437\u043c\u043e\u0436\u043d\u044b. \u0420\u043e\u0437\u044b\u0433\u0440\u044b\u0448 \u043d\u0435 \u0438\u043c\u0435\u0435\u0442 \u043d\u0438\u043a\u0430\u043a\u043e\u0433\u043e \u043e\u0442\u043d\u043e\u0448\u0435\u043d\u0438\u044f \u043a Meta. \u0421\u0443\u0434\u0435\u0431\u043d\u044b\u0439 \u0438\u0441\u043a \u0438\u0441\u043a\u043b\u044e\u0447\u0430\u0435\u0442\u0441\u044f. \u041e\u0440\u0433\u0430\u043d\u0438\u0437\u0430\u0442\u043e\u0440 \u043e\u0441\u0442\u0430\u0432\u043b\u044f\u0435\u0442 \u0437\u0430 \u0441\u043e\u0431\u043e\u0439 \u043f\u0440\u0430\u0432\u043e \u0432 \u043b\u044e\u0431\u043e\u0435 \u0432\u0440\u0435\u043c\u044f \u0438\u0437\u043c\u0435\u043d\u0438\u0442\u044c \u0443\u0441\u043b\u043e\u0432\u0438\u044f \u0443\u0447\u0430\u0441\u0442\u0438\u044f \u0438\u043b\u0438 \u043f\u0440\u0435\u043a\u0440\u0430\u0442\u0438\u0442\u044c \u0438\u043b\u0438 \u043f\u0440\u0438\u043e\u0441\u0442\u0430\u043d\u043e\u0432\u0438\u0442\u044c \u0440\u043e\u0437\u044b\u0433\u0440\u044b\u0448 \u043f\u043e \u0432\u0430\u0436\u043d\u043e\u0439 \u043f\u0440\u0438\u0447\u0438\u043d\u0435. \u0422\u0430\u043a\u0438\u0435 \u0441\u043b\u0443\u0447\u0430\u0438 \u0438\u043c\u0435\u044e\u0442 \u043c\u0435\u0441\u0442\u043e, \u043d\u0430\u043f\u0440\u0438\u043c\u0435\u0440, \u0435\u0441\u043b\u0438 \u0437\u0430\u043f\u043b\u0430\u043d\u0438\u0440\u043e\u0432\u0430\u043d\u043d\u043e\u0435 \u043f\u0440\u043e\u0432\u0435\u0434\u0435\u043d\u0438\u0435 \u0440\u043e\u0437\u044b\u0433\u0440\u044b\u0448\u0430 \u043f\u043e\u0434\u0432\u0435\u0440\u0433\u0430\u0435\u0442\u0441\u044f \u0441\u0435\u0440\u044c\u0435\u0437\u043d\u044b\u043c \u0441\u0431\u043e\u044f\u043c. \u0415\u0441\u043b\u0438 \u0442\u0430\u043a\u043e\u0435 \u043f\u0440\u0435\u043a\u0440\u0430\u0449\u0435\u043d\u0438\u0435 \u0432\u044b\u0437\u0432\u0430\u043d\u043e \u043f\u043e\u0432\u0435\u0434\u0435\u043d\u0438\u0435\u043c \u0443\u0447\u0430\u0441\u0442\u043d\u0438\u043a\u0430, \u043e\u0440\u0433\u0430\u043d\u0438\u0437\u0430\u0442\u043e\u0440 \u0438\u043c\u0435\u0435\u0442 \u043f\u0440\u0430\u0432\u043e \u043f\u043e\u0442\u0440\u0435\u0431\u043e\u0432\u0430\u0442\u044c \u043e\u0442 \u044d\u0442\u043e\u0433\u043e \u043b\u0438\u0446\u0430 \u0432\u043e\u0437\u043c\u0435\u0449\u0435\u043d\u0438\u044f \u0443\u0449\u0435\u0440\u0431\u0430.<\/p>\n<h2>\u041f\u043e\u0440\u0442\u0430\u043b \u0434\u043b\u044f \u043f\u0440\u0435\u0441\u0441\u044b<\/h2>\n<p>\u041e\u0431\u0440\u0430\u0442\u0438\u0442\u0435 \u0432\u043d\u0438\u043c\u0430\u043d\u0438\u0435 \u043d\u0430 \u0443\u0441\u043b\u043e\u0432\u0438\u044f \u0438\u0441\u043f\u043e\u043b\u044c\u0437\u043e\u0432\u0430\u043d\u0438\u044f: \u0412\u0441\u0435 \u0438\u0437\u043e\u0431\u0440\u0430\u0436\u0435\u043d\u0438\u044f \u043f\u0440\u0435\u0434\u043e\u0441\u0442\u0430\u0432\u043b\u044f\u044e\u0442\u0441\u044f \u0438\u0437\u0434\u0430\u0442\u0435\u043b\u044f\u043c \u0438 \u0436\u0443\u0440\u043d\u0430\u043b\u0438\u0441\u0442\u0430\u043c \u0438 \u043c\u043e\u0433\u0443\u0442 \u0431\u044b\u0442\u044c \u0438\u0441\u043f\u043e\u043b\u044c\u0437\u043e\u0432\u0430\u043d\u044b \u0438\u043c\u0438 \u0442\u043e\u043b\u044c\u043a\u043e \u0432 \u0440\u0435\u0434\u0430\u043a\u0446\u0438\u043e\u043d\u043d\u044b\u0445 \u0446\u0435\u043b\u044f\u0445 \u043f\u0440\u0438 \u043e\u0441\u0432\u0435\u0449\u0435\u043d\u0438\u0438 \u0434\u0435\u044f\u0442\u0435\u043b\u044c\u043d\u043e\u0441\u0442\u0438 \u0433\u0440\u0443\u043f\u043f\u044b \u043a\u043e\u043c\u043f\u0430\u043d\u0438\u0439 K\u00dcBLER.<\/p>\n<p>\u041b\u044e\u0431\u043e\u0435 \u0434\u0440\u0443\u0433\u043e\u0435 \u0438\u0441\u043f\u043e\u043b\u044c\u0437\u043e\u0432\u0430\u043d\u0438\u0435 \u0440\u0430\u0437\u0440\u0435\u0448\u0435\u043d\u043e \u0442\u043e\u043b\u044c\u043a\u043e \u0441 \u043f\u0440\u0435\u0434\u0432\u0430\u0440\u0438\u0442\u0435\u043b\u044c\u043d\u043e\u0433\u043e \u043f\u0438\u0441\u044c\u043c\u0435\u043d\u043d\u043e\u0433\u043e \u0441\u043e\u0433\u043b\u0430\u0441\u0438\u044f \u043a\u043e\u043c\u043f\u0430\u043d\u0438\u0438 K\u00dcBLER GmbH. \u0412\u0441\u0435 \u0437\u0430\u043f\u0440\u043e\u0441\u044b \u043d\u0430\u043f\u0440\u0430\u0432\u043b\u044f\u0439\u0442\u0435 \u043f\u043e \u0430\u0434\u0440\u0435\u0441\u0443: <a href=\"mailto:marketing@kuebler-hallenheizungen.de\">marketing@kuebler-hallenheizungen.de<\/a>.<\/p>\n<p>\u041e\u0442\u0447\u0443\u0436\u0434\u0435\u043d\u0438\u0435 \u0438\u043b\u0438 \u0438\u043d\u043e\u0435 \u0438\u0437\u043c\u0435\u043d\u0435\u043d\u0438\u0435 \u0438\u0437\u043e\u0431\u0440\u0430\u0436\u0435\u043d\u0438\u0439 \u043d\u0435 \u0434\u043e\u043f\u0443\u0441\u043a\u0430\u0435\u0442\u0441\u044f. \u0418\u0441\u0442\u043e\u0447\u043d\u0438\u043a \u0434\u043e\u043b\u0436\u0435\u043d \u0431\u044b\u0442\u044c \u0443\u043a\u0430\u0437\u0430\u043d \u043a\u0430\u043a \"\u00a9 K\u00dcBLER GmbH Energiesparende Hallenheizungen\".<\/p>\n<p>\u041c\u044b \u0441 \u043d\u0435\u0442\u0435\u0440\u043f\u0435\u043d\u0438\u0435\u043c \u0436\u0434\u0435\u043c \u0432\u0430\u0448\u0435\u0439 \u043f\u0443\u0431\u043b\u0438\u043a\u0430\u0446\u0438\u0438 \u0438 \u043f\u0440\u043e\u0441\u0438\u043c \u0432\u0430\u0441 \u043f\u0440\u0438\u0441\u043b\u0430\u0442\u044c \u044d\u043a\u0437\u0435\u043c\u043f\u043b\u044f\u0440 \u0438\u043b\u0438 \u0441\u0441\u044b\u043b\u043a\u0443 \u043d\u0430 \u0432\u0430\u0448\u0443 \u043f\u0443\u0431\u043b\u0438\u043a\u0430\u0446\u0438\u044e \u043f\u043e \u0430\u0434\u0440\u0435\u0441\u0443: K\u00dcBLER GmbH Am Bubenpfad 1A, 67065 Ludwigshafen \u0438\u043b\u0438 <a href=\"mailto:marketing@kuebler-hallenheizungen.de\">marketing@kuebler-hallenheizungen.de<\/a><\/p>","protected":false},"excerpt":{"rendered":"<p>Verlosung Die Verlosung startet am 14.11.2025 mit der Ver\u00f6ffentlichung des Posts und endet am 17.11.2025 um 16:00 Uhr, wie auch im Post angegeben. Eine Barauszahlung oder eine \u00dcbertragung auf andere Personen ist nicht m\u00f6glich. Die Verlosung steht in keiner Verbindung zu Meta. Der Rechtsweg ist ausgeschlossen. Der Veranstalter beh\u00e4lt sich vor, die Teilnahmebedingungen jederzeit zu [&hellip;]<\/p>\n","protected":false},"author":1,"featured_media":17601,"parent":0,"menu_order":0,"comment_status":"closed","ping_status":"closed","template":"","meta":{"_acf_changed":false,"_seopress_robots_primary_cat":"","_seopress_titles_title":"Nutzungsbedingungen | K\u00fcbler Hallenheizungen","_seopress_titles_desc":"Lesen Sie die Nutzungsbedingungen f\u00fcr die Website von K\u00dcBLER. Erfahren Sie alles \u00fcber die rechtlichen Grundlagen und zur Nutzung der Inhalte.","_seopress_robots_index":"","footnotes":""},"class_list":["post-19145","page","type-page","status-publish","has-post-thumbnail","hentry"],"acf":[],"_links":{"self":[{"href":"https:\/\/www.kuebler-hallenheizungen.de\/ru\/wp-json\/wp\/v2\/pages\/19145","targetHints":{"allow":["GET"]}}],"collection":[{"href":"https:\/\/www.kuebler-hallenheizungen.de\/ru\/wp-json\/wp\/v2\/pages"}],"about":[{"href":"https:\/\/www.kuebler-hallenheizungen.de\/ru\/wp-json\/wp\/v2\/types\/page"}],"author":[{"embeddable":true,"href":"https:\/\/www.kuebler-hallenheizungen.de\/ru\/wp-json\/wp\/v2\/users\/1"}],"replies":[{"embeddable":true,"href":"https:\/\/www.kuebler-hallenheizungen.de\/ru\/wp-json\/wp\/v2\/comments?post=19145"}],"version-history":[{"count":0,"href":"https:\/\/www.kuebler-hallenheizungen.de\/ru\/wp-json\/wp\/v2\/pages\/19145\/revisions"}],"wp:featuredmedia":[{"embeddable":true,"href":"https:\/\/www.kuebler-hallenheizungen.de\/ru\/wp-json\/wp\/v2\/media\/17601"}],"wp:attachment":[{"href":"https:\/\/www.kuebler-hallenheizungen.de\/ru\/wp-json\/wp\/v2\/media?parent=19145"}],"curies":[{"name":"wp","href":"https:\/\/api.w.org\/{rel}","templated":true}]}}