{"id":217,"date":"2024-02-27T18:23:12","date_gmt":"2024-02-27T17:23:12","guid":{"rendered":"https:\/\/kuebler.werbe-sofa.de\/?page_id=217"},"modified":"2025-12-08T18:10:40","modified_gmt":"2025-12-08T17:10:40","slug":"%d0%bc%d0%b5%d1%80%d0%be%d0%bf%d1%80%d0%b8%d1%8f%d1%82%d0%b8%d1%8f-%d0%b8-%d0%b2%d1%8b%d1%81%d1%82%d0%b0%d0%b2%d0%ba%d0%b8","status":"publish","type":"page","link":"https:\/\/www.kuebler-hallenheizungen.de\/ru\/anwendungen\/events-und-ausstellungen\/","title":{"rendered":"\u0421\u043e\u0431\u044b\u0442\u0438\u044f \u0438 \u0432\u044b\u0441\u0442\u0430\u0432\u043a\u0438"},"content":{"rendered":"","protected":false},"excerpt":{"rendered":"","protected":false},"author":1,"featured_media":17523,"parent":199,"menu_order":0,"comment_status":"closed","ping_status":"closed","template":"","meta":{"_acf_changed":false,"_seopress_robots_primary_cat":"","_seopress_titles_title":"Ideale Heizung f\u00fcr Event- & Ausstellungshallen | K\u00dcBLER","_seopress_titles_desc":"Sie sorgen in Event & Ausstellungshallen f\u00fcr das ideale Raumklima: Hallenheizungen von K\u00dcBLER. Und dies au\u00dfergew\u00f6hnlich wirtschaftlich.","_seopress_robots_index":"","footnotes":""},"class_list":["post-217","page","type-page","status-publish","has-post-thumbnail","hentry"],"acf":[],"_links":{"self":[{"href":"https:\/\/www.kuebler-hallenheizungen.de\/ru\/wp-json\/wp\/v2\/pages\/217","targetHints":{"allow":["GET"]}}],"collection":[{"href":"https:\/\/www.kuebler-hallenheizungen.de\/ru\/wp-json\/wp\/v2\/pages"}],"about":[{"href":"https:\/\/www.kuebler-hallenheizungen.de\/ru\/wp-json\/wp\/v2\/types\/page"}],"author":[{"embeddable":true,"href":"https:\/\/www.kuebler-hallenheizungen.de\/ru\/wp-json\/wp\/v2\/users\/1"}],"replies":[{"embeddable":true,"href":"https:\/\/www.kuebler-hallenheizungen.de\/ru\/wp-json\/wp\/v2\/comments?post=217"}],"version-history":[{"count":0,"href":"https:\/\/www.kuebler-hallenheizungen.de\/ru\/wp-json\/wp\/v2\/pages\/217\/revisions"}],"up":[{"embeddable":true,"href":"https:\/\/www.kuebler-hallenheizungen.de\/ru\/wp-json\/wp\/v2\/pages\/199"}],"wp:featuredmedia":[{"embeddable":true,"href":"https:\/\/www.kuebler-hallenheizungen.de\/ru\/wp-json\/wp\/v2\/media\/17523"}],"wp:attachment":[{"href":"https:\/\/www.kuebler-hallenheizungen.de\/ru\/wp-json\/wp\/v2\/media?parent=217"}],"curies":[{"name":"wp","href":"https:\/\/api.w.org\/{rel}","templated":true}]}}