{"id":230,"date":"2024-02-27T18:24:54","date_gmt":"2024-02-27T17:24:54","guid":{"rendered":"https:\/\/kuebler.werbe-sofa.de\/?page_id=230"},"modified":"2025-12-08T18:13:01","modified_gmt":"2025-12-08T17:13:01","slug":"%d0%b0%d1%80%d1%85%d0%b8%d1%82%d0%b5%d0%ba%d1%82%d0%be%d1%80%d1%8b","status":"publish","type":"page","link":"https:\/\/www.kuebler-hallenheizungen.de\/ru\/anwendungen\/architekten\/","title":{"rendered":"\u0410\u0440\u0445\u0438\u0442\u0435\u043a\u0442\u043e\u0440\u044b"},"content":{"rendered":"","protected":false},"excerpt":{"rendered":"","protected":false},"author":1,"featured_media":17600,"parent":199,"menu_order":0,"comment_status":"closed","ping_status":"closed","template":"","meta":{"_acf_changed":false,"_seopress_robots_primary_cat":"","_seopress_titles_title":"Hallenheizung planen: Tipps f\u00fcr Architekten | K\u00dcBLER GmbH","_seopress_titles_desc":"Setzen Sie bei Ihren Projekten von Anfang an auf intelligente, flexibel anpassbare L\u00f6sungen. Planen Sie Ihre Hallenheizung mit K\u00dcBLER.","_seopress_robots_index":"","footnotes":""},"class_list":["post-230","page","type-page","status-publish","has-post-thumbnail","hentry"],"acf":[],"_links":{"self":[{"href":"https:\/\/www.kuebler-hallenheizungen.de\/ru\/wp-json\/wp\/v2\/pages\/230","targetHints":{"allow":["GET"]}}],"collection":[{"href":"https:\/\/www.kuebler-hallenheizungen.de\/ru\/wp-json\/wp\/v2\/pages"}],"about":[{"href":"https:\/\/www.kuebler-hallenheizungen.de\/ru\/wp-json\/wp\/v2\/types\/page"}],"author":[{"embeddable":true,"href":"https:\/\/www.kuebler-hallenheizungen.de\/ru\/wp-json\/wp\/v2\/users\/1"}],"replies":[{"embeddable":true,"href":"https:\/\/www.kuebler-hallenheizungen.de\/ru\/wp-json\/wp\/v2\/comments?post=230"}],"version-history":[{"count":0,"href":"https:\/\/www.kuebler-hallenheizungen.de\/ru\/wp-json\/wp\/v2\/pages\/230\/revisions"}],"up":[{"embeddable":true,"href":"https:\/\/www.kuebler-hallenheizungen.de\/ru\/wp-json\/wp\/v2\/pages\/199"}],"wp:featuredmedia":[{"embeddable":true,"href":"https:\/\/www.kuebler-hallenheizungen.de\/ru\/wp-json\/wp\/v2\/media\/17600"}],"wp:attachment":[{"href":"https:\/\/www.kuebler-hallenheizungen.de\/ru\/wp-json\/wp\/v2\/media?parent=230"}],"curies":[{"name":"wp","href":"https:\/\/api.w.org\/{rel}","templated":true}]}}