{"id":27777,"date":"2024-07-05T03:22:16","date_gmt":"2024-07-05T01:22:16","guid":{"rendered":"https:\/\/www.kuebler-hallenheizungen.de\/?page_id=27777"},"modified":"2025-10-17T12:39:37","modified_gmt":"2025-10-17T10:39:37","slug":"%d0%b3%d0%b0%d0%bb%d0%bb%d0%b5","status":"publish","type":"page","link":"https:\/\/www.kuebler-hallenheizungen.de\/ru\/geg-halle\/","title":{"rendered":"\u041a\u0430\u043a \u0441\u0438\u0441\u0442\u0435\u043c\u044b \u043e\u0442\u043e\u043f\u043b\u0435\u043d\u0438\u044f \u0437\u0430\u043b\u043e\u0432 \u043e\u0442\u0432\u0435\u0447\u0430\u044e\u0442 \u043d\u043e\u0432\u044b\u043c \u0442\u0440\u0435\u0431\u043e\u0432\u0430\u043d\u0438\u044f\u043c GEG"},"content":{"rendered":"","protected":false},"excerpt":{"rendered":"","protected":false},"author":1,"featured_media":17604,"parent":0,"menu_order":0,"comment_status":"closed","ping_status":"closed","template":"","meta":{"_acf_changed":false,"_seopress_robots_primary_cat":"","_seopress_titles_title":"GEG-konforme Hallenheizungen: L\u00f6sungen von K\u00dcBLER","_seopress_titles_desc":"Erfahren Sie alles \u00fcber die GEG-konforme Hallenheizung von K\u00dcBLER \u25ba Effiziente L\u00f6sungen f\u00fcr Ihre Halle gem\u00e4\u00df den neuesten Energiestandards!","_seopress_robots_index":"","footnotes":""},"class_list":["post-27777","page","type-page","status-publish","has-post-thumbnail","hentry"],"acf":[],"_links":{"self":[{"href":"https:\/\/www.kuebler-hallenheizungen.de\/ru\/wp-json\/wp\/v2\/pages\/27777","targetHints":{"allow":["GET"]}}],"collection":[{"href":"https:\/\/www.kuebler-hallenheizungen.de\/ru\/wp-json\/wp\/v2\/pages"}],"about":[{"href":"https:\/\/www.kuebler-hallenheizungen.de\/ru\/wp-json\/wp\/v2\/types\/page"}],"author":[{"embeddable":true,"href":"https:\/\/www.kuebler-hallenheizungen.de\/ru\/wp-json\/wp\/v2\/users\/1"}],"replies":[{"embeddable":true,"href":"https:\/\/www.kuebler-hallenheizungen.de\/ru\/wp-json\/wp\/v2\/comments?post=27777"}],"version-history":[{"count":0,"href":"https:\/\/www.kuebler-hallenheizungen.de\/ru\/wp-json\/wp\/v2\/pages\/27777\/revisions"}],"wp:featuredmedia":[{"embeddable":true,"href":"https:\/\/www.kuebler-hallenheizungen.de\/ru\/wp-json\/wp\/v2\/media\/17604"}],"wp:attachment":[{"href":"https:\/\/www.kuebler-hallenheizungen.de\/ru\/wp-json\/wp\/v2\/media?parent=27777"}],"curies":[{"name":"wp","href":"https:\/\/api.w.org\/{rel}","templated":true}]}}