{"id":280,"date":"2024-02-27T22:01:35","date_gmt":"2024-02-27T21:01:35","guid":{"rendered":"https:\/\/kuebler.werbe-sofa.de\/?page_id=280"},"modified":"2025-10-17T15:33:15","modified_gmt":"2025-10-17T13:33:15","slug":"%d0%be-%d0%ba%d0%be%d0%bc%d0%bf%d0%b0%d0%bd%d0%b8%d0%b8-kuebler","status":"publish","type":"page","link":"https:\/\/www.kuebler-hallenheizungen.de\/ru\/ueber-kuebler\/","title":{"rendered":"\u041e \u043a\u043e\u043c\u043f\u0430\u043d\u0438\u0438 K\u00dcBLER"},"content":{"rendered":"","protected":false},"excerpt":{"rendered":"","protected":false},"author":1,"featured_media":17033,"parent":0,"menu_order":0,"comment_status":"closed","ping_status":"closed","template":"","meta":{"_acf_changed":false,"_seopress_robots_primary_cat":"","_seopress_titles_title":"Was uns ausmacht | K\u00dcBLER GmbH","_seopress_titles_desc":"K\u00dcBLER ist Spezialist f\u00fcr die Beheizung gro\u00dfer Hallengeb\u00e4ude. Von Anfang an tun wir dies ausschlie\u00dflich mit Infrarotw\u00e4rme. Lernen Sie uns kennen!","_seopress_robots_index":"","footnotes":""},"class_list":["post-280","page","type-page","status-publish","has-post-thumbnail","hentry"],"acf":[],"_links":{"self":[{"href":"https:\/\/www.kuebler-hallenheizungen.de\/ru\/wp-json\/wp\/v2\/pages\/280","targetHints":{"allow":["GET"]}}],"collection":[{"href":"https:\/\/www.kuebler-hallenheizungen.de\/ru\/wp-json\/wp\/v2\/pages"}],"about":[{"href":"https:\/\/www.kuebler-hallenheizungen.de\/ru\/wp-json\/wp\/v2\/types\/page"}],"author":[{"embeddable":true,"href":"https:\/\/www.kuebler-hallenheizungen.de\/ru\/wp-json\/wp\/v2\/users\/1"}],"replies":[{"embeddable":true,"href":"https:\/\/www.kuebler-hallenheizungen.de\/ru\/wp-json\/wp\/v2\/comments?post=280"}],"version-history":[{"count":0,"href":"https:\/\/www.kuebler-hallenheizungen.de\/ru\/wp-json\/wp\/v2\/pages\/280\/revisions"}],"wp:featuredmedia":[{"embeddable":true,"href":"https:\/\/www.kuebler-hallenheizungen.de\/ru\/wp-json\/wp\/v2\/media\/17033"}],"wp:attachment":[{"href":"https:\/\/www.kuebler-hallenheizungen.de\/ru\/wp-json\/wp\/v2\/media?parent=280"}],"curies":[{"name":"wp","href":"https:\/\/api.w.org\/{rel}","templated":true}]}}