{"id":60,"date":"2024-02-15T03:08:37","date_gmt":"2024-02-15T02:08:37","guid":{"rendered":"https:\/\/kiefer.werbe-sofa.de\/?page_id=60"},"modified":"2026-04-24T11:15:37","modified_gmt":"2026-04-24T09:15:37","slug":"%d0%be%d1%82%d0%bf%d0%b5%d1%87%d0%b0%d1%82%d0%be%d0%ba","status":"publish","type":"page","link":"https:\/\/www.kuebler-hallenheizungen.de\/ru\/impressum\/","title":{"rendered":"\u041e\u0442\u0442\u0438\u0441\u043a"},"content":{"rendered":"<h2>\u0428\u0442\u0430\u0431-\u043a\u0432\u0430\u0440\u0442\u0438\u0440\u0430 \u043a\u043e\u043c\u043f\u0430\u043d\u0438\u0438<\/h2>\n<p><strong>K\u00dcBLER GmbH<br \/>\n<\/strong><strong>\u042d\u043d\u0435\u0440\u0433\u043e\u0441\u0431\u0435\u0440\u0435\u0433\u0430\u044e\u0449\u0438\u0435 \u0441\u0438\u0441\u0442\u0435\u043c\u044b \u043e\u0442\u043e\u043f\u043b\u0435\u043d\u0438\u044f \u0445\u043e\u043b\u043b\u0430<\/strong><\/p>\n<p>Am Bubenpfad 1a | D-67065 Ludwigshafen am Rhein<\/p>\n<p>\u0422\u0435\u043b.: +49 621 57000-0 | \u0424\u0430\u043a\u0441: +49 621 57000-57<\/p>\n<p><a href=\"mailto:kontakt@kuebler-hallenheizungen.de\"><strong>kontakt@kuebler-hallenheizungen.de<\/strong><\/a><\/p>\n<h2>\u0423\u043f\u0440\u0430\u0432\u043b\u0435\u043d\u0438\u0435<\/h2>\n<p>\u0424\u0440\u0435\u0434\u0435\u0440\u0438\u043a \u0420\u0435\u043d\u0446<\/p>\n<h3>\u0422\u043e\u0440\u0433\u043e\u0432\u044b\u0439 \u0440\u0435\u0435\u0441\u0442\u0440<\/h3>\n<p>\u0417\u0430\u0440\u0435\u0433\u0438\u0441\u0442\u0440\u0438\u0440\u043e\u0432\u0430\u043d\u043e \u0432 \u041c\u0435\u0441\u0442\u043d\u043e\u043c \u0441\u0443\u0434\u0435 \u041b\u044e\u0434\u0432\u0438\u0433\u0441\u0445\u0430\u0444\u0435\u043d\u0430 \u043f\u043e\u0434 \u043d\u043e\u043c\u0435\u0440\u043e\u043c HRB: 3379<\/p>\n<p>\u0418\u0434\u0435\u043d\u0442\u0438\u0444\u0438\u043a\u0430\u0446\u0438\u043e\u043d\u043d\u044b\u0439 \u043d\u043e\u043c\u0435\u0440 \u043d\u0430\u043b\u043e\u0433\u0430 \u0441 \u043f\u0440\u043e\u0434\u0430\u0436<\/p>\n<p>EN 149139822<\/p>\n<h2>\u041e\u0431\u0449\u0438\u0435 \u043f\u043e\u043b\u043e\u0436\u0435\u043d\u0438\u044f \u0438 \u0443\u0441\u043b\u043e\u0432\u0438\u044f<\/h2>\n<p>\u041a\u043e\u043c\u043f\u0430\u043d\u0438\u044f K\u00dcBLER GmbH \u0432\u044b\u043f\u043e\u043b\u043d\u044f\u0435\u0442 \u0437\u0430\u043a\u0430\u0437\u044b \u0438 \u043e\u043a\u0430\u0437\u044b\u0432\u0430\u0435\u0442 \u0443\u0441\u043b\u0443\u0433\u0438 \u0442\u043e\u043b\u044c\u043a\u043e \u043d\u0430 \u043e\u0441\u043d\u043e\u0432\u0430\u043d\u0438\u0438 \u0441\u0432\u043e\u0438\u0445 <a href=\"https:\/\/www.kuebler-hallenheizungen.de\/wp-content\/uploads\/2026\/04\/agb_verkauf.pdf\" target=\"_blank\" rel=\"noopener\">\u041e\u0431\u0449\u0438\u0435 \u043f\u043e\u043b\u043e\u0436\u0435\u043d\u0438\u044f \u0438 \u0443\u0441\u043b\u043e\u0432\u0438\u044f<\/a> \u043e\u0442.<\/p>\n<h2>\u041e\u0431\u0449\u0438\u0435 \u043f\u043e\u043b\u043e\u0436\u0435\u043d\u0438\u044f \u0438 \u0443\u0441\u043b\u043e\u0432\u0438\u044f \u043f\u043e\u043a\u0443\u043f\u043a\u0438<\/h2>\n<p>\u041a\u043e\u043c\u043f\u0430\u043d\u0438\u044f K\u00dcBLER GmbH \u043e\u0441\u0443\u0449\u0435\u0441\u0442\u0432\u043b\u044f\u0435\u0442 \u0437\u0430\u043a\u0443\u043f\u043a\u0438 \u0438 \u0430\u0440\u0435\u043d\u0434\u0443 \u0442\u043e\u043b\u044c\u043a\u043e \u043d\u0430 \u043e\u0441\u043d\u043e\u0432\u0430\u043d\u0438\u0438 \u0441\u0432\u043e\u0438\u0445 <a href=\"https:\/\/www.kuebler-hallenheizungen.de\/wp-content\/uploads\/2025\/02\/674_agb_einkauf_09-2017.pdf\" target=\"_blank\" rel=\"noopener\">\u041e\u0431\u0449\u0438\u0435 \u043f\u043e\u043b\u043e\u0436\u0435\u043d\u0438\u044f \u0438 \u0443\u0441\u043b\u043e\u0432\u0438\u044f \u043f\u043e\u043a\u0443\u043f\u043a\u0438<\/a>.<\/p>\n<h3>\u041f\u0440\u0430\u0432\u0430 \u043d\u0430 \u0438\u0437\u043e\u0431\u0440\u0430\u0436\u0435\u043d\u0438\u0435<\/h3>\n<p>K\u00dcBLER GmbH,<br \/>\n<a href=\"https:\/\/www.schepers-photography.de\/\" target=\"_blank\" rel=\"noopener\">Schepers-Photography.com<\/a>,<br \/>\nContrastwerkstatt - Fotolia.com,<br \/>\nSyda Productions - Fotolia.com,<br \/>\ndigital-designer - Fotolia.com,<br \/>\nPatrizia Tilly - Fotolia.com,<br \/>\nag visuell - Fotolia.com<\/p>\n<h3>\u0412\u0435\u0431-\u0440\u0430\u0437\u0440\u0430\u0431\u043e\u0442\u043a\u0430 \u0438 \u0445\u043e\u0441\u0442\u0438\u043d\u0433<\/h3>\n<p>\u0421\u0434\u0435\u043b\u0430\u043d\u043e \u0441 <span class=\"font-display text-red-500\">\u2665<\/span> \u043d\u0430 <a href=\"https:\/\/www.werbesofa.de\" target=\"_blank\" rel=\"nofollow noopener\">\u0420\u0435\u043a\u043b\u0430\u043c\u043d\u044b\u0439 \u0434\u0438\u0432\u0430\u043d<\/a><br \/>\nWerbesofa GmbH<br \/>\n\u0411\u0435\u0440\u0433\u0445\u043e\u0439\u0437\u0435\u0440-\u0428\u0442\u0440. 83<br \/>\n67354 \u0420\u0451\u043c\u0435\u0440\u0431\u0435\u0440\u0433<br \/>\n\u0413\u0435\u0440\u043c\u0430\u043d\u0438\u044f<\/p>","protected":false},"excerpt":{"rendered":"<p>Unternehmenszentrale K\u00dcBLER GmbH Energiesparende Hallenheizungen Am Bubenpfad 1a | D-67065 Ludwigshafen am Rhein Tel.: +49 621 57000-0 | Fax: +49 621 57000-57 kontakt@kuebler-hallenheizungen.de Gesch\u00e4ftsf\u00fchrung Frederic Renz Handelsregister Eingetragen beim Amtsgericht Ludwigshafen unter der HRB-Nr.: 3379 Umsatzsteuer-Identifikations-Nummer DE 149139822 Allgemeine Gesch\u00e4ftsbedingungen Die K\u00dcBLER GmbH f\u00fchrt Bestellungen und Werkleistungen nur auf Basis ihrer Allgemeinen Gesch\u00e4ftsbedingungen aus. Allgemeine [&hellip;]<\/p>\n","protected":false},"author":1,"featured_media":18888,"parent":0,"menu_order":0,"comment_status":"closed","ping_status":"closed","template":"","meta":{"_acf_changed":false,"_seopress_robots_primary_cat":"","_seopress_titles_title":"Impressum | K\u00dcBLER GmbH","_seopress_titles_desc":"Alle wichtigen Unternehmens- und Kontaktinformationen der K\u00dcBLER GmbH finden Sie in unserem Impressum.","_seopress_robots_index":"","footnotes":""},"class_list":["post-60","page","type-page","status-publish","has-post-thumbnail","hentry"],"acf":[],"_links":{"self":[{"href":"https:\/\/www.kuebler-hallenheizungen.de\/ru\/wp-json\/wp\/v2\/pages\/60","targetHints":{"allow":["GET"]}}],"collection":[{"href":"https:\/\/www.kuebler-hallenheizungen.de\/ru\/wp-json\/wp\/v2\/pages"}],"about":[{"href":"https:\/\/www.kuebler-hallenheizungen.de\/ru\/wp-json\/wp\/v2\/types\/page"}],"author":[{"embeddable":true,"href":"https:\/\/www.kuebler-hallenheizungen.de\/ru\/wp-json\/wp\/v2\/users\/1"}],"replies":[{"embeddable":true,"href":"https:\/\/www.kuebler-hallenheizungen.de\/ru\/wp-json\/wp\/v2\/comments?post=60"}],"version-history":[{"count":3,"href":"https:\/\/www.kuebler-hallenheizungen.de\/ru\/wp-json\/wp\/v2\/pages\/60\/revisions"}],"predecessor-version":[{"id":157115,"href":"https:\/\/www.kuebler-hallenheizungen.de\/ru\/wp-json\/wp\/v2\/pages\/60\/revisions\/157115"}],"wp:featuredmedia":[{"embeddable":true,"href":"https:\/\/www.kuebler-hallenheizungen.de\/ru\/wp-json\/wp\/v2\/media\/18888"}],"wp:attachment":[{"href":"https:\/\/www.kuebler-hallenheizungen.de\/ru\/wp-json\/wp\/v2\/media?parent=60"}],"curies":[{"name":"wp","href":"https:\/\/api.w.org\/{rel}","templated":true}]}}