{"id":30889,"date":"2025-07-29T12:42:29","date_gmt":"2025-07-29T10:42:29","guid":{"rendered":"https:\/\/www.kuebler-hallenheizungen.de\/?page_id=30889"},"modified":"2025-10-20T10:12:41","modified_gmt":"2025-10-20T08:12:41","slug":"informationsskyldighet-enligt-artikel-13-gdpr","status":"publish","type":"page","link":"https:\/\/www.kuebler-hallenheizungen.de\/sv\/informationspflichten-gem-art-13-dsgvo\/","title":{"rendered":"Informationsskyldighet enligt artikel 13 i GDPR"},"content":{"rendered":"<h2>Informationsskyldighet enligt artikel 13 i GDPR<\/h2>\n<p>Skyddet av dina personuppgifter \u00e4r s\u00e4rskilt viktigt f\u00f6r oss. D\u00e4rf\u00f6r behandlar vi dina personuppgifter (f\u00f6rkortat \u201edata\u201c) uteslutande p\u00e5 grundval av lagstadgade best\u00e4mmelser. Med denna integritetspolicy vill vi ge dig omfattande information om behandlingen av dina uppgifter i v\u00e5rt f\u00f6retag och de dataskyddskrav och r\u00e4ttigheter som du har r\u00e4tt till enligt artikel 13 i den europeiska allm\u00e4nna dataskyddsf\u00f6rordningen (EU GDPR).<\/p>\n<h3>1. Vem \u00e4r ansvarig f\u00f6r databehandlingen och vem kan du kontakta?<\/h3>\n<p>Ansvarig \u00e4r<\/p>\n<p>K\u00dcBLER GmbH Energibesparande uppv\u00e4rmningssystem f\u00f6r hallar<br \/>\nAm Bubenpfad 1A<br \/>\nD-67065 Ludwigshafen<br \/>\nE-post: kontakt@kuebler-hallenheizungen.de<br \/>\nTelefon: 0621 \/ 57000-0<\/p>\n<p>F\u00f6retagets dataskyddsombud \u00e4r<\/p>\n<p>Christian Volkmer<br \/>\nProjekt 29 GmbH &amp; Co. KG<br \/>\nOstengasse 14<br \/>\n93047 Regensburg<br \/>\nTelefon: 0941 2986930<br \/>\nFax: 0941 29869316<br \/>\ne-post: <a href=\"mailto:anfragen@projekt29.de\">anfragen@projekt29.de<\/a><br \/>\nInternet: <a href=\"https:\/\/www.projekt29.de\">https:\/\/www.projekt29.de<\/a><\/p>\n<h3>2. Vilka uppgifter behandlas och fr\u00e5n vilka k\u00e4llor h\u00e4rr\u00f6r dessa uppgifter?<\/h3>\n<p>Vi behandlar de uppgifter som vi har f\u00e5tt fr\u00e5n dig i samband med att ett avtal ing\u00e5s eller behandlas, p\u00e5 grundval av samtycke eller i samband med din ans\u00f6kan till oss eller i samband med din anst\u00e4llning hos oss.<\/p>\n<p>Personuppgifter omfattar f\u00f6ljande<\/p>\n<ul>\n<li>Dina stam- och kontaktuppgifter, f\u00f6r kunder t.ex. f\u00f6rnamn och efternamn, adress, kontaktuppgifter (e-postadress, telefonnummer, fax), bankuppgifter.<\/li>\n<li>F\u00f6r s\u00f6kande och anst\u00e4llda omfattar detta t.ex. f\u00f6r- och efternamn, adress, kontaktuppgifter (e-postadress, telefonnummer, fax), f\u00f6delsedatum, uppgifter fr\u00e5n CV och referenser, bankuppgifter, religi\u00f6s tillh\u00f6righet, fotografier.<\/li>\n<li>F\u00f6r aff\u00e4rspartner omfattar detta t.ex. namnet p\u00e5 deras juridiska f\u00f6retr\u00e4dare, f\u00f6retag, handelsregisternummer, momsregistreringsnummer, f\u00f6retagsnummer, adress, kontaktuppgifter (e-postadress, telefonnummer, fax), bankuppgifter.<\/li>\n<li>F\u00f6r bes\u00f6kare till v\u00e5rt f\u00f6retag inkluderar detta namn och signatur.<\/li>\n<li>F\u00f6r journalister omfattar detta f\u00f6r- och efternamn, e-postadress, faxnummer.<\/li>\n<\/ul>\n<p>D\u00e4rut\u00f6ver behandlar vi \u00e4ven f\u00f6ljande andra personuppgifter:<\/p>\n<ul>\n<li>Information om typ av och inneh\u00e5ll i avtalsdata, orderdata, f\u00f6rs\u00e4ljnings- och dokumentdata, kund- och leverant\u00f6rshistorik samt konsultdokument<\/li>\n<li>Reklam- och f\u00f6rs\u00e4ljningsdata<\/li>\n<li>Information fr\u00e5n din elektroniska kommunikation med oss (t.ex. IP-adress, inloggningsuppgifter)<\/li>\n<li>Andra uppgifter som vi har f\u00e5tt fr\u00e5n dig som en del av v\u00e5r aff\u00e4rsrelation (t.ex. vid kundm\u00f6ten)<\/li>\n<li>Uppgifter som vi sj\u00e4lva genererar fr\u00e5n stam- och kontaktuppgifter och andra uppgifter, t.ex. genom analyser av kundernas efterfr\u00e5gan och kundpotential<\/li>\n<li>Dokumentation av din samtyckesf\u00f6rklaring f\u00f6r mottagande av t.ex. nyhetsbrev.<\/li>\n<li>Fotografier tagna i samband med evenemang.<\/li>\n<\/ul>\n<h3>3. F\u00f6r vilka \u00e4ndam\u00e5l och p\u00e5 vilken r\u00e4ttslig grund behandlas uppgifterna?<\/h3>\n<p>Vi behandlar dina uppgifter i enlighet med best\u00e4mmelserna i den allm\u00e4nna dataskyddsf\u00f6rordningen (GDPR) och den federala dataskyddslagen 2018 i dess \u00e4ndrade lydelse:<\/p>\n<ul>\n<li>F\u00f6r uppfyllande av (f\u00f6r)avtalsenliga skyldigheter (art. 6.1 b GDPR):<\/li>\n<li>F\u00f6r att uppfylla r\u00e4ttsliga skyldigheter (art. 6.1 c GDPR):<\/li>\n<li>F\u00f6r att skydda ber\u00e4ttigade intressen (art. 6.1 f GDPR): Baserat p\u00e5 en intresseavv\u00e4gning kan databehandling ske ut\u00f6ver det faktiska fullg\u00f6randet av avtalet f\u00f6r att skydda v\u00e5ra legitima intressen eller tredje parts intressen.<\/li>\n<\/ul>\n<p>Inom ramen f\u00f6r ditt samtycke (artikel 6.1 a i GDPR): Om du har gett oss ditt samtycke till att behandla dina uppgifter, t.ex. f\u00f6r att skicka dig v\u00e5rt nyhetsbrev, publicera foton, t\u00e4vlingar etc.<\/p>\n<h3>4. behandling av personuppgifter f\u00f6r reklam\u00e4ndam\u00e5l<\/h3>\n<p>Du kan n\u00e4r som helst inv\u00e4nda mot anv\u00e4ndningen av dina personuppgifter f\u00f6r reklam\u00e4ndam\u00e5l, antingen i sin helhet eller f\u00f6r enskilda \u00e5tg\u00e4rder, utan att det uppst\u00e5r n\u00e5gra andra kostnader \u00e4n \u00f6verf\u00f6ringskostnaderna enligt grundpriserna.<\/p>\n<h3>5 Vem tar emot mina uppgifter?<\/h3>\n<p>Om vi anlitar en tj\u00e4nsteleverant\u00f6r f\u00f6r orderhantering f\u00f6rblir vi \u00e4nd\u00e5 ansvariga f\u00f6r skyddet av dina uppgifter. Alla personuppgiftsbitr\u00e4den \u00e4r enligt avtal skyldiga att behandla dina uppgifter konfidentiellt och att endast behandla dem inom ramen f\u00f6r tillhandah\u00e5llandet av tj\u00e4nsten. De personuppgiftsbitr\u00e4den som vi anlitar kommer att f\u00e5 dina uppgifter om de beh\u00f6ver dem f\u00f6r att utf\u00f6ra sina respektive tj\u00e4nster.<\/p>\n<h3>6 Hur l\u00e4nge kommer mina uppgifter att lagras?<\/h3>\n<p>Vi behandlar dina uppgifter till dess att aff\u00e4rsrelationen upph\u00f6r eller till dess att till\u00e4mpliga lagstadgade lagringstider l\u00f6per ut; dessutom till dess att eventuella r\u00e4ttstvister d\u00e4r uppgifterna kr\u00e4vs som bevis har avslutats.<\/p>\n<h3>7. \u00d6verf\u00f6rs personuppgifter till tredje land?<\/h3>\n<p>I princip \u00f6verf\u00f6r vi inte n\u00e5gra uppgifter till tredje land. I enskilda fall \u00f6verf\u00f6rs uppgifter endast p\u00e5 grundval av ett beslut om adekvat skyddsniv\u00e5 fr\u00e5n Europeiska kommissionen, standardavtalsklausuler, l\u00e4mpliga garantier eller ditt uttryckliga samtycke.<\/p>\n<h3>8 Vilka dataskyddsr\u00e4ttigheter har jag?<\/h3>\n<p>Du har r\u00e4tt till information, r\u00e4ttelse, radering eller begr\u00e4nsning av behandlingen av dina lagrade uppgifter, r\u00e4tt att inv\u00e4nda mot behandlingen samt r\u00e4tt till dataportabilitet och r\u00e4tt att l\u00e4mna in klagom\u00e5l i enlighet med kraven i dataskyddslagstiftningen.<\/p>\n<h4>R\u00e4tt till information:<\/h4>\n<p>Du kan beg\u00e4ra information fr\u00e5n oss om huruvida och i vilken utstr\u00e4ckning vi behandlar dina uppgifter.<\/p>\n<h4><strong>R\u00e4tt till r\u00e4ttelse:<\/strong><\/h4>\n<p>Om vi behandlar dina uppgifter som \u00e4r ofullst\u00e4ndiga eller felaktiga kan du n\u00e4r som helst beg\u00e4ra att vi r\u00e4ttar eller kompletterar dem.<\/p>\n<h4><strong>R\u00e4tt till avbest\u00e4llning:<\/strong><\/h4>\n<p>Du kan kr\u00e4va att vi raderar dina uppgifter om vi behandlar dem p\u00e5 ett olagligt s\u00e4tt eller om behandlingen inte st\u00e5r i proportion till dina legitima skyddsintressen. Observera att det kan finnas sk\u00e4l som f\u00f6rhindrar omedelbar radering, t.ex. vid lagstadgade lagringsskyldigheter.<\/p>\n<p>Oavsett om du ut\u00f6var din r\u00e4tt till radering kommer vi att radera dina uppgifter omedelbart och fullst\u00e4ndigt, f\u00f6rutsatt att det inte finns n\u00e5gon r\u00e4ttslig eller lagstadgad lagringsskyldighet som f\u00f6reskriver n\u00e5got annat.<\/p>\n<h4><strong>R\u00e4tt till begr\u00e4nsning av behandling:<\/strong><\/h4>\n<p>Du kan beg\u00e4ra att vi begr\u00e4nsar behandlingen av dina uppgifter om<br \/>\ndu bestrider uppgifternas riktighet, under en period som g\u00f6r det m\u00f6jligt f\u00f6r oss att kontrollera uppgifternas riktighet.<br \/>\nBehandlingen av uppgifterna \u00e4r olaglig, men du v\u00e4grar att f\u00e5 dem raderade och beg\u00e4r ist\u00e4llet att anv\u00e4ndningen av uppgifterna ska begr\u00e4nsas,<br \/>\nVi beh\u00f6ver inte l\u00e4ngre uppgifterna f\u00f6r det avsedda \u00e4ndam\u00e5let, men du beh\u00f6ver fortfarande dessa uppgifter f\u00f6r att h\u00e4vda eller f\u00f6rsvara r\u00e4ttsliga anspr\u00e5k, eller<br \/>\ndu har inv\u00e4nt mot behandlingen av uppgifterna.<\/p>\n<h4><strong>R\u00e4tt till dataportabilitet:<\/strong><\/h4>\n<p>Du kan beg\u00e4ra att vi f\u00f6rser dig med de uppgifter du har l\u00e4mnat till oss i ett strukturerat, allm\u00e4nt anv\u00e4nt och maskinl\u00e4sbart format och att du f\u00e5r \u00f6verf\u00f6ra dessa uppgifter till en annan personuppgiftsansvarig utan hinder fr\u00e5n oss, f\u00f6rutsatt att<br \/>\nVi behandlar dessa uppgifter p\u00e5 grundval av ett samtycke som du har gett och som kan \u00e5terkallas eller f\u00f6r att fullg\u00f6ra ett avtal mellan oss, och<br \/>\nDenna behandling sker med hj\u00e4lp av automatiserade f\u00f6rfaranden.<br \/>\nOm det \u00e4r tekniskt m\u00f6jligt kan du beg\u00e4ra att vi \u00f6verf\u00f6r dina uppgifter direkt till en annan personuppgiftsansvarig.<\/p>\n<h4><strong>R\u00e4tt att g\u00f6ra inv\u00e4ndningar:<\/strong><\/h4>\n<p>Om vi behandlar dina uppgifter p\u00e5 grundval av ett ber\u00e4ttigat intresse kan du n\u00e4r som helst inv\u00e4nda mot denna databehandling; detta g\u00e4ller \u00e4ven profilering som baseras p\u00e5 dessa best\u00e4mmelser. Vi kommer d\u00e5 inte l\u00e4ngre att behandla dina uppgifter om vi inte kan p\u00e5visa tvingande ber\u00e4ttigade sk\u00e4l f\u00f6r behandlingen som v\u00e4ger tyngre \u00e4n dina intressen, r\u00e4ttigheter och friheter eller om behandlingen tj\u00e4nar till att fastst\u00e4lla, ut\u00f6va eller f\u00f6rsvara r\u00e4ttsliga anspr\u00e5k. Du kan n\u00e4r som helst inv\u00e4nda mot behandling av dina uppgifter f\u00f6r direktreklam utan att ange sk\u00e4l.<br \/>\nR\u00e4tt att \u00f6verklaga:<br \/>\nOm du anser att vi bryter mot tysk eller europeisk dataskyddslagstiftning n\u00e4r vi behandlar dina uppgifter, v\u00e4nligen kontakta oss s\u00e5 att vi kan klarg\u00f6ra eventuella fr\u00e5gor du kan ha. Naturligtvis har du ocks\u00e5 r\u00e4tt att kontakta den tillsynsmyndighet som ansvarar f\u00f6r dig, respektive delstatskontor f\u00f6r dataskyddstillsyn.<\/p>\n<p>Om du vill g\u00f6ra n\u00e5gon av dessa r\u00e4ttigheter g\u00e4llande mot oss, v\u00e4nligen kontakta v\u00e5rt dataskyddsombud. I tveksamma fall kan vi komma att beg\u00e4ra ytterligare information f\u00f6r att bekr\u00e4fta din identitet.<\/p>\n<h3>9. \u00c4r jag skyldig att l\u00e4mna uppgifter?<\/h3>\n<p>Behandlingen av dina uppgifter \u00e4r n\u00f6dv\u00e4ndig f\u00f6r att vi ska kunna ing\u00e5 eller fullg\u00f6ra det avtal som du har ing\u00e5tt med oss. Om du inte tillhandah\u00e5ller oss dessa uppgifter m\u00e5ste vi i allm\u00e4nhet v\u00e4gra att ing\u00e5 avtalet eller inte l\u00e4ngre kunna uppfylla ett befintligt avtal och m\u00e5ste d\u00e4rf\u00f6r s\u00e4ga upp det. Du \u00e4r dock inte skyldig att ge ditt samtycke till databehandling n\u00e4r det g\u00e4ller uppgifter som inte \u00e4r relevanta eller juridiskt n\u00f6dv\u00e4ndiga f\u00f6r att fullg\u00f6ra avtalet.<\/p>\n<h2>Kontakta oss<\/h2>\n<p>N\u00e4r du kontaktar oss (t.ex. via kontaktformul\u00e4r, e-post, telefon eller sociala medier) kommer uppgifterna om de personer som st\u00e4ller fr\u00e5gor att behandlas i den m\u00e5n det \u00e4r n\u00f6dv\u00e4ndigt f\u00f6r att besvara kontaktf\u00f6rfr\u00e5gningarna och eventuella beg\u00e4rda \u00e5tg\u00e4rder.<\/p>\n<p>Svar p\u00e5 kontaktf\u00f6rfr\u00e5gningar inom ramen f\u00f6r avtalsf\u00f6rh\u00e5llanden eller f\u00f6rh\u00e5llanden f\u00f6re avtalsf\u00f6rh\u00e5llanden utf\u00f6rs f\u00f6r att uppfylla v\u00e5ra avtalsf\u00f6rpliktelser eller f\u00f6r att svara p\u00e5 (f\u00f6r)avtalsf\u00f6rfr\u00e5gningar och i \u00f6vrigt p\u00e5 grundval av det legitima intresset av att svara p\u00e5 f\u00f6rfr\u00e5gningarna.<\/p>\n<ul>\n<li>Behandlade datatyper: Lagerdata (t.ex. namn, adresser), kontaktdata (t.ex. e-post, telefonnummer), inneh\u00e5llsdata (t.ex. inmatningar i onlineformul\u00e4r).<\/li>\n<li>Ber\u00f6rda personer: Kommunikationspartner.<\/li>\n<li>\u00c4ndam\u00e5l med behandlingen: Kontaktf\u00f6rfr\u00e5gningar och kommunikation.<\/li>\n<li>R\u00e4ttslig grund: Fullg\u00f6rande av avtal och f\u00f6rfr\u00e5gningar f\u00f6re avtal (art. 6.1 b i GDPR), ber\u00e4ttigade intressen (art. 6.1 f i GDPR).<\/li>\n<\/ul>\n<h2>Information om dataskydd vid hantering av s\u00f6kande i enlighet med artikel 13 i GDPR<\/h2>\n<p>Personuppgifter samlas in fr\u00e5n dig inom ramen f\u00f6r anst\u00e4llningsf\u00f6rh\u00e5llandet. P\u00e5 grund av de nya best\u00e4mmelserna i den allm\u00e4nna dataskyddsf\u00f6rordningen (GDPR) \u00e4r vi d\u00e4rf\u00f6r skyldiga att informera dig i enlighet med artikel 13 och f\u00f6ljande. GDPR f\u00f6r att informera dig om f\u00f6ljande:<\/p>\n<ul>\n<li>Din arbetsgivare \u00e4r ansvarig f\u00f6r insamling och behandling av dina uppgifter:<br \/>\nK\u00dcBLER GmbH Energiesparende Hallenheizungen f\u00f6retr\u00e4dd av Thomas K\u00fcbler<br \/>\nAm Bubenpfad 1a, 67065 Ludwigshafen<br \/>\nTelefon: 0621 \/ 57000-0<br \/>\nFax: 0621 \/ 57000-57<br \/>\ne-post: <a href=\"mailto:zukunft@kuebler-hallenheizungen.de\">zukunft@kuebler-hallenheizungen.de<\/a><\/li>\n<li>Kontaktuppgifterna till v\u00e5rt dataskyddsombud \u00e4r<br \/>\nProjekt 29 GmbH &amp; Co. KG<br \/>\nOstengasse 14<br \/>\n0941 \/ 2986930<br \/>\n0941 \/ 29869316<br \/>\n<a href=\"mailto:anfragen@projekt29.de\">anfragen@projekt29.de<\/a><\/li>\n<li>Dina uppgifter kommer att samlas in och behandlas som en del av rekryteringsprocessen och f\u00f6r anst\u00e4llningsf\u00f6rh\u00e5llandets syften.<\/li>\n<li>De uppgifter som kr\u00e4vs \u00e4r i synnerhet dina stamuppgifter (s\u00e4rskilt f\u00f6r- och efternamn, namntill\u00e4gg, nationalitet), dina kontaktuppgifter (s\u00e4rskilt privatadress, mobil- och fastnummer, e-postadress), andra uppgifter fr\u00e5n anst\u00e4llningsf\u00f6rh\u00e5llandet, s\u00e5som tidrapporteringsuppgifter, semesterperioder, perioder av arbetsof\u00f6rm\u00e5ga, kompetensuppgifter, sociala uppgifter, bankuppgifter, personnummer, pensionsf\u00f6rs\u00e4kringsnummer, l\u00f6neuppgifter, skatteidentifikationsnummer, s\u00e4rskilda h\u00e4lsouppgifter och, i f\u00f6rekommande fall, brottsregister) samt logguppgifter som genereras n\u00e4r IT-systemen anv\u00e4nds.<\/li>\n<li>Inom v\u00e5rt f\u00f6retag kommer dina personuppgifter endast att tas emot av de personer som beh\u00f6ver dem f\u00f6r att uppfylla v\u00e5ra avtalsenliga och lagstadgade skyldigheter, till exempel HR-avdelningen, ekonomiavdelningen, specialistavdelningen, f\u00f6retagsr\u00e5det eller representationsorganet f\u00f6r anst\u00e4llda med allvarliga funktionshinder.<\/li>\n<li>Inom v\u00e5r f\u00f6retagsgrupp kommer dina uppgifter att \u00f6verf\u00f6ras till vissa f\u00f6retag om de utf\u00f6r databehandlingsuppgifter centralt f\u00f6r de anslutna f\u00f6retagen i gruppen (t.ex. l\u00f6nebokf\u00f6ring, bortskaffande av filer).<\/li>\n<li>Om vi anv\u00e4nder tj\u00e4nsteleverant\u00f6rer f\u00f6r att uppfylla v\u00e5ra avtalsenliga och juridiska skyldigheter kommer de ocks\u00e5 att f\u00e5 n\u00f6dv\u00e4ndiga uppgifter.<\/li>\n<li>Utanf\u00f6r f\u00f6retaget \u00f6verf\u00f6r vi dina uppgifter till andra mottagare i den m\u00e5n det \u00e4r n\u00f6dv\u00e4ndigt f\u00f6r att uppfylla v\u00e5ra avtalsenliga och r\u00e4ttsliga skyldigheter. Dessa \u00e4r i synnerhet socialf\u00f6rs\u00e4kringsinstitutioner, sjukf\u00f6rs\u00e4kring, pensionsf\u00f6rs\u00e4kring, yrkespensionssystem, arbetsf\u00f6rmedlingen, arbetsgivarnas ansvarsf\u00f6rs\u00e4kringsf\u00f6rening, skattemyndigheter, olycksfalls- och ansvarsf\u00f6rs\u00e4kringsbolag, domstolar, banker, beh\u00f6riga organ f\u00f6r att garantera fordringar fr\u00e5n f\u00f6retagets pensionssystem eller kapitalbildande f\u00f6rm\u00e5ner, tredje part g\u00e4lden\u00e4rer i h\u00e4ndelse av l\u00f6neutm\u00e4tning eller insolvensf\u00f6rvaltare i h\u00e4ndelse av personlig insolvens.<\/li>\n<li>Dina uppgifter kommer inte att \u00f6verf\u00f6ras till ett tredje land.<\/li>\n<li>Vi behandlar dina personuppgifter i enlighet med alla till\u00e4mpliga lagar, t.ex. GDPR, den federala dataskyddslagen (BDSG), lagen om f\u00f6retagsstrukturer, arbetstidslagen osv.<\/li>\n<\/ul>\n<p>Det prim\u00e4ra syftet med databehandlingen \u00e4r att etablera, genomf\u00f6ra och avsluta anst\u00e4llningsf\u00f6rh\u00e5llandet. Den relevanta r\u00e4ttsliga grunden f\u00f6r detta \u00e4r art. 6 para. 1 b) GDPR i samband med \u00a7 26 para. 1 BDSG. 26 \u00a7 f\u00f6rsta stycket 1 BDSG. Dessutom kan kollektivavtal (gruppavtal, allm\u00e4nna avtal och f\u00f6retagsavtal samt kollektivavtal) enligt art. 6.1 b) i f\u00f6rening med art. 88.1 GDPR anv\u00e4ndas. Art. 88.1 GDPR j\u00e4mf\u00f6rd med. \u00a7 26.4 BDSG och, i f\u00f6rekommande fall, dina separata samtycken enligt artikel 6.1 a, 7 GDPR j\u00e4mf\u00f6rd med \u00a7 26.2 BDSG. \u00a7 26.2 BDSG (t.ex. vid videoinspelningar) som best\u00e4mmelse om dataskyddsgodk\u00e4nnande.<\/p>\n<p>Vi behandlar ocks\u00e5 dina uppgifter f\u00f6r att uppfylla v\u00e5ra r\u00e4ttsliga skyldigheter som arbetsgivare, s\u00e4rskilt inom skatte- och socialf\u00f6rs\u00e4kringslagstiftningen. Detta sker p\u00e5 grundval av artikel 6.1 c i GDPR i kombination med. \u00a7 26 BDSG.<\/p>\n<p>Vid behov behandlar vi \u00e4ven dina uppgifter p\u00e5 grundval av artikel 6.1 f) i GDPR f\u00f6r att skydda v\u00e5ra eller tredje parts (t.ex. myndigheters) ber\u00e4ttigade intressen. Detta g\u00e4ller s\u00e4rskilt f\u00f6r utredning av brott (r\u00e4ttslig grund \u00a7 26 stycke 1 mening 2 BDSG) eller inom koncernen f\u00f6r koncernledning, intern kommunikation och andra administrativa syften.<\/p>\n<p>I den m\u00e5n s\u00e4rskilda kategorier av personuppgifter behandlas i enlighet med art. 9.1 GDPR, sker detta f\u00f6r att ut\u00f6va r\u00e4ttigheter eller fullg\u00f6ra r\u00e4ttsliga skyldigheter enligt arbetsr\u00e4tten, socialf\u00f6rs\u00e4kringsr\u00e4tten och socialskyddsr\u00e4tten (t.ex. l\u00e4mna h\u00e4lsouppgifter till sjukf\u00f6rs\u00e4kringsbolaget, registrera allvarlig funktionsneds\u00e4ttning p\u00e5 grund av extra ledighet och fastst\u00e4lla avgiften f\u00f6r allvarligt funktionsnedsatta) inom ramen f\u00f6r anst\u00e4llningsf\u00f6rh\u00e5llandet. Detta sker p\u00e5 grundval av artikel 9.2 b) i GDPR i kombination med. \u00a7 26 paragraf 3 BDSG. Dessutom behandling av h\u00e4lsouppgifter f\u00f6r bed\u00f6mning av din arbetsf\u00f6rm\u00e5ga i enlighet med artikel 9.2 h) i samband med \u00a7 22.1 b) BDSG. 22 \u00a7 punkt 1 b) BDSG kan vara n\u00f6dv\u00e4ndig.<\/p>\n<p>Dessutom kan behandlingen av s\u00e4rskilda kategorier av personuppgifter baseras p\u00e5 samtycke i enlighet med artikel 9.2 a) i GDPR i kombination med \u00a7 26.2 i BDSG (t.ex. f\u00f6retagsh\u00e4lsov\u00e5rd). \u00a7 26.2 BDSG (t.ex. f\u00f6retagsh\u00e4lsov\u00e5rd).<\/p>\n<p>Om vi vill behandla dina personuppgifter f\u00f6r ett \u00e4ndam\u00e5l som inte n\u00e4mns ovan kommer vi att informera dig om detta i f\u00f6rv\u00e4g.<\/p>\n<ul>\n<li>Om din jobbans\u00f6kan avsl\u00e5s kommer de uppgifter du har l\u00e4mnat att raderas sex m\u00e5nader efter att vi har meddelat dig om avslaget. Detta g\u00e4ller inte om en l\u00e4ngre lagring \u00e4r n\u00f6dv\u00e4ndig p\u00e5 grund av lagstadgade krav (t.ex. bevisb\u00f6rdan enligt den allm\u00e4nna likabehandlingslagen) eller om du uttryckligen har samtyckt till en l\u00e4ngre lagring i v\u00e5r databas \u00f6ver intresserade parter.<\/li>\n<li>Lagringsperioden f\u00f6r de uppgifter som samlas in \u00e4r begr\u00e4nsad till anst\u00e4llningsf\u00f6rh\u00e5llandet. Vi raderar dina personuppgifter s\u00e5 snart de inte l\u00e4ngre beh\u00f6vs f\u00f6r ovan n\u00e4mnda \u00e4ndam\u00e5l. Efter anst\u00e4llningsf\u00f6rh\u00e5llandets upph\u00f6rande lagras och raderas uppgifterna i enlighet med lagstadgade eller officiella lagringstider, som bland annat f\u00f6ljer av den tyska handelslagen och den tyska skattelagen. Lagringsperioderna \u00e4r d\u00e4refter upp till tio \u00e5r. Personuppgifter kan dessutom lagras under den lagstadgade preskriptionstiden p\u00e5 tre eller upp till 30 \u00e5r om krav kan g\u00f6ras g\u00e4llande mot oss.<\/li>\n<li>Du har r\u00e4tt att f\u00e5 information fr\u00e5n din arbetsgivare om vilka personuppgifter som finns lagrade om dig. Under vissa f\u00f6ruts\u00e4ttningar kan du beg\u00e4ra att dina uppgifter r\u00e4ttas eller raderas. Du kan ocks\u00e5 ha r\u00e4tt att begr\u00e4nsa behandlingen av dina uppgifter och r\u00e4tt att f\u00e5 de uppgifter du har l\u00e4mnat i ett strukturerat, allm\u00e4nt anv\u00e4nt och maskinl\u00e4sbart format.<\/li>\n<\/ul>\n<h3>R\u00e4tt att g\u00f6ra inv\u00e4ndningar:<\/h3>\n<p>Du har ocks\u00e5 r\u00e4tt att inv\u00e4nda mot behandling av dina personuppgifter f\u00f6r direktmarknadsf\u00f6ring utan att ange sk\u00e4l. Om vi behandlar dina uppgifter f\u00f6r att skydda ber\u00e4ttigade intressen kan du inv\u00e4nda mot denna behandling av sk\u00e4l som h\u00e4nf\u00f6r sig till din s\u00e4rskilda situation. Vi kommer d\u00e5 inte l\u00e4ngre att behandla dina personuppgifter om vi inte kan p\u00e5visa tvingande ber\u00e4ttigade sk\u00e4l f\u00f6r behandlingen som v\u00e4ger tyngre \u00e4n dina intressen, r\u00e4ttigheter och friheter eller om behandlingen tj\u00e4nar till att fastst\u00e4lla, g\u00f6ra g\u00e4llande eller f\u00f6rsvara r\u00e4ttsliga anspr\u00e5k.<\/p>\n<ul>\n<li>Du har r\u00e4tt att l\u00e4mna in ett klagom\u00e5l om hanteringen av dina personuppgifter till det ovann\u00e4mnda dataskyddsombudet eller tillsynsmyndigheten f\u00f6r dataskydd. Den tillsynsmyndighet som ansvarar f\u00f6r dig \u00e4r (f\u00f6r f\u00f6retag baserade i Rheinland-Pfalz):<br \/>\nH\u00f6gsta tillsynsmyndigheten<br \/>\nInrikes- och idrottsministeriet<br \/>\nSchillerplatz 3 - 5<br \/>\n55116 Mainz<br \/>\nTelefon: 06131\/163259<br \/>\nFax: 06131\/163369<\/li>\n<li>Tillhandah\u00e5llandet av personuppgifter \u00e4r n\u00f6dv\u00e4ndigt f\u00f6r att etablera, genomf\u00f6ra och avsluta anst\u00e4llningsf\u00f6rh\u00e5llandet och utg\u00f6r en sekund\u00e4r avtalsf\u00f6rpliktelse f\u00f6r den anst\u00e4llde. Om vi inte f\u00e5r de uppgifter som kr\u00e4vs kommer det inte att vara m\u00f6jligt att fullf\u00f6lja anst\u00e4llningsf\u00f6rh\u00e5llandet med dig.<\/li>\n<\/ul>","protected":false},"excerpt":{"rendered":"<p>Informationspflichten gem. Art. 13 DSGVO Der Schutz Ihrer pers\u00f6nlichen Daten ist uns ein besonderes Anliegen. Wir verarbeiten Ihre personenbezogenen Daten (kurz \u201eDaten\u201c) daher ausschlie\u00dflich auf Grundlage der gesetzlichen Bestimmungen. Mit dieser Datenschutzerkl\u00e4rung wollen wir Sie \u00fcber die Verarbeitung Ihrer Daten in unserem Unternehmen und die Ihnen zustehenden datenschutzrechtlichen Anspr\u00fcche und Rechte umfassend im Sinne des [&hellip;]<\/p>\n","protected":false},"author":1,"featured_media":0,"parent":0,"menu_order":0,"comment_status":"closed","ping_status":"closed","template":"","meta":{"_acf_changed":false,"_seopress_robots_primary_cat":"","_seopress_titles_title":"Informationspflichten gem. Art. 13 DSGVO | K\u00dcBLER GmbH","_seopress_titles_desc":"Der Schutz Ihrer pers\u00f6nlichen Daten ist uns ein besonderes Anliegen. Wir verarbeiten diese auf Grundlage der gesetzlichen Bestimmungen.","_seopress_robots_index":"","footnotes":""},"class_list":["post-30889","page","type-page","status-publish","hentry"],"acf":[],"_links":{"self":[{"href":"https:\/\/www.kuebler-hallenheizungen.de\/sv\/wp-json\/wp\/v2\/pages\/30889","targetHints":{"allow":["GET"]}}],"collection":[{"href":"https:\/\/www.kuebler-hallenheizungen.de\/sv\/wp-json\/wp\/v2\/pages"}],"about":[{"href":"https:\/\/www.kuebler-hallenheizungen.de\/sv\/wp-json\/wp\/v2\/types\/page"}],"author":[{"embeddable":true,"href":"https:\/\/www.kuebler-hallenheizungen.de\/sv\/wp-json\/wp\/v2\/users\/1"}],"replies":[{"embeddable":true,"href":"https:\/\/www.kuebler-hallenheizungen.de\/sv\/wp-json\/wp\/v2\/comments?post=30889"}],"version-history":[{"count":0,"href":"https:\/\/www.kuebler-hallenheizungen.de\/sv\/wp-json\/wp\/v2\/pages\/30889\/revisions"}],"wp:attachment":[{"href":"https:\/\/www.kuebler-hallenheizungen.de\/sv\/wp-json\/wp\/v2\/media?parent=30889"}],"curies":[{"name":"wp","href":"https:\/\/api.w.org\/{rel}","templated":true}]}}