{"id":60,"date":"2024-02-15T03:08:37","date_gmt":"2024-02-15T02:08:37","guid":{"rendered":"https:\/\/kiefer.werbe-sofa.de\/?page_id=60"},"modified":"2026-04-24T11:15:37","modified_gmt":"2026-04-24T09:15:37","slug":"avtryck","status":"publish","type":"page","link":"https:\/\/www.kuebler-hallenheizungen.de\/sv\/impressum\/","title":{"rendered":"Avtryck"},"content":{"rendered":"<h2>F\u00f6retagets huvudkontor<\/h2>\n<p><strong>K\u00dcBLER GmbH<br \/>\n<\/strong><strong>Energibesparande uppv\u00e4rmningssystem f\u00f6r hallar<\/strong><\/p>\n<p>Am Bubenpfad 1a | D-67065 Ludwigshafen am Rhein<\/p>\n<p>Telefon: +49 621 57000-0 | Fax: +49 621 57000-57<\/p>\n<p><a href=\"mailto:kontakt@kuebler-hallenheizungen.de\"><strong>kontakt@kuebler-hallenheizungen.de<\/strong><\/a><\/p>\n<h2>F\u00f6rvaltning<\/h2>\n<p>Frederic Renz<\/p>\n<h3>Handelsregister<\/h3>\n<p>Registrerad vid Ludwigshafen lokala domstol under HRB nr: 3379<\/p>\n<p>Identifikationsnummer f\u00f6r f\u00f6rs\u00e4ljningsskatt<\/p>\n<p>SV 149139822<\/p>\n<h2>Allm\u00e4nna villkor och best\u00e4mmelser<\/h2>\n<p>K\u00dcBLER GmbH utf\u00f6r endast best\u00e4llningar och arbetstj\u00e4nster p\u00e5 grundval av sina <a href=\"https:\/\/www.kuebler-hallenheizungen.de\/wp-content\/uploads\/2026\/04\/agb_verkauf.pdf\" target=\"_blank\" rel=\"noopener\">Allm\u00e4nna villkor och best\u00e4mmelser<\/a> fr\u00e5n.<\/p>\n<h2>Allm\u00e4nna villkor och best\u00e4mmelser f\u00f6r k\u00f6p<\/h2>\n<p>K\u00dcBLER GmbH genomf\u00f6r endast ink\u00f6p och uthyrning p\u00e5 grundval av sina <a href=\"https:\/\/www.kuebler-hallenheizungen.de\/wp-content\/uploads\/2025\/02\/674_agb_einkauf_09-2017.pdf\" target=\"_blank\" rel=\"noopener\">Allm\u00e4nna villkor och best\u00e4mmelser f\u00f6r k\u00f6p<\/a>.<\/p>\n<h3>Bildr\u00e4ttigheter<\/h3>\n<p>K\u00dcBLER GmbH,<br \/>\n<a href=\"https:\/\/www.schepers-photography.de\/\" target=\"_blank\" rel=\"noopener\">Schepers-fotografering.com<\/a>,<br \/>\nContrastwerkstatt - Fotolia.com,<br \/>\nSyda Productions - Fotolia.com,<br \/>\ndigital-designer - Fotolia.com,<br \/>\nPatrizia Tilly - Fotolia.com,<br \/>\nag visuell - Fotolia.com<\/p>\n<h3>Webbutveckling &amp; hosting<\/h3>\n<p>Tillverkad med <span class=\"font-display text-red-500\">\u2665<\/span> av <a href=\"https:\/\/www.werbesofa.de\" target=\"_blank\" rel=\"nofollow noopener\">Annonsering soffa<\/a><br \/>\nWerbesofa GmbH<br \/>\nBergh\u00e4user-Str. 83<br \/>\n67354 R\u00f6merberg<br \/>\nTyskland<\/p>","protected":false},"excerpt":{"rendered":"<p>Unternehmenszentrale K\u00dcBLER GmbH Energiesparende Hallenheizungen Am Bubenpfad 1a | D-67065 Ludwigshafen am Rhein Tel.: +49 621 57000-0 | Fax: +49 621 57000-57 kontakt@kuebler-hallenheizungen.de Gesch\u00e4ftsf\u00fchrung Frederic Renz Handelsregister Eingetragen beim Amtsgericht Ludwigshafen unter der HRB-Nr.: 3379 Umsatzsteuer-Identifikations-Nummer DE 149139822 Allgemeine Gesch\u00e4ftsbedingungen Die K\u00dcBLER GmbH f\u00fchrt Bestellungen und Werkleistungen nur auf Basis ihrer Allgemeinen Gesch\u00e4ftsbedingungen aus. Allgemeine [&hellip;]<\/p>\n","protected":false},"author":1,"featured_media":18888,"parent":0,"menu_order":0,"comment_status":"closed","ping_status":"closed","template":"","meta":{"_acf_changed":false,"_seopress_robots_primary_cat":"","_seopress_titles_title":"Impressum | K\u00dcBLER GmbH","_seopress_titles_desc":"Alle wichtigen Unternehmens- und Kontaktinformationen der K\u00dcBLER GmbH finden Sie in unserem Impressum.","_seopress_robots_index":"","footnotes":""},"class_list":["post-60","page","type-page","status-publish","has-post-thumbnail","hentry"],"acf":[],"_links":{"self":[{"href":"https:\/\/www.kuebler-hallenheizungen.de\/sv\/wp-json\/wp\/v2\/pages\/60","targetHints":{"allow":["GET"]}}],"collection":[{"href":"https:\/\/www.kuebler-hallenheizungen.de\/sv\/wp-json\/wp\/v2\/pages"}],"about":[{"href":"https:\/\/www.kuebler-hallenheizungen.de\/sv\/wp-json\/wp\/v2\/types\/page"}],"author":[{"embeddable":true,"href":"https:\/\/www.kuebler-hallenheizungen.de\/sv\/wp-json\/wp\/v2\/users\/1"}],"replies":[{"embeddable":true,"href":"https:\/\/www.kuebler-hallenheizungen.de\/sv\/wp-json\/wp\/v2\/comments?post=60"}],"version-history":[{"count":3,"href":"https:\/\/www.kuebler-hallenheizungen.de\/sv\/wp-json\/wp\/v2\/pages\/60\/revisions"}],"predecessor-version":[{"id":157115,"href":"https:\/\/www.kuebler-hallenheizungen.de\/sv\/wp-json\/wp\/v2\/pages\/60\/revisions\/157115"}],"wp:featuredmedia":[{"embeddable":true,"href":"https:\/\/www.kuebler-hallenheizungen.de\/sv\/wp-json\/wp\/v2\/media\/18888"}],"wp:attachment":[{"href":"https:\/\/www.kuebler-hallenheizungen.de\/sv\/wp-json\/wp\/v2\/media?parent=60"}],"curies":[{"name":"wp","href":"https:\/\/api.w.org\/{rel}","templated":true}]}}